{"id":10124,"date":"2025-04-16T07:28:24","date_gmt":"2025-04-16T07:28:24","guid":{"rendered":"https:\/\/neelayurvedics.es\/?post_type=product&#038;p=10124"},"modified":"2025-04-16T07:29:29","modified_gmt":"2025-04-16T07:29:29","slug":"himalaya-althea-locion-100-ml","status":"publish","type":"product","link":"https:\/\/neelayurvedics.es\/?product=himalaya-althea-locion-100-ml","title":{"rendered":"Himalaya Althea Locion &#8211; 100 ML | Para Hidratar Pieles Secas Y Sensibles"},"content":{"rendered":"<p>Himalaya Althea Lotion es una loci\u00f3n humectante a base de hierbas que ha ganado popularidad por su capacidad para calmar e hidratar la piel seca y sensible. Es un producto de Himalaya Drug Company, un fabricante indio l\u00edder de productos herbales para el cuidado de la piel y el cuidado de la piel que existe desde hace m\u00e1s de 90 a\u00f1os.<\/p>\n<p>Adem\u00e1s, The Himalaya Drug Company siempre ha enfatizado el uso de ingredientes naturales en sus productos. La filosof\u00eda de la empresa se basa en la antigua ciencia india del Ayurveda, que hace hincapi\u00e9 en el uso de hierbas e ingredientes naturales para promover la salud y el bienestar.<\/p>\n<p>Otra, The Himalaya Althea Lotion no es una excepci\u00f3n. Ayuda a hidratar la piel y reducir la inflamaci\u00f3n, lo que lo convierte en un ingrediente excelente para las personas con piel sensible.<\/p>\n<h3>Beneficios de los ingredientes: &#8211;<\/h3>\n<div class=\"product-block product-block--tab\">\n<div class=\"collapsibles-wrapper collapsibles-wrapper--border-bottom\">\n<div id=\"Product-content-b73277ab-0115-4325-9483-2f521b4a32544163985440867\" class=\"collapsible-content collapsible-content--all is-open\">\n<div class=\"collapsible-content__inner rte\">\n<ul>\n<li>El kokum (Garcinia indica) tiene un efecto emoliente y rellena los espacios entre las escamas de la piel, reduce la p\u00e9rdida de agua transepid\u00e9rmica y mejora la funci\u00f3n de barrera epid\u00e9rmica, ayudando as\u00ed a mantener la hidrataci\u00f3n y la integridad de la piel.<\/li>\n<li>Kumari (Aloe vera) act\u00faa como humectante facilitando la transferencia de humedad a la piel, y por lo tanto mejora la hidrataci\u00f3n de la piel.<\/li>\n<li>Arroz (Oryza sativa) Las ceramidas \u00fanicas y naturales del salvado de arroz ayudan a reponer los l\u00edpidos de la piel, aumentan significativamente el contenido de agua en el estrato c\u00f3rneo (la capa m\u00e1s externa de la piel), reducen significativamente la p\u00e9rdida de agua transepid\u00e9rmica y restauran la funci\u00f3n efectiva de barrera de la piel.<\/li>\n<li>El coco (Cocos nucifera) inhibe la respuesta inflamatoria y ayuda a modular la respuesta inmunitaria de la piel.<\/li>\n<\/ul>\n<\/div>\n<\/div>\n<\/div>\n<\/div>\n<div class=\"product-block product-block--tab\">\n<div class=\"collapsibles-wrapper collapsibles-wrapper--border-bottom\">\n<h3>Instrucciones de uso\u00a0:-<\/h3>\n<ul>\n<li>Aplicar en abundante cantidad y masajear suavemente sobre el rostro y el cuerpo limpios, al menos dos veces al d\u00eda.<\/li>\n<li>Uso bajo supervisi\u00f3n m\u00e9dica.<\/li>\n<\/ul>\n<\/div>\n<div class=\"collapsibles-wrapper collapsibles-wrapper--border-bottom\">Adem\u00e1s, Althea hidrata y calma la piel seca, inflamada y con picaz\u00f3n. Althea repone los l\u00edpidos cr\u00edticos de la piel, restaura la hidrataci\u00f3n de la piel y apoya la integridad de la barrera natural de la piel. Mejora la apariencia de la piel y promueve una piel m\u00e1s suave y de aspecto m\u00e1s saludable. Althea no es pegajoso, no mancha y no contiene aceites minerales, parabenos, fragancias ni colorantes artificiales. La tableta Himalaya Abana se utiliza para apoyar el coraz\u00f3n.<\/div>\n<\/div>\n<div><\/div>\n<div>Sin embargo, siempre se recomienda consultar a un proveedor de atenci\u00f3n m\u00e9dica antes de tomar cualquier suplemento o medicamento nuevo, incluida la tableta Himalaya Abana.<\/div>\n","protected":false},"excerpt":{"rendered":"<p>La loci\u00f3n Himalaya Althea contiene Kokum (Garcinia indica), Aloe vera (Kumari), Arroz (Oryza sativa) y Coco (Cocos nucifera). Se aconseja para el tratamiento de la xerosis (sequedad anormal de la piel).<\/p>\n<p>Althea hidrata y calma la piel seca, irritada y con picaz\u00f3n. Althea reemplaza los l\u00edpidos vitales de la piel, restaura la humedad de la piel y ayuda a mantener la integridad de la barrera natural de la piel. Mejora la apariencia de la piel y promueve una piel m\u00e1s suave y de aspecto m\u00e1s saludable<\/p>\n","protected":false},"featured_media":10125,"comment_status":"open","ping_status":"closed","template":"","meta":[],"product_brand":[],"product_cat":[200,279,195],"product_tag":[],"class_list":{"0":"post-10124","1":"product","2":"type-product","3":"status-publish","4":"has-post-thumbnail","6":"product_cat-marca","7":"product_cat-himalaya","8":"product_cat-productos-ayurvedicos","10":"first","11":"instock","12":"shipping-taxable","13":"purchasable","14":"product-type-simple"},"_links":{"self":[{"href":"https:\/\/neelayurvedics.es\/index.php?rest_route=\/wp\/v2\/product\/10124","targetHints":{"allow":["GET"]}}],"collection":[{"href":"https:\/\/neelayurvedics.es\/index.php?rest_route=\/wp\/v2\/product"}],"about":[{"href":"https:\/\/neelayurvedics.es\/index.php?rest_route=\/wp\/v2\/types\/product"}],"replies":[{"embeddable":true,"href":"https:\/\/neelayurvedics.es\/index.php?rest_route=%2Fwp%2Fv2%2Fcomments&post=10124"}],"wp:featuredmedia":[{"embeddable":true,"href":"https:\/\/neelayurvedics.es\/index.php?rest_route=\/wp\/v2\/media\/10125"}],"wp:attachment":[{"href":"https:\/\/neelayurvedics.es\/index.php?rest_route=%2Fwp%2Fv2%2Fmedia&parent=10124"}],"wp:term":[{"taxonomy":"product_brand","embeddable":true,"href":"https:\/\/neelayurvedics.es\/index.php?rest_route=%2Fwp%2Fv2%2Fproduct_brand&post=10124"},{"taxonomy":"product_cat","embeddable":true,"href":"https:\/\/neelayurvedics.es\/index.php?rest_route=%2Fwp%2Fv2%2Fproduct_cat&post=10124"},{"taxonomy":"product_tag","embeddable":true,"href":"https:\/\/neelayurvedics.es\/index.php?rest_route=%2Fwp%2Fv2%2Fproduct_tag&post=10124"}],"curies":[{"name":"wp","href":"https:\/\/api.w.org\/{rel}","templated":true}]}}