{"id":10126,"date":"2025-04-16T07:38:35","date_gmt":"2025-04-16T07:38:35","guid":{"rendered":"https:\/\/neelayurvedics.es\/?post_type=product&#038;p=10126"},"modified":"2025-10-25T11:11:07","modified_gmt":"2025-10-25T11:11:07","slug":"himalaya-amalaki-tabletas-60-tableta-refuerzo-de-inmunidad","status":"publish","type":"product","link":"https:\/\/neelayurvedics.es\/?product=himalaya-amalaki-tabletas-60-tableta-refuerzo-de-inmunidad","title":{"rendered":"Himalaya Amalaki Tableta &#8211; 60 Tabletas | Refuerzo De Inmunidad"},"content":{"rendered":"<div id=\"nasa-single-product-tabs\" class=\"product-details\">\n<div class=\"nasa-tabs-content woocommerce-tabs\">\n<div class=\"nasa-panels nasa-desc-wrap\">\n<div id=\"nasa-tab-description\" class=\"nasa-panel nasa-content-description active\">\n<div class=\"row\">\n<div class=\"large-12 columns nasa-content-panel\">\n<p>La tableta Himalaya Amalaki est\u00e1 formulada con las bondades de Amalaki y se utiliza para fortalecer el sistema inmunol\u00f3gico. El sistema inmunol\u00f3gico juega un papel crucial en la protecci\u00f3n del cuerpo de bacterias, virus y otros pat\u00f3genos da\u00f1inos que pueden causar enfermedades. La vitamina C y los antioxidantes presentes en Amalaki ayudan a estimular el sistema inmunol\u00f3gico, haci\u00e9ndolo m\u00e1s resistente a infecciones y enfermedades.<\/p>\n<p>Amalaki es una rica fuente de vitamina C, antioxidantes y otros compuestos beneficiosos que ayudan a estimular el sistema inmunol\u00f3gico, mejorar la digesti\u00f3n y promover la salud y el bienestar general. Se cree que tiene propiedades antienvejecimiento.<\/p>\n<p>La tableta Himalaya Amalaki tambi\u00e9n es beneficiosa para el sistema digestivo. Ayuda a mejorar la digesti\u00f3n y aliviar el estre\u00f1imiento, la hinchaz\u00f3n y otros problemas digestivos.<\/p>\n<p>Los antioxidantes presentes en Amalaki ayudan a proteger el cuerpo de las toxinas da\u00f1inas y los radicales libres. Estas sustancias nocivas pueden causar estr\u00e9s oxidativo, que puede provocar da\u00f1o celular. La tableta Himalaya Amalaki ayuda a neutralizar estas sustancias nocivas y prevenir el da\u00f1o oxidativo de las c\u00e9lulas.<\/p>\n<p>Los antioxidantes presentes en Amalaki ayudan a proteger la piel de los efectos nocivos . Tambi\u00e9n ayuda a promover el crecimiento del cabello y mejorar la salud de las u\u00f1as.<\/p>\n<p>Estimula tu sistema inmunol\u00f3gico y protege tu cuerpo con la tableta Himalaya Amalaki, un suplemento natural y potente hecho con extracto de grosella espinosa india. Nuestra f\u00f3rmula m\u00e1s vendida es rica en antioxidantes y vitamina C, lo que ayuda a promover la salud y el bienestar general. Disponible ahora en Neel Ayurvedics. \u00a1Haga su pedido hoy y experimente el poder de Amalaki!<\/p>\n<h3>Beneficios \u00fanicos: &#8211;<\/h3>\n<ul>\n<li>Los componentes activos del amalaki tienen propiedades antioxidantes que son beneficiosas para eliminar los radicales libres que causan da\u00f1o<\/li>\n<li>Amalaki puede ayudar a mejorar la salud general y rejuvenecer la piel<\/li>\n<li>Puede ayudar a retrasar el envejecimiento prematuro de la piel<\/li>\n<li>Tambi\u00e9n ayuda al cuerpo a lidiar con el estr\u00e9s<\/li>\n<\/ul>\n<h3>Ingredientes\u00a0:-<\/h3>\n<ul>\n<li>Extracto de Amalaki (Emblica officinalis)<\/li>\n<\/ul>\n<h3>Instrucciones de uso\u00a0:-<\/h3>\n<ul>\n<li>1-2 comprimidos dos veces al d\u00eda o seg\u00fan las indicaciones del profesional sanitario.<\/li>\n<\/ul>\n<\/div>\n<\/div>\n<\/div>\n<\/div>\n<\/div>\n<\/div>\n","protected":false},"excerpt":{"rendered":"<p>La tableta Himalaya Amalaki es un suplemento para la salud que ayuda a mejorar la inmunidad y ayuda al cuerpo a lidiar con el estr\u00e9s. Se cree que fortalece las defensas naturales del cuerpo contra las infecciones y mejora la salud en general. Amalaki tiene un alto contenido de antioxidantes, que ayudan a eliminar los radicales libres, que causan da\u00f1o celular. Estos antioxidantes revitalizan la piel y pueden ayudar a prevenir el envejecimiento prematuro de la piel.<\/p>\n<ul>\n<li>Para el sistema digestivo<\/li>\n<li>Refuerzo inmunol\u00f3gico<\/li>\n<\/ul>\n","protected":false},"featured_media":10127,"comment_status":"open","ping_status":"closed","template":"","meta":[],"product_brand":[],"product_cat":[200,279,195],"product_tag":[],"class_list":{"0":"post-10126","1":"product","2":"type-product","3":"status-publish","4":"has-post-thumbnail","6":"product_cat-marca","7":"product_cat-himalaya","8":"product_cat-productos-ayurvedicos","10":"first","11":"instock","12":"shipping-taxable","13":"purchasable","14":"product-type-simple"},"_links":{"self":[{"href":"https:\/\/neelayurvedics.es\/index.php?rest_route=\/wp\/v2\/product\/10126","targetHints":{"allow":["GET"]}}],"collection":[{"href":"https:\/\/neelayurvedics.es\/index.php?rest_route=\/wp\/v2\/product"}],"about":[{"href":"https:\/\/neelayurvedics.es\/index.php?rest_route=\/wp\/v2\/types\/product"}],"replies":[{"embeddable":true,"href":"https:\/\/neelayurvedics.es\/index.php?rest_route=%2Fwp%2Fv2%2Fcomments&post=10126"}],"wp:featuredmedia":[{"embeddable":true,"href":"https:\/\/neelayurvedics.es\/index.php?rest_route=\/wp\/v2\/media\/10127"}],"wp:attachment":[{"href":"https:\/\/neelayurvedics.es\/index.php?rest_route=%2Fwp%2Fv2%2Fmedia&parent=10126"}],"wp:term":[{"taxonomy":"product_brand","embeddable":true,"href":"https:\/\/neelayurvedics.es\/index.php?rest_route=%2Fwp%2Fv2%2Fproduct_brand&post=10126"},{"taxonomy":"product_cat","embeddable":true,"href":"https:\/\/neelayurvedics.es\/index.php?rest_route=%2Fwp%2Fv2%2Fproduct_cat&post=10126"},{"taxonomy":"product_tag","embeddable":true,"href":"https:\/\/neelayurvedics.es\/index.php?rest_route=%2Fwp%2Fv2%2Fproduct_tag&post=10126"}],"curies":[{"name":"wp","href":"https:\/\/api.w.org\/{rel}","templated":true}]}}