{"id":10153,"date":"2025-04-22T10:21:49","date_gmt":"2025-04-22T10:21:49","guid":{"rendered":"https:\/\/neelayurvedics.es\/?post_type=product&#038;p=10153"},"modified":"2025-04-22T10:21:49","modified_gmt":"2025-04-22T10:21:49","slug":"himalaya-bresol-tableta-60-tabletas-ideal-para-el-sistema-respiratorio","status":"publish","type":"product","link":"https:\/\/neelayurvedics.es\/?product=himalaya-bresol-tableta-60-tabletas-ideal-para-el-sistema-respiratorio","title":{"rendered":"Himalaya Bresol Tableta &#8211; 60 Tabletas | Ideal para el sistema respiratorio"},"content":{"rendered":"<p><span>Himalaya Bresol Tablet es un remedio natural para las afecciones respiratorias. Es una mezcla de hierbas naturales que se han utilizado durante siglos en la medicina ayurv\u00e9dica para promover la salud respiratoria. Bresol Tablet es un potente suplemento que fortalece el sistema respiratorio y ayuda a mantener la salud respiratoria en general.<\/span><\/p>\n<p><span>El sistema respiratorio se encarga de absorber ox\u00edgeno y expulsar di\u00f3xido de carbono del cuerpo. Este sistema incluye los pulmones, la tr\u00e1quea, los bronquios y otros \u00f3rganos que participan en la respiraci\u00f3n. Es fundamental mantener el sistema respiratorio sano, ya que desempe\u00f1a un papel vital en nuestra vida diaria.<\/span><\/p>\n<p><span>Las enfermedades respiratorias son comunes, especialmente en ambientes contaminados y polvorientos. Pueden ser de leves a graves y causar molestias, dificultad para respirar y otras complicaciones. Entre las enfermedades respiratorias se incluyen el asma, la bronquitis, la EPOC y la neumon\u00eda, entre otras.<\/span><\/p>\n<p><span>Bresol Tablet se fabrica bajo estrictos controles de calidad para garantizar su seguridad y eficacia. Es una soluci\u00f3n natural y eficaz para las afecciones respiratorias y favorece la salud respiratoria general. Adem\u00e1s, no contiene sustancias qu\u00edmicas ni aditivos nocivos, lo que lo hace seguro para su uso a largo plazo.<\/span><\/p>\n<p><span>En conclusi\u00f3n, si busca una soluci\u00f3n natural y eficaz para las afecciones respiratorias, Himalaya Bresol Tablet es una excelente opci\u00f3n. Su mezcla \u00fanica de hierbas naturales ayuda a aliviar las afecciones respiratorias y a mejorar la salud respiratoria en general. Es un suplemento seguro y eficaz, respaldado por la extensa investigaci\u00f3n y desarrollo de Himalaya. \u00a1Pru\u00e9belo hoy mismo y experimente sus beneficios!<\/span><\/p>\n<h3><span>Beneficios \u00fanicos<\/span><span>\u00a0: &#8211;<\/span><\/h3>\n<ul>\n<li><span>Tulasi posee potentes propiedades antihistam\u00ednicas, que protegen contra los broncoespasmos inducidos por el polen.<\/span><\/li>\n<li><span>Ayuda en el tratamiento de la rinitis al\u00e9rgica (nariz tapada) y la bronquitis al\u00e9rgica.<\/span><\/li>\n<li><span>Proporciona alivio en casos de asma bronquial y alergia al polen.<\/span><\/li>\n<\/ul>\n<h3><span>Ingredientes<\/span><span>\u00a0:-<\/span><\/h3>\n<ul>\n<li><span>Albahaca santa<\/span><\/li>\n<li><span>Nuez de Malabar<\/span><\/li>\n<li><span>C\u00farcuma<\/span><\/li>\n<\/ul>\n<h3><span>Instrucciones de uso<\/span><span>\u00a0:<\/span><\/h3>\n<div class=\"product-block product-block--tab\">\n<div class=\"collapsibles-wrapper collapsibles-wrapper--border-bottom\">\n<div id=\"Product-content-4ffc1416-745d-4104-bc13-1b6a902fea5e4163990487139\" class=\"collapsible-content collapsible-content--all is-open\">\n<div class=\"collapsible-content__inner rte\">\n<ul>\n<li><span class=\"metafield-multi_line_text_field\"><span>Por favor consulte a su m\u00e9dico para prescribir la dosis que mejor se adapte a su condici\u00f3n.<\/span><\/span><\/li>\n<\/ul>\n<\/div>\n<\/div>\n<\/div>\n<\/div>\n","protected":false},"excerpt":{"rendered":"<ul>\n<li><span>Elaborado con hierbas ayurv\u00e9dicas naturales.<\/span><\/li>\n<li><span>Proporciona alivio de las enfermedades respiratorias.<\/span><\/li>\n<li><span>Ayuda a reducir la inflamaci\u00f3n y la congesti\u00f3n.<\/span><\/li>\n<li><span>Favorece la respiraci\u00f3n saludable y la funci\u00f3n pulmonar.<\/span><\/li>\n<li><span>Seguro y eficaz sin efectos secundarios da\u00f1inos.<\/span><\/li>\n<\/ul>\n","protected":false},"featured_media":10154,"comment_status":"open","ping_status":"closed","template":"","meta":[],"product_brand":[],"product_cat":[200,279],"product_tag":[],"class_list":{"0":"post-10153","1":"product","2":"type-product","3":"status-publish","4":"has-post-thumbnail","6":"product_cat-marca","7":"product_cat-himalaya","9":"first","10":"instock","11":"shipping-taxable","12":"purchasable","13":"product-type-simple"},"_links":{"self":[{"href":"https:\/\/neelayurvedics.es\/index.php?rest_route=\/wp\/v2\/product\/10153","targetHints":{"allow":["GET"]}}],"collection":[{"href":"https:\/\/neelayurvedics.es\/index.php?rest_route=\/wp\/v2\/product"}],"about":[{"href":"https:\/\/neelayurvedics.es\/index.php?rest_route=\/wp\/v2\/types\/product"}],"replies":[{"embeddable":true,"href":"https:\/\/neelayurvedics.es\/index.php?rest_route=%2Fwp%2Fv2%2Fcomments&post=10153"}],"wp:featuredmedia":[{"embeddable":true,"href":"https:\/\/neelayurvedics.es\/index.php?rest_route=\/wp\/v2\/media\/10154"}],"wp:attachment":[{"href":"https:\/\/neelayurvedics.es\/index.php?rest_route=%2Fwp%2Fv2%2Fmedia&parent=10153"}],"wp:term":[{"taxonomy":"product_brand","embeddable":true,"href":"https:\/\/neelayurvedics.es\/index.php?rest_route=%2Fwp%2Fv2%2Fproduct_brand&post=10153"},{"taxonomy":"product_cat","embeddable":true,"href":"https:\/\/neelayurvedics.es\/index.php?rest_route=%2Fwp%2Fv2%2Fproduct_cat&post=10153"},{"taxonomy":"product_tag","embeddable":true,"href":"https:\/\/neelayurvedics.es\/index.php?rest_route=%2Fwp%2Fv2%2Fproduct_tag&post=10153"}],"curies":[{"name":"wp","href":"https:\/\/api.w.org\/{rel}","templated":true}]}}