{"id":10234,"date":"2025-04-24T11:35:29","date_gmt":"2025-04-24T11:35:29","guid":{"rendered":"https:\/\/neelayurvedics.es\/?post_type=product&#038;p=10234"},"modified":"2025-04-24T11:36:08","modified_gmt":"2025-04-24T11:36:08","slug":"himalaya-kapikachhu-capsula-60-capsulas-para-el-fitness-masculino","status":"publish","type":"product","link":"https:\/\/neelayurvedics.es\/?product=himalaya-kapikachhu-capsula-60-capsulas-para-el-fitness-masculino","title":{"rendered":"Himalaya Kapikachhu C\u00e1psula &#8211; 60 C\u00e1psulas | Para el fitness masculino"},"content":{"rendered":"<p>La c\u00e1psula Himalaya Kapikachhu est\u00e1 formulada con el ingrediente clave, Kapikachhu (Mucuna pruriens), conocido por sus propiedades adaptog\u00e9nicas. Esta hierba se ha utilizado durante siglos en la medicina ayurv\u00e9dica tradicional para promover la vitalidad masculina y mejorar el rendimiento f\u00edsico general.<\/p>\n<h3>Beneficios \u00fanicos\u00a0: &#8211;<\/h3>\n<ul>\n<li>Kapikachhu puede ayudar en el manejo de dolencias sexuales masculinas menores.<\/li>\n<li>Puede mejorar el deseo y el impulso sexual.<\/li>\n<li>Puede prevenir da\u00f1os causados \u200b\u200bpor los radicales libres, el estr\u00e9s o la edad.<\/li>\n<li>Libre de az\u00facar, colorantes artificiales, sabores artificiales, conservantes y gelatina.<\/li>\n<\/ul>\n<h3>Ingredientes\u00a0:-<\/h3>\n<ul>\n<li>Kapikacchu<\/li>\n<\/ul>\n<h3>Instrucciones de uso :-<\/h3>\n<ul>\n<li>1 tableta dos veces al d\u00eda<\/li>\n<li>O seg\u00fan lo recomiende su m\u00e9dico.<\/li>\n<\/ul>\n","protected":false},"excerpt":{"rendered":"<p>Incorpora la c\u00e1psula Himalaya Kapikachhu a tu rutina diaria y libera tu potencial para el fitness masculino. Adopta una versi\u00f3n m\u00e1s saludable, llena de energ\u00eda y confianza en ti mismo mientras te esfuerzas por alcanzar tus objetivos de fitness.<\/p>\n","protected":false},"featured_media":10235,"comment_status":"open","ping_status":"closed","template":"","meta":[],"product_brand":[],"product_cat":[200,279],"product_tag":[],"class_list":{"0":"post-10234","1":"product","2":"type-product","3":"status-publish","4":"has-post-thumbnail","6":"product_cat-marca","7":"product_cat-himalaya","9":"first","10":"instock","11":"shipping-taxable","12":"purchasable","13":"product-type-simple"},"_links":{"self":[{"href":"https:\/\/neelayurvedics.es\/index.php?rest_route=\/wp\/v2\/product\/10234","targetHints":{"allow":["GET"]}}],"collection":[{"href":"https:\/\/neelayurvedics.es\/index.php?rest_route=\/wp\/v2\/product"}],"about":[{"href":"https:\/\/neelayurvedics.es\/index.php?rest_route=\/wp\/v2\/types\/product"}],"replies":[{"embeddable":true,"href":"https:\/\/neelayurvedics.es\/index.php?rest_route=%2Fwp%2Fv2%2Fcomments&post=10234"}],"wp:featuredmedia":[{"embeddable":true,"href":"https:\/\/neelayurvedics.es\/index.php?rest_route=\/wp\/v2\/media\/10235"}],"wp:attachment":[{"href":"https:\/\/neelayurvedics.es\/index.php?rest_route=%2Fwp%2Fv2%2Fmedia&parent=10234"}],"wp:term":[{"taxonomy":"product_brand","embeddable":true,"href":"https:\/\/neelayurvedics.es\/index.php?rest_route=%2Fwp%2Fv2%2Fproduct_brand&post=10234"},{"taxonomy":"product_cat","embeddable":true,"href":"https:\/\/neelayurvedics.es\/index.php?rest_route=%2Fwp%2Fv2%2Fproduct_cat&post=10234"},{"taxonomy":"product_tag","embeddable":true,"href":"https:\/\/neelayurvedics.es\/index.php?rest_route=%2Fwp%2Fv2%2Fproduct_tag&post=10234"}],"curies":[{"name":"wp","href":"https:\/\/api.w.org\/{rel}","templated":true}]}}