{"id":10236,"date":"2025-04-24T12:17:28","date_gmt":"2025-04-24T12:17:28","guid":{"rendered":"https:\/\/neelayurvedics.es\/?post_type=product&#038;p=10236"},"modified":"2026-03-12T09:41:37","modified_gmt":"2026-03-12T09:41:37","slug":"himalaya-karela-tableta-60-tabletas-para-el-equilibrio-metabolico","status":"publish","type":"product","link":"https:\/\/neelayurvedics.es\/?product=himalaya-karela-tableta-60-tabletas-para-el-equilibrio-metabolico","title":{"rendered":"Himalaya Karela Tableta &#8211; 60 Tabletas | Para el equilibrio metab\u00f3lico"},"content":{"rendered":"<h3>Beneficios \u00fanicos\u00a0: &#8211;<\/h3>\n<ul>\n<li>Promueve niveles saludables de glucosa en el cuerpo.<\/li>\n<li>Beneficioso para el funcionamiento saludable del h\u00edgado.<\/li>\n<li>Ayuda a mejorar las funciones digestivas del cuerpo.<\/li>\n<li>Tiene propiedades antioxidantes que ayudan a eliminar los efectos da\u00f1inos de los radicales libres sobre las c\u00e9lulas y reducen el riesgo de complicaciones por inestabilidad de la glucosa.<\/li>\n<\/ul>\n<h3>Ingredientes\u00a0:-<\/h3>\n<ul>\n<li>Karela<\/li>\n<\/ul>\n<h3>Instrucciones de uso :-<\/h3>\n<ul>\n<li>Consumir 1-2 c\u00e1psulas dos veces al d\u00eda.<\/li>\n<\/ul>\n<p>\u00bfBuscas una forma natural de apoyar el equilibrio metab\u00f3lico y promover el bienestar general? No busques m\u00e1s: Himalaya Karela Tablet es la soluci\u00f3n. Elaboradas con esmero por Himalaya, una marca de confianza en productos naturales para la salud, estas tabletas est\u00e1n dise\u00f1adas para aprovechar el poder de la calabaza amarga (karela) y otros ingredientes herbales para ayudarte a lograr el equilibrio metab\u00f3lico.<\/p>\n<p>Con las exigencias de la vida moderna, mantener un metabolismo equilibrado es crucial para una salud \u00f3ptima. Himalaya Karela Tablet ofrece una soluci\u00f3n pr\u00e1ctica y eficaz para mantener niveles saludables de az\u00facar en sangre y promover un metabolismo armonioso.<\/p>\n<p>Al incorporar las tabletas Himalaya Karela a su rutina diaria, podr\u00e1 experimentar los beneficios de la calabaza amarga y otros ingredientes herbales conocidos por sus propiedades que favorecen el metabolismo. Estas tabletas facilitan la digesti\u00f3n, promueven la absorci\u00f3n de nutrientes y ayudan a controlar el peso, contribuyendo as\u00ed a su bienestar general.<\/p>\n<p>Cada comprimido se somete a rigurosos controles de calidad para garantizar su seguridad y eficacia. Puede confiar en la experiencia y la tradici\u00f3n de Himalaya mientras emprende su camino hacia el equilibrio metab\u00f3lico y una salud \u00f3ptima.<\/p>\n<p>Elige la Tableta Himalaya como tu aliado natural para apoyar el equilibrio metab\u00f3lico. Aprovecha el poder de la calabaza amarga y experimenta sus beneficios hol\u00edsticos. Con Himalaya a tu lado, alcanzar el bienestar metab\u00f3lico nunca ha sido tan f\u00e1cil ni gratificante.<\/p>\n","protected":false},"excerpt":{"rendered":"<ul>\n<li>Favorece el equilibrio metab\u00f3lico y los niveles saludables de az\u00facar en sangre.<\/li>\n<li>Ayuda a la digesti\u00f3n y promueve la absorci\u00f3n de nutrientes.<\/li>\n<li>Ayuda a controlar el peso para el bienestar general.<\/li>\n<li>Favorece el funcionamiento saludable del h\u00edgado y la desintoxicaci\u00f3n.<\/li>\n<li>Contiene ingredientes naturales con beneficios metab\u00f3licos comprobados.<\/li>\n<li>Ayuda a mantener niveles \u00f3ptimos de energ\u00eda durante todo el d\u00eda.<\/li>\n<li>Favorece un metabolismo equilibrado para una mejor salud general.<\/li>\n<li>Formato de tableta c\u00f3modo y f\u00e1cil de usar para suplementaci\u00f3n diaria.<\/li>\n<\/ul>\n","protected":false},"featured_media":10237,"comment_status":"open","ping_status":"closed","template":"","meta":[],"product_brand":[],"product_cat":[200,279],"product_tag":[],"class_list":{"0":"post-10236","1":"product","2":"type-product","3":"status-publish","4":"has-post-thumbnail","6":"product_cat-marca","7":"product_cat-himalaya","9":"first","10":"instock","11":"shipping-taxable","12":"purchasable","13":"product-type-simple"},"_links":{"self":[{"href":"https:\/\/neelayurvedics.es\/index.php?rest_route=\/wp\/v2\/product\/10236","targetHints":{"allow":["GET"]}}],"collection":[{"href":"https:\/\/neelayurvedics.es\/index.php?rest_route=\/wp\/v2\/product"}],"about":[{"href":"https:\/\/neelayurvedics.es\/index.php?rest_route=\/wp\/v2\/types\/product"}],"replies":[{"embeddable":true,"href":"https:\/\/neelayurvedics.es\/index.php?rest_route=%2Fwp%2Fv2%2Fcomments&post=10236"}],"wp:featuredmedia":[{"embeddable":true,"href":"https:\/\/neelayurvedics.es\/index.php?rest_route=\/wp\/v2\/media\/10237"}],"wp:attachment":[{"href":"https:\/\/neelayurvedics.es\/index.php?rest_route=%2Fwp%2Fv2%2Fmedia&parent=10236"}],"wp:term":[{"taxonomy":"product_brand","embeddable":true,"href":"https:\/\/neelayurvedics.es\/index.php?rest_route=%2Fwp%2Fv2%2Fproduct_brand&post=10236"},{"taxonomy":"product_cat","embeddable":true,"href":"https:\/\/neelayurvedics.es\/index.php?rest_route=%2Fwp%2Fv2%2Fproduct_cat&post=10236"},{"taxonomy":"product_tag","embeddable":true,"href":"https:\/\/neelayurvedics.es\/index.php?rest_route=%2Fwp%2Fv2%2Fproduct_tag&post=10236"}],"curies":[{"name":"wp","href":"https:\/\/api.w.org\/{rel}","templated":true}]}}