{"id":10241,"date":"2025-04-24T12:53:09","date_gmt":"2025-04-24T12:53:09","guid":{"rendered":"https:\/\/neelayurvedics.es\/?post_type=product&#038;p=10241"},"modified":"2025-04-24T13:12:15","modified_gmt":"2025-04-24T13:12:15","slug":"himalaya-koflet-sirope-100-ml","status":"publish","type":"product","link":"https:\/\/neelayurvedics.es\/?product=himalaya-koflet-sirope-100-ml","title":{"rendered":"Himalaya Koflet Sirope \u2013 100 Ml"},"content":{"rendered":"<h3>Beneficios \u00fanicos\u00a0: &#8211;<\/h3>\n<ul>\n<li>El jarabe Himalaya Koflet proporciona alivio para la tos asociada con infecciones agudas y cr\u00f3nicas de las v\u00edas respiratorias superiores e inferiores, tos de fumador y tos debida a enfermedad pulmonar obstructiva cr\u00f3nica (EPOC).<\/li>\n<li>La albahaca sagrada (Tulasi) posee potentes propiedades antihistam\u00ednicas, que protegen contra los broncoespasmos inducidos por el polen.<\/li>\n<li>El regaliz (Yashtimadhu) tiene propiedades antitusivas, expectorantes y potenciadoras del sistema inmunitario que son \u00fatiles para aliviar la tos.<\/li>\n<li>La miel (Madhu) se utiliza tradicionalmente para controlar la tos, debido a sus propiedades antiinflamatorias, que alivian el tracto respiratorio.<\/li>\n<\/ul>\n<h3>Ingredientes\u00a0:-<\/h3>\n<div class=\"product-block product-block--tab\">\n<div class=\"collapsibles-wrapper collapsibles-wrapper--border-bottom\">\n<div id=\"Product-content-b73277ab-0115-4325-9483-2f521b4a32544163972563043\" class=\"collapsible-content collapsible-content--all is-open\">\n<div class=\"collapsible-content__inner rte\">\n<ul>\n<li>Albahaca santa<\/li>\n<li>Miel<\/li>\n<li>Regaliz<\/li>\n<\/ul>\n<h3>Instrucciones de uso :-<\/h3>\n<ul>\n<li>\u00daselo seg\u00fan las indicaciones del profesional de la salud.<\/li>\n<\/ul>\n<\/div>\n<\/div>\n<\/div>\n<\/div>\n","protected":false},"excerpt":{"rendered":"<p>El jarabe Himalaya Koflet contiene madhu, yashtimadhu y tulasi. Koflet es bueno para la tos seca o productiva. Sus propiedades mucol\u00edticas y expectorantes favorecen la expectoraci\u00f3n al reducir la viscosidad de las secreciones bronquiales. Koflet disminuye la irritaci\u00f3n de la mucosa bronquial y los broncoespasmos asociados gracias a su actividad antitusiva perif\u00e9rica (supresor de la tos). El alivio de la tos se ve facilitado a\u00fan m\u00e1s por sus propiedades antial\u00e9rgicas, antibacterianas e inmunomoduladoras. Las propiedades calmantes del jarabe Koflet alivian la irritaci\u00f3n de las v\u00edas respiratorias.<\/p>\n<ul>\n<li>Proporciona alivio tanto de la tos seca como de la al\u00e9rgica.<\/li>\n<li>Alivia la garganta<\/li>\n<li>Reduce la inflamaci\u00f3n<\/li>\n<li>No causa somnolencia<\/li>\n<\/ul>\n","protected":false},"featured_media":10244,"comment_status":"open","ping_status":"closed","template":"","meta":[],"product_brand":[],"product_cat":[200,279],"product_tag":[],"class_list":{"0":"post-10241","1":"product","2":"type-product","3":"status-publish","4":"has-post-thumbnail","6":"product_cat-marca","7":"product_cat-himalaya","9":"first","10":"instock","11":"shipping-taxable","12":"purchasable","13":"product-type-simple"},"_links":{"self":[{"href":"https:\/\/neelayurvedics.es\/index.php?rest_route=\/wp\/v2\/product\/10241","targetHints":{"allow":["GET"]}}],"collection":[{"href":"https:\/\/neelayurvedics.es\/index.php?rest_route=\/wp\/v2\/product"}],"about":[{"href":"https:\/\/neelayurvedics.es\/index.php?rest_route=\/wp\/v2\/types\/product"}],"replies":[{"embeddable":true,"href":"https:\/\/neelayurvedics.es\/index.php?rest_route=%2Fwp%2Fv2%2Fcomments&post=10241"}],"wp:featuredmedia":[{"embeddable":true,"href":"https:\/\/neelayurvedics.es\/index.php?rest_route=\/wp\/v2\/media\/10244"}],"wp:attachment":[{"href":"https:\/\/neelayurvedics.es\/index.php?rest_route=%2Fwp%2Fv2%2Fmedia&parent=10241"}],"wp:term":[{"taxonomy":"product_brand","embeddable":true,"href":"https:\/\/neelayurvedics.es\/index.php?rest_route=%2Fwp%2Fv2%2Fproduct_brand&post=10241"},{"taxonomy":"product_cat","embeddable":true,"href":"https:\/\/neelayurvedics.es\/index.php?rest_route=%2Fwp%2Fv2%2Fproduct_cat&post=10241"},{"taxonomy":"product_tag","embeddable":true,"href":"https:\/\/neelayurvedics.es\/index.php?rest_route=%2Fwp%2Fv2%2Fproduct_tag&post=10241"}],"curies":[{"name":"wp","href":"https:\/\/api.w.org\/{rel}","templated":true}]}}