{"id":10245,"date":"2025-04-24T13:26:18","date_gmt":"2025-04-24T13:26:18","guid":{"rendered":"https:\/\/neelayurvedics.es\/?post_type=product&#038;p=10245"},"modified":"2025-04-24T13:26:19","modified_gmt":"2025-04-24T13:26:19","slug":"himalaya-koflet-sf-linctus-100-ml","status":"publish","type":"product","link":"https:\/\/neelayurvedics.es\/?product=himalaya-koflet-sf-linctus-100-ml","title":{"rendered":"Himalaya Koflet-SF Linctus \u2013 100 Ml"},"content":{"rendered":"<h3><span>Beneficios \u00fanicos<\/span><span>\u00a0: &#8211;<\/span><\/h3>\n<ul>\n<li><span>Himalaya Koflet-SF Linctus act\u00faa como antitusivo, ayudando a suprimir la tos. Puede aliviar diferentes tipos de tos, como la tos seca irritante y la bronquitis.<\/span><\/li>\n<li><span>El linctus tiene propiedades antis\u00e9pticas, que pueden ayudar a mantener la limpieza e higiene del tracto respiratorio.<\/span><\/li>\n<li><span>Tiene propiedades antiinflamatorias que pueden ayudar a reducir la inflamaci\u00f3n en el tracto respiratorio, proporcionando alivio de los s\u00edntomas de la tos.<\/span><\/li>\n<li><span>Este linctus act\u00faa como un supresor de la tos, ayudando a reducir la frecuencia e intensidad de la tos.<\/span><\/li>\n<\/ul>\n<h3><span>Ingredientes<\/span><span>\u00a0:-<\/span><\/h3>\n<ul>\n<li><span>Santa Albahaca,<\/span><\/li>\n<li><span>Regaliz<\/span><\/li>\n<\/ul>\n<h3><span>Instrucciones de uso<\/span><span> :-<\/span><\/h3>\n<ul>\n<li><span>Por favor consulte a su m\u00e9dico para prescribir la dosis que mejor se adapte a su condici\u00f3n.<\/span><\/li>\n<\/ul>\n","protected":false},"excerpt":{"rendered":"<p><span>Himalaya Koflet-SF Linctus es un jarabe herbal para la tos sin az\u00facar que se utiliza para tratar diversas toses, como la tos al\u00e9rgica, la tos seca irritante y la bronquitis. Contiene hierbas antitusivas, antis\u00e9pticas, antiinflamatorias y supresoras de la tos, como la tulsi (albahaca sagrada) y el yashtimadhu (regaliz). El jarabe est\u00e1 dise\u00f1ado para reducir la viscosidad de las secreciones bronquiales y aliviar los s\u00edntomas de la tos.<\/span><\/p>\n<ul>\n<li><span>Alivia diferentes tipos de tos.<\/span><\/li>\n<li><span>Este jarabe no contiene az\u00facar.<\/span><\/li>\n<li><span>Ayuda a reducir la viscosidad de las secreciones bro<\/span><\/li>\n<\/ul>\n","protected":false},"featured_media":10246,"comment_status":"open","ping_status":"closed","template":"","meta":[],"product_brand":[],"product_cat":[200,279],"product_tag":[],"class_list":{"0":"post-10245","1":"product","2":"type-product","3":"status-publish","4":"has-post-thumbnail","6":"product_cat-marca","7":"product_cat-himalaya","9":"first","10":"instock","11":"shipping-taxable","12":"purchasable","13":"product-type-simple"},"_links":{"self":[{"href":"https:\/\/neelayurvedics.es\/index.php?rest_route=\/wp\/v2\/product\/10245","targetHints":{"allow":["GET"]}}],"collection":[{"href":"https:\/\/neelayurvedics.es\/index.php?rest_route=\/wp\/v2\/product"}],"about":[{"href":"https:\/\/neelayurvedics.es\/index.php?rest_route=\/wp\/v2\/types\/product"}],"replies":[{"embeddable":true,"href":"https:\/\/neelayurvedics.es\/index.php?rest_route=%2Fwp%2Fv2%2Fcomments&post=10245"}],"wp:featuredmedia":[{"embeddable":true,"href":"https:\/\/neelayurvedics.es\/index.php?rest_route=\/wp\/v2\/media\/10246"}],"wp:attachment":[{"href":"https:\/\/neelayurvedics.es\/index.php?rest_route=%2Fwp%2Fv2%2Fmedia&parent=10245"}],"wp:term":[{"taxonomy":"product_brand","embeddable":true,"href":"https:\/\/neelayurvedics.es\/index.php?rest_route=%2Fwp%2Fv2%2Fproduct_brand&post=10245"},{"taxonomy":"product_cat","embeddable":true,"href":"https:\/\/neelayurvedics.es\/index.php?rest_route=%2Fwp%2Fv2%2Fproduct_cat&post=10245"},{"taxonomy":"product_tag","embeddable":true,"href":"https:\/\/neelayurvedics.es\/index.php?rest_route=%2Fwp%2Fv2%2Fproduct_tag&post=10245"}],"curies":[{"name":"wp","href":"https:\/\/api.w.org\/{rel}","templated":true}]}}