{"id":10253,"date":"2025-04-25T10:15:03","date_gmt":"2025-04-25T10:15:03","guid":{"rendered":"https:\/\/neelayurvedics.es\/?post_type=product&#038;p=10253"},"modified":"2025-04-25T10:15:04","modified_gmt":"2025-04-25T10:15:04","slug":"himalaya-liv-52-ds-jarabe","status":"publish","type":"product","link":"https:\/\/neelayurvedics.es\/?product=himalaya-liv-52-ds-jarabe","title":{"rendered":"Himalaya Liv.52 Ds Jarabe"},"content":{"rendered":"<h3><span>Beneficios \u00fanicos: &#8211;<\/span><\/h3>\n<ul>\n<li><span>El jarabe Himalaya Liv.52 Ds se utiliza para proteger el h\u00edgado contra diversas hepatotoxinas.<\/span><\/li>\n<li><span>Mejora el apetito, la digesti\u00f3n y el proceso de asimilaci\u00f3n.<\/span><\/li>\n<li><span>Promueve el control del peso<\/span><\/li>\n<li><span>Act\u00faa como adyuvante durante enfermedades prolongadas y recuperaci\u00f3n.<\/span><\/li>\n<\/ul>\n<h3><span>Ingredientes :-<\/span><\/h3>\n<ul>\n<li><span>Himsra<\/span><\/li>\n<li><span>Pa\u00eds<\/span><\/li>\n<li><span>Kakamachi<\/span><\/li>\n<li><span>Arjuna<\/span><\/li>\n<li><span>Kasmarda<\/span><\/li>\n<li><span>Elecci\u00f3n<\/span><\/li>\n<li><span>Jhabhuka<\/span><\/li>\n<\/ul>\n<h3><span>Instrucciones de uso:<\/span><\/h3>\n<ul>\n<li><span>Seg\u00fan lo indique el m\u00e9dico.<\/span><\/li>\n<\/ul>\n","protected":false},"excerpt":{"rendered":"<p><span>El jarabe Himalaya Liv.52 Ds es un producto hepatoespec\u00edfico que promueve la funci\u00f3n hep\u00e1tica. Contiene alcaparra (himsra) y achicoria (kasani). La himsra es una potente sustancia hepatoprotectora que disminuye los niveles de enzimas hep\u00e1ticas (ALT y AST) y aumenta la eficiencia funcional del h\u00edgado y el bazo. Los flavonoides presentes en la himsra tienen potentes efectos antioxidantes. El kasani protege el h\u00edgado contra la toxicidad causada por el alcohol. Tambi\u00e9n es un potente antioxidante que neutraliza los radicales libres.<\/span><\/p>\n<ul>\n<li><span>Beneficioso para mantener la salud del h\u00edgado.<\/span><\/li>\n<li><span>Favorece la digesti\u00f3n y el apetito.<\/span><\/li>\n<li><span>Ayuda a controlar el peso<\/span><\/li>\n<li><span>Alivia las afecciones del h\u00edgado.<\/span><\/li>\n<\/ul>\n","protected":false},"featured_media":10258,"comment_status":"open","ping_status":"closed","template":"","meta":[],"product_brand":[],"product_cat":[200,279],"product_tag":[],"class_list":{"0":"post-10253","1":"product","2":"type-product","3":"status-publish","4":"has-post-thumbnail","6":"product_cat-marca","7":"product_cat-himalaya","9":"first","10":"instock","11":"shipping-taxable","12":"purchasable","13":"product-type-variable"},"_links":{"self":[{"href":"https:\/\/neelayurvedics.es\/index.php?rest_route=\/wp\/v2\/product\/10253","targetHints":{"allow":["GET"]}}],"collection":[{"href":"https:\/\/neelayurvedics.es\/index.php?rest_route=\/wp\/v2\/product"}],"about":[{"href":"https:\/\/neelayurvedics.es\/index.php?rest_route=\/wp\/v2\/types\/product"}],"replies":[{"embeddable":true,"href":"https:\/\/neelayurvedics.es\/index.php?rest_route=%2Fwp%2Fv2%2Fcomments&post=10253"}],"wp:featuredmedia":[{"embeddable":true,"href":"https:\/\/neelayurvedics.es\/index.php?rest_route=\/wp\/v2\/media\/10258"}],"wp:attachment":[{"href":"https:\/\/neelayurvedics.es\/index.php?rest_route=%2Fwp%2Fv2%2Fmedia&parent=10253"}],"wp:term":[{"taxonomy":"product_brand","embeddable":true,"href":"https:\/\/neelayurvedics.es\/index.php?rest_route=%2Fwp%2Fv2%2Fproduct_brand&post=10253"},{"taxonomy":"product_cat","embeddable":true,"href":"https:\/\/neelayurvedics.es\/index.php?rest_route=%2Fwp%2Fv2%2Fproduct_cat&post=10253"},{"taxonomy":"product_tag","embeddable":true,"href":"https:\/\/neelayurvedics.es\/index.php?rest_route=%2Fwp%2Fv2%2Fproduct_tag&post=10253"}],"curies":[{"name":"wp","href":"https:\/\/api.w.org\/{rel}","templated":true}]}}