{"id":10259,"date":"2025-04-25T10:23:48","date_gmt":"2025-04-25T10:23:48","guid":{"rendered":"https:\/\/neelayurvedics.es\/?post_type=product&#038;p=10259"},"modified":"2025-04-25T10:23:48","modified_gmt":"2025-04-25T10:23:48","slug":"himalaya-liv-52-ds-tableta-60-tabletas","status":"publish","type":"product","link":"https:\/\/neelayurvedics.es\/?product=himalaya-liv-52-ds-tableta-60-tabletas","title":{"rendered":"Himalaya Liv.52 Ds Tableta &#8211; 60 Tabletas"},"content":{"rendered":"<h3><span>Beneficios \u00fanicos<\/span><span>\u00a0: &#8211;<\/span><\/h3>\n<ul>\n<li><span>Himalaya Liv.52 Ds Tablet es un potente antioxidante que protege la c\u00e9lula contra la toxicidad del alcohol y ayuda a proteger contra el da\u00f1o de los radicales libres.<\/span><\/li>\n<li><span>La alcaparra tiene propiedades antioxidantes y hepatoprotectoras que mejoran la eficiencia funcional del h\u00edgado.<\/span><\/li>\n<li><span>Mejora la p\u00e9rdida de apetito, mejora el proceso digestivo y favorece el aumento de peso.<\/span><\/li>\n<\/ul>\n<h3><span>Ingredientes<\/span><span>\u00a0:-<\/span><\/h3>\n<ul>\n<li><span>Himsra<\/span><\/li>\n<li><span>Pa\u00eds<\/span><\/li>\n<li><span>mandut bhasma<\/span><\/li>\n<li><span>Kakamachi<\/span><\/li>\n<li><span>Arjuna<\/span><\/li>\n<li><span>Kasmarda<\/span><\/li>\n<li><span>Elecci\u00f3n<\/span><\/li>\n<li><span>Jhavuka<\/span><\/li>\n<\/ul>\n<h3><span>Instrucciones de uso<\/span><span>\u00a0:<\/span><\/h3>\n<ul>\n<li><span>Por favor consulte con un profesional de la salud para prescribir la dosis que mejor se adapte a su condici\u00f3n.<\/span><\/li>\n<\/ul>\n","protected":false},"excerpt":{"rendered":"<p><span>Himalaya Liv. 52 DS Tablet es un suplemento hepatoprotector que ayuda a restaurar la funci\u00f3n hep\u00e1tica y a regenerar las c\u00e9lulas hep\u00e1ticas. Ayuda a normalizar el ritmo de apetito y saciedad y puede mejorar la digesti\u00f3n.<\/span><\/p>\n<ul>\n<li><span>La tableta Himalaya Liv.52 Ds contiene ingredientes naturales<\/span><\/li>\n<li><span>Protege al h\u00edgado del da\u00f1o inducido por el alcohol.<\/span><\/li>\n<li><span>Mantiene la estructura y funci\u00f3n de las membranas de las c\u00e9lulas del h\u00edgado.<\/span><\/li>\n<li><span>Mejora la salud digestiva en general.<\/span><\/li>\n<\/ul>\n","protected":false},"featured_media":10260,"comment_status":"open","ping_status":"closed","template":"","meta":[],"product_brand":[],"product_cat":[200,279],"product_tag":[],"class_list":{"0":"post-10259","1":"product","2":"type-product","3":"status-publish","4":"has-post-thumbnail","6":"product_cat-marca","7":"product_cat-himalaya","9":"first","10":"instock","11":"shipping-taxable","12":"purchasable","13":"product-type-simple"},"_links":{"self":[{"href":"https:\/\/neelayurvedics.es\/index.php?rest_route=\/wp\/v2\/product\/10259","targetHints":{"allow":["GET"]}}],"collection":[{"href":"https:\/\/neelayurvedics.es\/index.php?rest_route=\/wp\/v2\/product"}],"about":[{"href":"https:\/\/neelayurvedics.es\/index.php?rest_route=\/wp\/v2\/types\/product"}],"replies":[{"embeddable":true,"href":"https:\/\/neelayurvedics.es\/index.php?rest_route=%2Fwp%2Fv2%2Fcomments&post=10259"}],"wp:featuredmedia":[{"embeddable":true,"href":"https:\/\/neelayurvedics.es\/index.php?rest_route=\/wp\/v2\/media\/10260"}],"wp:attachment":[{"href":"https:\/\/neelayurvedics.es\/index.php?rest_route=%2Fwp%2Fv2%2Fmedia&parent=10259"}],"wp:term":[{"taxonomy":"product_brand","embeddable":true,"href":"https:\/\/neelayurvedics.es\/index.php?rest_route=%2Fwp%2Fv2%2Fproduct_brand&post=10259"},{"taxonomy":"product_cat","embeddable":true,"href":"https:\/\/neelayurvedics.es\/index.php?rest_route=%2Fwp%2Fv2%2Fproduct_cat&post=10259"},{"taxonomy":"product_tag","embeddable":true,"href":"https:\/\/neelayurvedics.es\/index.php?rest_route=%2Fwp%2Fv2%2Fproduct_tag&post=10259"}],"curies":[{"name":"wp","href":"https:\/\/api.w.org\/{rel}","templated":true}]}}