{"id":10261,"date":"2025-04-25T10:38:35","date_gmt":"2025-04-25T10:38:35","guid":{"rendered":"https:\/\/neelayurvedics.es\/?post_type=product&#038;p=10261"},"modified":"2025-04-25T10:39:22","modified_gmt":"2025-04-25T10:39:22","slug":"himalaya-liv-52-jarabe-200-ml","status":"publish","type":"product","link":"https:\/\/neelayurvedics.es\/?product=himalaya-liv-52-jarabe-200-ml","title":{"rendered":"Himalaya Liv.52 Jarabe \u2013 200 Ml"},"content":{"rendered":"<h3>Beneficios \u00fanicos\u00a0: &#8211;<\/h3>\n<ul>\n<li>Himalaya Liv. 52 contiene ingredientes hepatoprotectores como la alcaparra y la achicoria que pueden ayudar en el tratamiento de enfermedades hep\u00e1ticas como la ictericia.<\/li>\n<li>Los dem\u00e1s ingredientes naturales esenciales de este t\u00f3nico hep\u00e1tico ayudan a mejorar los procesos digestivos y favorecen la asimilaci\u00f3n de nutrientes en el organismo.<\/li>\n<li>Al ayudar a mantener el funcionamiento adecuado del h\u00edgado, este suplemento de salud tambi\u00e9n proporciona una manera de promover un aumento de peso saludable para las personas delgadas.<\/li>\n<li>Uno de los principales beneficios de este t\u00f3nico hep\u00e1tico es que ayuda a prevenir la aparici\u00f3n y el tratamiento de enfermedades como la hepatitis viral, la enfermedad hep\u00e1tica alcoh\u00f3lica y el da\u00f1o hep\u00e1tico.<\/li>\n<li>Himalaya Liv. 52 es un suplemento de salud gen\u00e9rico que ayuda a rejuvenecer el cuerpo durante per\u00edodos prolongados de dolencias y enfermedades corporales.<\/li>\n<li>Este t\u00f3nico hep\u00e1tico del Himalaya act\u00faa reduciendo los niveles de producci\u00f3n de enzimas AST y ALT que se producen en el h\u00edgado.<\/li>\n<li>Los extractos de Himsara presentes en este t\u00f3nico de salud contienen flavonoides que tienen propiedades antioxidantes que tambi\u00e9n ayudan a purificar el cuerpo.<\/li>\n<\/ul>\n<h3>Ingredientes\u00a0:-<\/h3>\n<div class=\"product-block product-block--tab\">\n<div class=\"collapsibles-wrapper collapsibles-wrapper--border-bottom\">\n<div id=\"Product-content-b73277ab-0115-4325-9483-2f521b4a32544163973185635\" class=\"collapsible-content collapsible-content--all is-open\">\n<div class=\"collapsible-content__inner rte\">\n<ul>\n<li>Achicoria<\/li>\n<li>El arbusto de las alcaparras<\/li>\n<\/ul>\n<\/div>\n<\/div>\n<\/div>\n<\/div>\n<div class=\"product-block product-block--tab\">\n<h3 class=\"collapsibles-wrapper collapsibles-wrapper--border-bottom\">Instrucciones de uso :-<\/h3>\n<ul>\n<li>Por favor consulte con un profesional de la salud para prescribir la dosis que mejor se adapte a su condici\u00f3n.<\/li>\n<\/ul>\n<\/div>\n","protected":false},"excerpt":{"rendered":"<p>El jarabe Himalaya Liv.52 es un jarabe herbal que incluye achicoria y alcaparras y que protege el h\u00edgado y mejora su funci\u00f3n hep\u00e1tica general. Tiene propiedades hepatoprotectoras, aumenta el apetito y promueve la salud intestinal.<\/p>\n<ul>\n<li>Protege al h\u00edgado de la hepatotoxicidad inducida qu\u00edmicamente.<\/li>\n<li>Ayuda a restaurar la funci\u00f3n hep\u00e1tica.<\/li>\n<li>Mejora la salud digestiva en general.<\/li>\n<li>Mejora el apetito y promueve el aumento de peso.<\/li>\n<\/ul>\n","protected":false},"featured_media":10262,"comment_status":"open","ping_status":"closed","template":"","meta":[],"product_brand":[],"product_cat":[200,279],"product_tag":[],"class_list":{"0":"post-10261","1":"product","2":"type-product","3":"status-publish","4":"has-post-thumbnail","6":"product_cat-marca","7":"product_cat-himalaya","9":"first","10":"instock","11":"shipping-taxable","12":"purchasable","13":"product-type-simple"},"_links":{"self":[{"href":"https:\/\/neelayurvedics.es\/index.php?rest_route=\/wp\/v2\/product\/10261","targetHints":{"allow":["GET"]}}],"collection":[{"href":"https:\/\/neelayurvedics.es\/index.php?rest_route=\/wp\/v2\/product"}],"about":[{"href":"https:\/\/neelayurvedics.es\/index.php?rest_route=\/wp\/v2\/types\/product"}],"replies":[{"embeddable":true,"href":"https:\/\/neelayurvedics.es\/index.php?rest_route=%2Fwp%2Fv2%2Fcomments&post=10261"}],"wp:featuredmedia":[{"embeddable":true,"href":"https:\/\/neelayurvedics.es\/index.php?rest_route=\/wp\/v2\/media\/10262"}],"wp:attachment":[{"href":"https:\/\/neelayurvedics.es\/index.php?rest_route=%2Fwp%2Fv2%2Fmedia&parent=10261"}],"wp:term":[{"taxonomy":"product_brand","embeddable":true,"href":"https:\/\/neelayurvedics.es\/index.php?rest_route=%2Fwp%2Fv2%2Fproduct_brand&post=10261"},{"taxonomy":"product_cat","embeddable":true,"href":"https:\/\/neelayurvedics.es\/index.php?rest_route=%2Fwp%2Fv2%2Fproduct_cat&post=10261"},{"taxonomy":"product_tag","embeddable":true,"href":"https:\/\/neelayurvedics.es\/index.php?rest_route=%2Fwp%2Fv2%2Fproduct_tag&post=10261"}],"curies":[{"name":"wp","href":"https:\/\/api.w.org\/{rel}","templated":true}]}}