{"id":10263,"date":"2025-04-25T10:56:27","date_gmt":"2025-04-25T10:56:27","guid":{"rendered":"https:\/\/neelayurvedics.es\/?post_type=product&#038;p=10263"},"modified":"2025-04-25T10:56:27","modified_gmt":"2025-04-25T10:56:27","slug":"himalaya-liv-52-tableta-100-tabletas","status":"publish","type":"product","link":"https:\/\/neelayurvedics.es\/?product=himalaya-liv-52-tableta-100-tabletas","title":{"rendered":"Himalaya Liv.52 Tableta &#8211; 100 Tabletas"},"content":{"rendered":"<h3><span>Beneficios \u00fanicos<\/span><span>\u00a0: &#8211;<\/span><\/h3>\n<ul>\n<li><span>Facilita la r\u00e1pida eliminaci\u00f3n del acetaldeh\u00eddo, responsable de provocar la resaca, y protege del da\u00f1o hep\u00e1tico inducido por el alcohol.<\/span><\/li>\n<li><span>Disminuye el efecto lipotr\u00f3pico en el alcoholismo cr\u00f3nico y previene la infiltraci\u00f3n grasa del h\u00edgado.<\/span><\/li>\n<li><span>Protege al h\u00edgado de mayores da\u00f1os y promueve su funcionamiento \u00f3ptimo.<\/span><\/li>\n<\/ul>\n<h3><span>Ingredientes<\/span><span>\u00a0:-<\/span><\/h3>\n<ul>\n<li><span>Himsra<\/span><\/li>\n<li><span>Pa\u00eds<\/span><\/li>\n<li><span>Mandu Bhasma<\/span><\/li>\n<li><span>Kakamachi<\/span><\/li>\n<li><span>Arjuna<\/span><\/li>\n<li><span>Kasmarda<\/span><\/li>\n<li><span>Elecci\u00f3n<\/span><\/li>\n<li><span>Jhabhuka<\/span><\/li>\n<\/ul>\n<h3><span>Instrucciones de uso<\/span><span> :-<\/span><\/h3>\n<ul>\n<li><span>Seg\u00fan lo indique el m\u00e9dico.<\/span><\/li>\n<\/ul>\n","protected":false},"excerpt":{"rendered":"<p><span>Himalaya Liv es un preparado herbal con importantes propiedades hepatoprotectoras que protegen al h\u00edgado de la hepatotoxicidad inducida qu\u00edmicamente. Contribuye a la restauraci\u00f3n de la eficiencia funcional del h\u00edgado preservando el par\u00e9nquima y fomentando la regeneraci\u00f3n hepatocelular. La p\u00edldora evita la p\u00e9rdida de la integridad funcional de la membrana celular, preserva el citocromo P-450, acorta el per\u00edodo de recuperaci\u00f3n y asegura la restauraci\u00f3n de la actividad hep\u00e1tica.<\/span><\/p>\n<ul>\n<li><span>Ayuda a proteger el h\u00edgado contra las hepatotoxinas.<\/span><\/li>\n<li><span>Protege el h\u00edgado contra la ictericia y la hepatitis A y B.<\/span><\/li>\n<li><span>Estimula el crecimiento general y el apetito del cuerpo.<\/span><\/li>\n<li><span>Ayuda a mejorar el proceso de digesti\u00f3n.<\/span><\/li>\n<\/ul>\n","protected":false},"featured_media":10264,"comment_status":"open","ping_status":"closed","template":"","meta":[],"product_brand":[],"product_cat":[200,279],"product_tag":[],"class_list":{"0":"post-10263","1":"product","2":"type-product","3":"status-publish","4":"has-post-thumbnail","6":"product_cat-marca","7":"product_cat-himalaya","9":"first","10":"instock","11":"shipping-taxable","12":"purchasable","13":"product-type-simple"},"_links":{"self":[{"href":"https:\/\/neelayurvedics.es\/index.php?rest_route=\/wp\/v2\/product\/10263","targetHints":{"allow":["GET"]}}],"collection":[{"href":"https:\/\/neelayurvedics.es\/index.php?rest_route=\/wp\/v2\/product"}],"about":[{"href":"https:\/\/neelayurvedics.es\/index.php?rest_route=\/wp\/v2\/types\/product"}],"replies":[{"embeddable":true,"href":"https:\/\/neelayurvedics.es\/index.php?rest_route=%2Fwp%2Fv2%2Fcomments&post=10263"}],"wp:featuredmedia":[{"embeddable":true,"href":"https:\/\/neelayurvedics.es\/index.php?rest_route=\/wp\/v2\/media\/10264"}],"wp:attachment":[{"href":"https:\/\/neelayurvedics.es\/index.php?rest_route=%2Fwp%2Fv2%2Fmedia&parent=10263"}],"wp:term":[{"taxonomy":"product_brand","embeddable":true,"href":"https:\/\/neelayurvedics.es\/index.php?rest_route=%2Fwp%2Fv2%2Fproduct_brand&post=10263"},{"taxonomy":"product_cat","embeddable":true,"href":"https:\/\/neelayurvedics.es\/index.php?rest_route=%2Fwp%2Fv2%2Fproduct_cat&post=10263"},{"taxonomy":"product_tag","embeddable":true,"href":"https:\/\/neelayurvedics.es\/index.php?rest_route=%2Fwp%2Fv2%2Fproduct_tag&post=10263"}],"curies":[{"name":"wp","href":"https:\/\/api.w.org\/{rel}","templated":true}]}}