{"id":10265,"date":"2025-04-25T11:41:34","date_gmt":"2025-04-25T11:41:34","guid":{"rendered":"https:\/\/neelayurvedics.es\/?post_type=product&#038;p=10265"},"modified":"2025-04-25T11:41:34","modified_gmt":"2025-04-25T11:41:34","slug":"himalaya-lukol-tableta-60-tabletas","status":"publish","type":"product","link":"https:\/\/neelayurvedics.es\/?product=himalaya-lukol-tableta-60-tabletas","title":{"rendered":"Himalaya Lukol Tableta &#8211; 60 Tabletas"},"content":{"rendered":"<h3><span>Beneficios \u00fanicos<\/span><span>\u00a0: &#8211;<\/span><\/h3>\n<ul>\n<li><strong><span>Esp\u00e1rragos:<\/span><\/strong><span>\u00a0La tableta Himalaya Lukol posee propiedades antif\u00fangicas y antioxidantes que act\u00faan sin\u00e9rgicamente para eliminar los hongos. Adem\u00e1s, esta hierba alivia dolores y molestias gracias a sus propiedades analg\u00e9sicas y antiinflamatorias.<\/span><\/li>\n<li><strong><span>Arbusto de llama de fuego:<\/span><\/strong><span>\u00a0\u00a0Tiene potentes propiedades antimicrobianas y antiinflamatorias.<\/span><\/li>\n<li><strong><span>Heracleum giganteum:<\/span><\/strong><span>\u00a0\u00a0Tiene propiedades antiinflamatorias y analg\u00e9sicas, que son beneficiosas para aliviar el dolor sintom\u00e1tico.<\/span><\/li>\n<\/ul>\n<h3><span>Ingredientes<\/span><span>\u00a0:-<\/span><\/h3>\n<ul>\n<li><span>Esp\u00e1rragos<\/span><\/li>\n<li><span>Arbusto de llama de fuego<\/span><\/li>\n<li><span>Propagaci\u00f3n de la Heracleum gigante<\/span><\/li>\n<\/ul>\n<h3><span>Instrucciones de uso<\/span><span> :-<\/span><\/h3>\n<ul>\n<li><span>\u00daselo seg\u00fan las indicaciones del profesional de la salud.<\/span><\/li>\n<\/ul>\n","protected":false},"excerpt":{"rendered":"<p><span>La tableta Himalaya Lukol es un producto ayurv\u00e9dico que ayuda a combatir las bacterias. Puede ayudar con la inflamaci\u00f3n, la hinchaz\u00f3n y el enrojecimiento.<\/span><\/p>\n<ul>\n<li><span>Tiene propiedades antif\u00fangicas y antimicrobianas.<\/span><\/li>\n<li><span>Contiene propiedades antiinflamatorias y analg\u00e9sicas.<\/span><\/li>\n<li><span>Alivia la inflamaci\u00f3n y el enrojecimiento.<\/span><\/li>\n<\/ul>\n","protected":false},"featured_media":10266,"comment_status":"open","ping_status":"closed","template":"","meta":[],"product_brand":[],"product_cat":[200,279],"product_tag":[],"class_list":{"0":"post-10265","1":"product","2":"type-product","3":"status-publish","4":"has-post-thumbnail","6":"product_cat-marca","7":"product_cat-himalaya","9":"first","10":"instock","11":"shipping-taxable","12":"purchasable","13":"product-type-simple"},"_links":{"self":[{"href":"https:\/\/neelayurvedics.es\/index.php?rest_route=\/wp\/v2\/product\/10265","targetHints":{"allow":["GET"]}}],"collection":[{"href":"https:\/\/neelayurvedics.es\/index.php?rest_route=\/wp\/v2\/product"}],"about":[{"href":"https:\/\/neelayurvedics.es\/index.php?rest_route=\/wp\/v2\/types\/product"}],"replies":[{"embeddable":true,"href":"https:\/\/neelayurvedics.es\/index.php?rest_route=%2Fwp%2Fv2%2Fcomments&post=10265"}],"wp:featuredmedia":[{"embeddable":true,"href":"https:\/\/neelayurvedics.es\/index.php?rest_route=\/wp\/v2\/media\/10266"}],"wp:attachment":[{"href":"https:\/\/neelayurvedics.es\/index.php?rest_route=%2Fwp%2Fv2%2Fmedia&parent=10265"}],"wp:term":[{"taxonomy":"product_brand","embeddable":true,"href":"https:\/\/neelayurvedics.es\/index.php?rest_route=%2Fwp%2Fv2%2Fproduct_brand&post=10265"},{"taxonomy":"product_cat","embeddable":true,"href":"https:\/\/neelayurvedics.es\/index.php?rest_route=%2Fwp%2Fv2%2Fproduct_cat&post=10265"},{"taxonomy":"product_tag","embeddable":true,"href":"https:\/\/neelayurvedics.es\/index.php?rest_route=%2Fwp%2Fv2%2Fproduct_tag&post=10265"}],"curies":[{"name":"wp","href":"https:\/\/api.w.org\/{rel}","templated":true}]}}