{"id":10267,"date":"2025-04-25T12:05:41","date_gmt":"2025-04-25T12:05:41","guid":{"rendered":"https:\/\/neelayurvedics.es\/?post_type=product&#038;p=10267"},"modified":"2025-04-25T12:06:27","modified_gmt":"2025-04-25T12:06:27","slug":"himalaya-manjishtha-tableta-60-tabletas","status":"publish","type":"product","link":"https:\/\/neelayurvedics.es\/?product=himalaya-manjishtha-tableta-60-tabletas","title":{"rendered":"Himalaya Manjishtha Tableta &#8211; 60 Tabletas"},"content":{"rendered":"<p>Himalaya Manjishtha Tablet es una soluci\u00f3n herbal especializada, dise\u00f1ada para ayudarte a combatir la hiperpigmentaci\u00f3n cut\u00e1nea. Aprovecha la riqueza de las hierbas que hacen de este remedio una opci\u00f3n confiable para la revitalizaci\u00f3n natural de la piel.<\/p>\n<h3>Beneficios \u00fanicos\u00a0: &#8211;<\/h3>\n<ul>\n<li>Ayuda a superar la hiperpigmentaci\u00f3n de la piel.<\/li>\n<li>Inhibe la enzima tirosinasa, responsable de la producci\u00f3n de melanina.<\/li>\n<li>Disminuir el da\u00f1o celular causado por los radicales libres.<\/li>\n<li>Ideal para melasma y manchas de la edad.<\/li>\n<\/ul>\n<h3>Ingredientes\u00a0:-<\/h3>\n<ul>\n<li>Manjishta<\/li>\n<\/ul>\n<h3>Instrucciones de uso :-<\/h3>\n<ul>\n<li>1 a 2 tabletas dos veces al d\u00eda o seg\u00fan lo indique el m\u00e9dico.<\/li>\n<\/ul>\n","protected":false},"excerpt":{"rendered":"<p>Himalaya Manjishtha Tablet es extracto de ra\u00edz de Manjishtha (Rubia cordifolia).<\/p>\n<ul>\n<li>Promueve la salud de la piel.<\/li>\n<li>Ayuda a la desintoxicaci\u00f3n<\/li>\n<li>Tiene efectos antioxidantes.<\/li>\n<li>Promueve el bienestar de la piel.<\/li>\n<\/ul>\n","protected":false},"featured_media":10268,"comment_status":"open","ping_status":"closed","template":"","meta":[],"product_brand":[],"product_cat":[200,279],"product_tag":[],"class_list":{"0":"post-10267","1":"product","2":"type-product","3":"status-publish","4":"has-post-thumbnail","6":"product_cat-marca","7":"product_cat-himalaya","9":"first","10":"instock","11":"shipping-taxable","12":"purchasable","13":"product-type-simple"},"_links":{"self":[{"href":"https:\/\/neelayurvedics.es\/index.php?rest_route=\/wp\/v2\/product\/10267","targetHints":{"allow":["GET"]}}],"collection":[{"href":"https:\/\/neelayurvedics.es\/index.php?rest_route=\/wp\/v2\/product"}],"about":[{"href":"https:\/\/neelayurvedics.es\/index.php?rest_route=\/wp\/v2\/types\/product"}],"replies":[{"embeddable":true,"href":"https:\/\/neelayurvedics.es\/index.php?rest_route=%2Fwp%2Fv2%2Fcomments&post=10267"}],"wp:featuredmedia":[{"embeddable":true,"href":"https:\/\/neelayurvedics.es\/index.php?rest_route=\/wp\/v2\/media\/10268"}],"wp:attachment":[{"href":"https:\/\/neelayurvedics.es\/index.php?rest_route=%2Fwp%2Fv2%2Fmedia&parent=10267"}],"wp:term":[{"taxonomy":"product_brand","embeddable":true,"href":"https:\/\/neelayurvedics.es\/index.php?rest_route=%2Fwp%2Fv2%2Fproduct_brand&post=10267"},{"taxonomy":"product_cat","embeddable":true,"href":"https:\/\/neelayurvedics.es\/index.php?rest_route=%2Fwp%2Fv2%2Fproduct_cat&post=10267"},{"taxonomy":"product_tag","embeddable":true,"href":"https:\/\/neelayurvedics.es\/index.php?rest_route=%2Fwp%2Fv2%2Fproduct_tag&post=10267"}],"curies":[{"name":"wp","href":"https:\/\/api.w.org\/{rel}","templated":true}]}}