{"id":10272,"date":"2025-04-25T12:56:58","date_gmt":"2025-04-25T12:56:58","guid":{"rendered":"https:\/\/neelayurvedics.es\/?post_type=product&#038;p=10272"},"modified":"2025-04-25T13:15:51","modified_gmt":"2025-04-25T13:15:51","slug":"himalaya-menosan-tableta-30-tabletas","status":"publish","type":"product","link":"https:\/\/neelayurvedics.es\/?product=himalaya-menosan-tableta-30-tabletas","title":{"rendered":"Himalaya Menosan Tableta &#8211; 30 Tabletas"},"content":{"rendered":"<p>Himalaya Menosan Tablet es una soluci\u00f3n herbal especializada, dise\u00f1ada para tratar las afecciones asociadas con las infecciones del tracto urinario. Disfrute de la riqueza herbal que convierte a este remedio en una opci\u00f3n confiable para el bienestar urinario natural.<\/p>\n<h3>Beneficios \u00fanicos\u00a0: &#8211;<\/h3>\n<ul>\n<li><strong>Defensor de la salud urinaria:<\/strong>\u00a0la tableta Himalaya Menosan est\u00e1 formulada para ser su defensa natural contra las infecciones del tracto urinario, brindando apoyo integral para un sistema urinario saludable.<\/li>\n<li><strong>Protecci\u00f3n a base de hierbas:<\/strong>\u00a0sum\u00e9rjase en la bondad natural de Menosan (Ashoka) y otras hierbas conocidas por sus propiedades protectoras urinarias.<\/li>\n<li><strong>Bienestar equilibrado:<\/strong>\u00a0\u00a0descubra c\u00f3mo Menosan favorece el bienestar urinario equilibrado, ayud\u00e1ndole a superar las preocupaciones asociadas con las infecciones y a mantener un sistema urinario armonioso.<\/li>\n<li>La ashoka funciona como un agente antimicrobiano eficaz que se utiliza en el tratamiento y la prevenci\u00f3n de infecciones del tracto urinario. La deficiencia de estr\u00f3genos en la posmenopausia aumenta el riesgo de infecciones urinarias recurrentes. Esta hierba ayuda a aliviar las infecciones urinarias y sus s\u00edntomas.<\/li>\n<li>Los esp\u00e1rragos tienen propiedades estrog\u00e9nicas que alivian los s\u00edntomas de la menopausia, como la ansiedad, la depresi\u00f3n, los cambios de humor, el insomnio, el aumento de peso, la irritabilidad y la p\u00e9rdida del control de la vejiga.<\/li>\n<li>El regaliz calma la membrana mucosa de los \u00f3rganos genitales y alivia los s\u00edntomas perimenop\u00e1usicos, como picaz\u00f3n en la vulva, sofocos y sudores nocturnos.<\/li>\n<\/ul>\n<h3>Ingredientes\u00a0:-<\/h3>\n<ul>\n<li>Pobre Indica<\/li>\n<li>Esp\u00e1rrago Racemosus<\/li>\n<li>Kukkutandatvak Bhasma<\/li>\n<li>Jaharmohra Bhasma<\/li>\n<li>Terminalia Chebula<\/li>\n<li>La Cordifolia<\/li>\n<li>Glycyrrhiza Glabra<\/li>\n<li>Centella asi\u00e1tica<\/li>\n<li>Terminalia Arjuna<\/li>\n<li>Bombax Malabaricum<\/li>\n<li>Chlorophytum arundinaceum<\/li>\n<\/ul>\n<h3>Instrucciones de uso :-<\/h3>\n<ul>\n<li>Por favor consulte a su m\u00e9dico para prescribir la dosis que mejor se adapte a su condici\u00f3n.<\/li>\n<\/ul>\n","protected":false},"excerpt":{"rendered":"<p>Las tabletas Himalaya Menosan contienen ashoka, esp\u00e1rragos y regaliz. Las mujeres suelen usarlas para aliviar los s\u00edntomas de la menopausia y mantenerse sanas y felices. Tambi\u00e9n ayudan a prevenir problemas cardiovasculares posmenop\u00e1usicos. Las tabletas Menosan ayudan a aliviar los s\u00edntomas de la menopausia y promueven el bienestar general.<\/p>\n","protected":false},"featured_media":10273,"comment_status":"open","ping_status":"closed","template":"","meta":[],"product_brand":[],"product_cat":[200,279],"product_tag":[],"class_list":{"0":"post-10272","1":"product","2":"type-product","3":"status-publish","4":"has-post-thumbnail","6":"product_cat-marca","7":"product_cat-himalaya","9":"first","10":"instock","11":"shipping-taxable","12":"purchasable","13":"product-type-simple"},"_links":{"self":[{"href":"https:\/\/neelayurvedics.es\/index.php?rest_route=\/wp\/v2\/product\/10272","targetHints":{"allow":["GET"]}}],"collection":[{"href":"https:\/\/neelayurvedics.es\/index.php?rest_route=\/wp\/v2\/product"}],"about":[{"href":"https:\/\/neelayurvedics.es\/index.php?rest_route=\/wp\/v2\/types\/product"}],"replies":[{"embeddable":true,"href":"https:\/\/neelayurvedics.es\/index.php?rest_route=%2Fwp%2Fv2%2Fcomments&post=10272"}],"wp:featuredmedia":[{"embeddable":true,"href":"https:\/\/neelayurvedics.es\/index.php?rest_route=\/wp\/v2\/media\/10273"}],"wp:attachment":[{"href":"https:\/\/neelayurvedics.es\/index.php?rest_route=%2Fwp%2Fv2%2Fmedia&parent=10272"}],"wp:term":[{"taxonomy":"product_brand","embeddable":true,"href":"https:\/\/neelayurvedics.es\/index.php?rest_route=%2Fwp%2Fv2%2Fproduct_brand&post=10272"},{"taxonomy":"product_cat","embeddable":true,"href":"https:\/\/neelayurvedics.es\/index.php?rest_route=%2Fwp%2Fv2%2Fproduct_cat&post=10272"},{"taxonomy":"product_tag","embeddable":true,"href":"https:\/\/neelayurvedics.es\/index.php?rest_route=%2Fwp%2Fv2%2Fproduct_tag&post=10272"}],"curies":[{"name":"wp","href":"https:\/\/api.w.org\/{rel}","templated":true}]}}