{"id":10276,"date":"2025-04-25T13:36:16","date_gmt":"2025-04-25T13:36:16","guid":{"rendered":"https:\/\/neelayurvedics.es\/?post_type=product&#038;p=10276"},"modified":"2025-04-25T13:38:44","modified_gmt":"2025-04-25T13:38:44","slug":"himalaya-mentat-tableta-60-tabletas","status":"publish","type":"product","link":"https:\/\/neelayurvedics.es\/?product=himalaya-mentat-tableta-60-tabletas","title":{"rendered":"Himalaya Mentat Tableta &#8211; 60 Tabletas"},"content":{"rendered":"<h3>Beneficios \u00fanicos\u00a0: &#8211;<\/h3>\n<ul>\n<li>La tableta Himalaya Mentat se usa com\u00fanmente para mejorar la memoria, potenciar la capacidad de aprendizaje y apoyar la funci\u00f3n cognitiva. Se cree que la combinaci\u00f3n de hierbas de la tableta tiene propiedades neuroprotectoras y potenciadoras de la memoria.<\/li>\n<li>Sus ingredientes se utilizan tradicionalmente para promover la claridad mental y mejorar la concentraci\u00f3n. Puede ayudar a reducir la fatiga mental y a potenciar la concentraci\u00f3n.<\/li>\n<li>Puede tener propiedades adaptog\u00e9nicas, ayudando a aliviar el estr\u00e9s, la ansiedad y la inquietud. Se cree que promueve una sensaci\u00f3n de calma y relajaci\u00f3n.<\/li>\n<li>Se cree que los ingredientes herbales tienen un impacto positivo en el bienestar mental general. Pueden ayudar a mantener el equilibrio emocional y favorecer un estado mental equilibrado.<\/li>\n<\/ul>\n<h3>Ingredientes\u00a0:-<\/h3>\n<ul>\n<li>Centella india, gratiola de hojas de tomillo, cereza de invierno<\/li>\n<\/ul>\n<h3>Instrucciones de uso :-<\/h3>\n<ul>\n<li>Por favor consulte a su m\u00e9dico para prescribir la dosis que mejor se adapte a su condici\u00f3n.<\/li>\n<\/ul>\n","protected":false},"excerpt":{"rendered":"<p>Himalaya Mentat Tablet es una composici\u00f3n ayurv\u00e9dica dise\u00f1ada para mejorar la memoria y mantener una funci\u00f3n cognitiva saludable. Se elabora a partir de una combinaci\u00f3n de hierbas naturales que act\u00faan en conjunto para canalizar la energ\u00eda cerebral, aumentar la memoria y potenciar la capacidad de aprendizaje. Se dice que los componentes de Himalaya Mentat Tablet ofrecen cualidades que favorecen la agudeza mental, la concentraci\u00f3n y el enfoque.<\/p>\n<ul>\n<li>Mejora la memoria y la funci\u00f3n cognitiva.<\/li>\n<li>Favorece la claridad mental y la concentraci\u00f3n.<\/li>\n<li>Apoya el bienestar mental<\/li>\n<li>Calma la mente y reduce el estr\u00e9s.<\/li>\n<\/ul>\n","protected":false},"featured_media":10277,"comment_status":"open","ping_status":"closed","template":"","meta":[],"product_brand":[],"product_cat":[200,279],"product_tag":[],"class_list":{"0":"post-10276","1":"product","2":"type-product","3":"status-publish","4":"has-post-thumbnail","6":"product_cat-marca","7":"product_cat-himalaya","9":"first","10":"instock","11":"shipping-taxable","12":"purchasable","13":"product-type-simple"},"_links":{"self":[{"href":"https:\/\/neelayurvedics.es\/index.php?rest_route=\/wp\/v2\/product\/10276","targetHints":{"allow":["GET"]}}],"collection":[{"href":"https:\/\/neelayurvedics.es\/index.php?rest_route=\/wp\/v2\/product"}],"about":[{"href":"https:\/\/neelayurvedics.es\/index.php?rest_route=\/wp\/v2\/types\/product"}],"replies":[{"embeddable":true,"href":"https:\/\/neelayurvedics.es\/index.php?rest_route=%2Fwp%2Fv2%2Fcomments&post=10276"}],"wp:featuredmedia":[{"embeddable":true,"href":"https:\/\/neelayurvedics.es\/index.php?rest_route=\/wp\/v2\/media\/10277"}],"wp:attachment":[{"href":"https:\/\/neelayurvedics.es\/index.php?rest_route=%2Fwp%2Fv2%2Fmedia&parent=10276"}],"wp:term":[{"taxonomy":"product_brand","embeddable":true,"href":"https:\/\/neelayurvedics.es\/index.php?rest_route=%2Fwp%2Fv2%2Fproduct_brand&post=10276"},{"taxonomy":"product_cat","embeddable":true,"href":"https:\/\/neelayurvedics.es\/index.php?rest_route=%2Fwp%2Fv2%2Fproduct_cat&post=10276"},{"taxonomy":"product_tag","embeddable":true,"href":"https:\/\/neelayurvedics.es\/index.php?rest_route=%2Fwp%2Fv2%2Fproduct_tag&post=10276"}],"curies":[{"name":"wp","href":"https:\/\/api.w.org\/{rel}","templated":true}]}}