{"id":10278,"date":"2025-04-25T13:52:13","date_gmt":"2025-04-25T13:52:13","guid":{"rendered":"https:\/\/neelayurvedics.es\/?post_type=product&#038;p=10278"},"modified":"2025-04-25T13:52:14","modified_gmt":"2025-04-25T13:52:14","slug":"himalaya-meshashringi-tableta-60-tabletas","status":"publish","type":"product","link":"https:\/\/neelayurvedics.es\/?product=himalaya-meshashringi-tableta-60-tabletas","title":{"rendered":"Himalaya Meshashringi Tableta &#8211; 60 Tabletas"},"content":{"rendered":"<h3><span>Beneficios \u00fanicos<\/span><span>\u00a0: &#8211;<\/span><\/h3>\n<ul>\n<li><span>La tableta Himalaya Meshashringi ayuda a reducir los niveles de az\u00facar al promover la secreci\u00f3n de insulina, regenerar las c\u00e9lulas pancre\u00e1ticas y aumentar las actividades de las enzimas responsables de la utilizaci\u00f3n saludable de la glucosa.<\/span><\/li>\n<li><span>Proporciona apoyo para lograr un peso corporal saludable y ayuda a prevenir la acumulaci\u00f3n de triglic\u00e9ridos en los m\u00fasculos y el h\u00edgado.<\/span><\/li>\n<li><span>Ayuda a prevenir la acumulaci\u00f3n de \u00e1cidos grasos en el sistema circulatorio y el endurecimiento de los vasos sangu\u00edneos.<\/span><\/li>\n<li><span>Ayuda a reducir los antojos de az\u00facar y regula los niveles de glucosa al evitar que el intestino absorba las mol\u00e9culas de az\u00facar.<\/span><\/li>\n<\/ul>\n<h3><span>Ingredientes<\/span><span>\u00a0:-<\/span><\/h3>\n<ul>\n<li><span>Extracto de Meshashringi (Gymnema Sylvestre)<\/span><\/li>\n<\/ul>\n<h3><span>Instrucciones de uso<\/span><span> :-<\/span><\/h3>\n<ul>\n<li><span>1 tableta dos veces al d\u00eda o seg\u00fan lo indique su m\u00e9dico.<\/span><\/li>\n<\/ul>\n","protected":false},"excerpt":{"rendered":"<p><span>Himalaya Meshashringi Tablet es un suplemento herbal que ayuda principalmente a regular el metabolismo de la glucosa. Meshashringi tambi\u00e9n se conoce como &#8220;Gudmar&#8221; en hindi, que significa &#8220;destructor de az\u00facar&#8221;. El \u00e1cido gimn\u00e9mico presente en meshashringi, al igual que las mol\u00e9culas de az\u00facar, ocupa la posici\u00f3n del receptor en las capas de absorci\u00f3n del colon, lo que interfiere con la absorci\u00f3n de az\u00facar en el intestino.<\/span><\/p>\n<p><span>Mejore su salud metab\u00f3lica con estas p\u00edldoras de bienestar metab\u00f3lico meshashringi de hierbas puras y adopte una ruta natural hacia el bienestar.<\/span><\/p>\n<ul>\n<li><span>Mantiene niveles saludables de az\u00facar en sangre.<\/span><\/li>\n<li><span>Ayuda a promover la salud metab\u00f3lica general.<\/span><\/li>\n<li><span>Ayuda a controlar el peso y los antojos de az\u00facar.<\/span><\/li>\n<li><span>Ayuda a prevenir la acumulaci\u00f3n de triglic\u00e9ridos.<\/span><\/li>\n<\/ul>\n","protected":false},"featured_media":10279,"comment_status":"open","ping_status":"closed","template":"","meta":[],"product_brand":[],"product_cat":[200,279],"product_tag":[],"class_list":{"0":"post-10278","1":"product","2":"type-product","3":"status-publish","4":"has-post-thumbnail","6":"product_cat-marca","7":"product_cat-himalaya","9":"first","10":"instock","11":"shipping-taxable","12":"purchasable","13":"product-type-simple"},"_links":{"self":[{"href":"https:\/\/neelayurvedics.es\/index.php?rest_route=\/wp\/v2\/product\/10278","targetHints":{"allow":["GET"]}}],"collection":[{"href":"https:\/\/neelayurvedics.es\/index.php?rest_route=\/wp\/v2\/product"}],"about":[{"href":"https:\/\/neelayurvedics.es\/index.php?rest_route=\/wp\/v2\/types\/product"}],"replies":[{"embeddable":true,"href":"https:\/\/neelayurvedics.es\/index.php?rest_route=%2Fwp%2Fv2%2Fcomments&post=10278"}],"wp:featuredmedia":[{"embeddable":true,"href":"https:\/\/neelayurvedics.es\/index.php?rest_route=\/wp\/v2\/media\/10279"}],"wp:attachment":[{"href":"https:\/\/neelayurvedics.es\/index.php?rest_route=%2Fwp%2Fv2%2Fmedia&parent=10278"}],"wp:term":[{"taxonomy":"product_brand","embeddable":true,"href":"https:\/\/neelayurvedics.es\/index.php?rest_route=%2Fwp%2Fv2%2Fproduct_brand&post=10278"},{"taxonomy":"product_cat","embeddable":true,"href":"https:\/\/neelayurvedics.es\/index.php?rest_route=%2Fwp%2Fv2%2Fproduct_cat&post=10278"},{"taxonomy":"product_tag","embeddable":true,"href":"https:\/\/neelayurvedics.es\/index.php?rest_route=%2Fwp%2Fv2%2Fproduct_tag&post=10278"}],"curies":[{"name":"wp","href":"https:\/\/api.w.org\/{rel}","templated":true}]}}