{"id":10284,"date":"2025-04-26T06:16:11","date_gmt":"2025-04-26T06:16:11","guid":{"rendered":"https:\/\/neelayurvedics.es\/?post_type=product&#038;p=10284"},"modified":"2025-04-26T06:16:11","modified_gmt":"2025-04-26T06:16:11","slug":"kerala-ayurveda-abhayarishtam-450-ml","status":"publish","type":"product","link":"https:\/\/neelayurvedics.es\/?product=kerala-ayurveda-abhayarishtam-450-ml","title":{"rendered":"Kerala Ayurveda Abhayarishtam &#8211; 450 ML"},"content":{"rendered":"<p><img fetchpriority=\"high\" decoding=\"async\" class=\"aligncenter wp-image-10285 size-full\" src=\"https:\/\/neelayurvedics.es\/wp-content\/uploads\/2025\/04\/Kerala-Ayurveda-Abhayarishtam2.jpg.webp\" alt=\"Kerala Ayurveda Abhayarishtam\" width=\"1500\" height=\"1500\" srcset=\"https:\/\/neelayurvedics.es\/wp-content\/uploads\/2025\/04\/Kerala-Ayurveda-Abhayarishtam2.jpg.webp 1500w, https:\/\/neelayurvedics.es\/wp-content\/uploads\/2025\/04\/Kerala-Ayurveda-Abhayarishtam2.jpg-300x300.webp 300w, https:\/\/neelayurvedics.es\/wp-content\/uploads\/2025\/04\/Kerala-Ayurveda-Abhayarishtam2.jpg-595x595.webp 595w, https:\/\/neelayurvedics.es\/wp-content\/uploads\/2025\/04\/Kerala-Ayurveda-Abhayarishtam2.jpg-150x150.webp 150w, https:\/\/neelayurvedics.es\/wp-content\/uploads\/2025\/04\/Kerala-Ayurveda-Abhayarishtam2.jpg-768x768.webp 768w, https:\/\/neelayurvedics.es\/wp-content\/uploads\/2025\/04\/Kerala-Ayurveda-Abhayarishtam2.jpg-380x380.webp 380w, https:\/\/neelayurvedics.es\/wp-content\/uploads\/2025\/04\/Kerala-Ayurveda-Abhayarishtam2.jpg-450x450.webp 450w, https:\/\/neelayurvedics.es\/wp-content\/uploads\/2025\/04\/Kerala-Ayurveda-Abhayarishtam2.jpg-350x350.webp 350w, https:\/\/neelayurvedics.es\/wp-content\/uploads\/2025\/04\/Kerala-Ayurveda-Abhayarishtam2.jpg-100x100.webp 100w\" sizes=\"(max-width: 1500px) 100vw, 1500px\" \/><\/p>\n<p>&nbsp;<\/p>\n<p>Los s\u00edntomas del estre\u00f1imiento incluyen esforzarse demasiado para vaciar los intestinos, defecar menos de tres veces por semana, defecar duras y no poder vaciar los intestinos. El estre\u00f1imiento puede volverse cr\u00f3nico y causar hinchaz\u00f3n, p\u00e9rdida de apetito y estr\u00e9s mental.<\/p>\n<p>Abhayarishta es un jarabe ayurv\u00e9dico para el estre\u00f1imiento que contiene limpiadores a base de hierbas para fortalecer las v\u00edas intestinales y promover naturalmente los movimientos intestinales. Este arishtam tambi\u00e9n es recomendado por Kerala Ayurveda para la digesti\u00f3n y los calambres estomacales leves.<\/p>\n<p>El Abhayarishta de Kerala Ayurveda es completamente herbal, sin fragancias, colores ni subproductos derivados del petr\u00f3leo a\u00f1adidos.<\/p>\n<p>Ingredientes<\/p>\n<ul>\n<li>Haritaki,<\/li>\n<li>Vidanga,<\/li>\n<li>Madhuka Kusuma,<\/li>\n<li>Draksa,<\/li>\n<li>Svadamstra,<\/li>\n<li>Trivrt,<\/li>\n<li>Dhanya,<\/li>\n<li>Dhataki,<\/li>\n<li>Indravaruna,<\/li>\n<li>Madhurica,<\/li>\n<li>Cavya,<\/li>\n<li>Sunthi,<\/li>\n<li>Danti,<\/li>\n<li>Macarasa<\/li>\n<\/ul>\n<p>Dosificaci\u00f3n:<\/p>\n<p>Los adultos deben tomar 2-3 cucharaditas (15-25 ml) dos veces al d\u00eda despu\u00e9s de las comidas. Si es para ni\u00f1os, reduzca la dosis a 1-2 cucharaditas (5-15 ml) dos veces al d\u00eda despu\u00e9s de las comidas, o seg\u00fan las indicaciones de un m\u00e9dico. \u00daselo constantemente durante 2-3 semanas para obtener mejores resultados. Si tienes reflujo \u00e1cido, combina Abhayarishta con una cantidad igual de agua y b\u00e9bela inmediatamente despu\u00e9s de comer. Debido a las variaciones estacionales, el color y la consistencia pueden variar entre lotes; sin embargo, la eficacia se mantiene constante.<\/p>\n","protected":false},"excerpt":{"rendered":"<p>&nbsp; Los s\u00edntomas del estre\u00f1imiento incluyen esforzarse demasiado para vaciar los intestinos, defecar menos de tres veces por semana, defecar duras y no poder vaciar los intestinos. El estre\u00f1imiento puede volverse cr\u00f3nico y causar hinchaz\u00f3n, p\u00e9rdida de apetito y estr\u00e9s mental. Abhayarishta es un jarabe ayurv\u00e9dico para el estre\u00f1imiento que contiene limpiadores a base de [&hellip;]<\/p>\n","protected":false},"featured_media":10287,"comment_status":"open","ping_status":"closed","template":"","meta":[],"product_brand":[],"product_cat":[200,284],"product_tag":[],"class_list":{"0":"post-10284","1":"product","2":"type-product","3":"status-publish","4":"has-post-thumbnail","6":"product_cat-marca","7":"product_cat-kerala-ayurveda","9":"first","10":"instock","11":"shipping-taxable","12":"purchasable","13":"product-type-simple"},"_links":{"self":[{"href":"https:\/\/neelayurvedics.es\/index.php?rest_route=\/wp\/v2\/product\/10284","targetHints":{"allow":["GET"]}}],"collection":[{"href":"https:\/\/neelayurvedics.es\/index.php?rest_route=\/wp\/v2\/product"}],"about":[{"href":"https:\/\/neelayurvedics.es\/index.php?rest_route=\/wp\/v2\/types\/product"}],"replies":[{"embeddable":true,"href":"https:\/\/neelayurvedics.es\/index.php?rest_route=%2Fwp%2Fv2%2Fcomments&post=10284"}],"wp:featuredmedia":[{"embeddable":true,"href":"https:\/\/neelayurvedics.es\/index.php?rest_route=\/wp\/v2\/media\/10287"}],"wp:attachment":[{"href":"https:\/\/neelayurvedics.es\/index.php?rest_route=%2Fwp%2Fv2%2Fmedia&parent=10284"}],"wp:term":[{"taxonomy":"product_brand","embeddable":true,"href":"https:\/\/neelayurvedics.es\/index.php?rest_route=%2Fwp%2Fv2%2Fproduct_brand&post=10284"},{"taxonomy":"product_cat","embeddable":true,"href":"https:\/\/neelayurvedics.es\/index.php?rest_route=%2Fwp%2Fv2%2Fproduct_cat&post=10284"},{"taxonomy":"product_tag","embeddable":true,"href":"https:\/\/neelayurvedics.es\/index.php?rest_route=%2Fwp%2Fv2%2Fproduct_tag&post=10284"}],"curies":[{"name":"wp","href":"https:\/\/api.w.org\/{rel}","templated":true}]}}