{"id":10294,"date":"2025-04-26T06:36:43","date_gmt":"2025-04-26T06:36:43","guid":{"rendered":"https:\/\/neelayurvedics.es\/?post_type=product&#038;p=10294"},"modified":"2025-04-26T06:36:43","modified_gmt":"2025-04-26T06:36:43","slug":"kerala-ayurveda-ajamamsarasayanam-500-gm","status":"publish","type":"product","link":"https:\/\/neelayurvedics.es\/?product=kerala-ayurveda-ajamamsarasayanam-500-gm","title":{"rendered":"Kerala Ayurveda Ajamamsarasayanam &#8211; 500 Gm"},"content":{"rendered":"<p>&nbsp;<\/p>\n<p>&nbsp;<\/p>\n<p><img fetchpriority=\"high\" decoding=\"async\" class=\"aligncenter wp-image-10295 size-full\" src=\"https:\/\/neelayurvedics.es\/wp-content\/uploads\/2025\/04\/Kerala-Ayurveda-Ajamamsarasayanam.webp\" alt=\"Kerala Ayurveda Ajamamsarasayanam\" width=\"1080\" height=\"1080\" srcset=\"https:\/\/neelayurvedics.es\/wp-content\/uploads\/2025\/04\/Kerala-Ayurveda-Ajamamsarasayanam.webp 1080w, https:\/\/neelayurvedics.es\/wp-content\/uploads\/2025\/04\/Kerala-Ayurveda-Ajamamsarasayanam-300x300.webp 300w, https:\/\/neelayurvedics.es\/wp-content\/uploads\/2025\/04\/Kerala-Ayurveda-Ajamamsarasayanam-595x595.webp 595w, https:\/\/neelayurvedics.es\/wp-content\/uploads\/2025\/04\/Kerala-Ayurveda-Ajamamsarasayanam-150x150.webp 150w, https:\/\/neelayurvedics.es\/wp-content\/uploads\/2025\/04\/Kerala-Ayurveda-Ajamamsarasayanam-768x768.webp 768w, https:\/\/neelayurvedics.es\/wp-content\/uploads\/2025\/04\/Kerala-Ayurveda-Ajamamsarasayanam-380x380.webp 380w, https:\/\/neelayurvedics.es\/wp-content\/uploads\/2025\/04\/Kerala-Ayurveda-Ajamamsarasayanam-450x450.webp 450w, https:\/\/neelayurvedics.es\/wp-content\/uploads\/2025\/04\/Kerala-Ayurveda-Ajamamsarasayanam-350x350.webp 350w, https:\/\/neelayurvedics.es\/wp-content\/uploads\/2025\/04\/Kerala-Ayurveda-Ajamamsarasayanam-100x100.webp 100w\" sizes=\"(max-width: 1080px) 100vw, 1080px\" \/><\/p>\n<p>&nbsp;<\/p>\n<p><span>es una medicina ayurv\u00e9dica tradicional hecha de carne de cabra que se utiliza para tratar diversas afecciones respiratorias o kosha. Los diversos ingredientes presentes se han utilizado en varios tratamientos ayurv\u00e9dicos para la tuberculosis. Ajamamsa rasayanam tambi\u00e9n ayuda en el fortalecimiento de los huesos y los m\u00fasculos del cuerpo. Est\u00e1 disponible en forma de mermelada y tambi\u00e9n se puede utilizar para aliviar las flatulencias. Est\u00e1 disponible como ghee de hierbas o mermelada de hierbas. Ajamamsa significa carne de cabra en \u00e1rabe. No es un medicamento vegetariano.<\/span><\/p>\n<p>Ingredientes<\/p>\n<ul>\n<li>Aja Mamsa<\/li>\n<li>Vidari<\/li>\n<li>Shatavari<\/li>\n<li>Ashwagandha<\/li>\n<li>Gambhari<\/li>\n<li>Ela<\/li>\n<\/ul>\n<p>Dosificaci\u00f3n:<\/p>\n<ul>\n<li>Apto tanto para ni\u00f1os como para adultos.<\/li>\n<li>Puede ser consumido tanto por hombres como por mujeres.<\/li>\n<\/ul>\n","protected":false},"excerpt":{"rendered":"<p>&nbsp; &nbsp; &nbsp; es una medicina ayurv\u00e9dica tradicional hecha de carne de cabra que se utiliza para tratar diversas afecciones respiratorias o kosha. Los diversos ingredientes presentes se han utilizado en varios tratamientos ayurv\u00e9dicos para la tuberculosis. Ajamamsa rasayanam tambi\u00e9n ayuda en el fortalecimiento de los huesos y los m\u00fasculos del cuerpo. Est\u00e1 disponible en [&hellip;]<\/p>\n","protected":false},"featured_media":10297,"comment_status":"open","ping_status":"closed","template":"","meta":[],"product_brand":[],"product_cat":[200,284],"product_tag":[],"class_list":{"0":"post-10294","1":"product","2":"type-product","3":"status-publish","4":"has-post-thumbnail","6":"product_cat-marca","7":"product_cat-kerala-ayurveda","9":"first","10":"instock","11":"shipping-taxable","12":"purchasable","13":"product-type-simple"},"_links":{"self":[{"href":"https:\/\/neelayurvedics.es\/index.php?rest_route=\/wp\/v2\/product\/10294","targetHints":{"allow":["GET"]}}],"collection":[{"href":"https:\/\/neelayurvedics.es\/index.php?rest_route=\/wp\/v2\/product"}],"about":[{"href":"https:\/\/neelayurvedics.es\/index.php?rest_route=\/wp\/v2\/types\/product"}],"replies":[{"embeddable":true,"href":"https:\/\/neelayurvedics.es\/index.php?rest_route=%2Fwp%2Fv2%2Fcomments&post=10294"}],"wp:featuredmedia":[{"embeddable":true,"href":"https:\/\/neelayurvedics.es\/index.php?rest_route=\/wp\/v2\/media\/10297"}],"wp:attachment":[{"href":"https:\/\/neelayurvedics.es\/index.php?rest_route=%2Fwp%2Fv2%2Fmedia&parent=10294"}],"wp:term":[{"taxonomy":"product_brand","embeddable":true,"href":"https:\/\/neelayurvedics.es\/index.php?rest_route=%2Fwp%2Fv2%2Fproduct_brand&post=10294"},{"taxonomy":"product_cat","embeddable":true,"href":"https:\/\/neelayurvedics.es\/index.php?rest_route=%2Fwp%2Fv2%2Fproduct_cat&post=10294"},{"taxonomy":"product_tag","embeddable":true,"href":"https:\/\/neelayurvedics.es\/index.php?rest_route=%2Fwp%2Fv2%2Fproduct_tag&post=10294"}],"curies":[{"name":"wp","href":"https:\/\/api.w.org\/{rel}","templated":true}]}}