{"id":10303,"date":"2025-04-26T07:18:58","date_gmt":"2025-04-26T07:18:58","guid":{"rendered":"https:\/\/neelayurvedics.es\/?post_type=product&#038;p=10303"},"modified":"2025-04-26T07:59:46","modified_gmt":"2025-04-26T07:59:46","slug":"himalaya-menta-himcocid-sf-jarabe-200-ml-para-la-acidez","status":"publish","type":"product","link":"https:\/\/neelayurvedics.es\/?product=himalaya-menta-himcocid-sf-jarabe-200-ml-para-la-acidez","title":{"rendered":"Himalaya Menta Himcocid -SF Jarabe \u2013 200 Ml | Para la acidez"},"content":{"rendered":"<p>Jarabe Himalaya Mint Himcocid -SF, tu soluci\u00f3n ideal para un bienestar digestivo calmante y refrescante. Formulado con una mezcla de ingredientes naturales, este jarabe con sabor a menta proporciona un alivio eficaz de la acidez, la acidez estomacal y otros problemas digestivos.<\/p>\n<p>Las molestias digestivas pueden dificultar tus actividades diarias y afectar tu bienestar general. Con el jarabe Himcocid-SF de Himalaya Mint, experimentar\u00e1s un alivio r\u00e1pido y duradero.<\/p>\n<p>La combinaci\u00f3n \u00fanica de ingredientes act\u00faa sin\u00e9rgicamente para neutralizar el exceso de \u00e1cido estomacal, reducir la inflamaci\u00f3n y promover un sistema digestivo saludable.<\/p>\n<p>Si sufres de acidez, ardor o indigesti\u00f3n ocasional, est\u00e1 aqu\u00ed para brindarte el alivio que necesitas. Dile adi\u00f3s a las molestias digestivas y disfruta de una vida de bienestar digestivo con esta soluci\u00f3n refrescante y eficaz.<\/p>\n","protected":false},"excerpt":{"rendered":"<ul>\n<li>El jarabe Himalaya Mint Himcocid -SF proporciona un alivio refrescante de la acidez y la acidez estomacal.<\/li>\n<li>Calma y tranquiliza el sistema digestivo para un confort \u00f3ptimo.<\/li>\n<li>Ayuda a neutralizar el exceso de \u00e1cido estomacal y reduce la inflamaci\u00f3n.<\/li>\n<li>Promueve un sistema digestivo saludable y niveles de pH equilibrados.<\/li>\n<li>Ofrece un refrescante sabor a menta para un regusto agradable.<\/li>\n<\/ul>\n","protected":false},"featured_media":10304,"comment_status":"open","ping_status":"closed","template":"","meta":[],"product_brand":[],"product_cat":[200,279],"product_tag":[],"class_list":{"0":"post-10303","1":"product","2":"type-product","3":"status-publish","4":"has-post-thumbnail","6":"product_cat-marca","7":"product_cat-himalaya","9":"first","10":"instock","11":"shipping-taxable","12":"purchasable","13":"product-type-simple"},"_links":{"self":[{"href":"https:\/\/neelayurvedics.es\/index.php?rest_route=\/wp\/v2\/product\/10303","targetHints":{"allow":["GET"]}}],"collection":[{"href":"https:\/\/neelayurvedics.es\/index.php?rest_route=\/wp\/v2\/product"}],"about":[{"href":"https:\/\/neelayurvedics.es\/index.php?rest_route=\/wp\/v2\/types\/product"}],"replies":[{"embeddable":true,"href":"https:\/\/neelayurvedics.es\/index.php?rest_route=%2Fwp%2Fv2%2Fcomments&post=10303"}],"wp:featuredmedia":[{"embeddable":true,"href":"https:\/\/neelayurvedics.es\/index.php?rest_route=\/wp\/v2\/media\/10304"}],"wp:attachment":[{"href":"https:\/\/neelayurvedics.es\/index.php?rest_route=%2Fwp%2Fv2%2Fmedia&parent=10303"}],"wp:term":[{"taxonomy":"product_brand","embeddable":true,"href":"https:\/\/neelayurvedics.es\/index.php?rest_route=%2Fwp%2Fv2%2Fproduct_brand&post=10303"},{"taxonomy":"product_cat","embeddable":true,"href":"https:\/\/neelayurvedics.es\/index.php?rest_route=%2Fwp%2Fv2%2Fproduct_cat&post=10303"},{"taxonomy":"product_tag","embeddable":true,"href":"https:\/\/neelayurvedics.es\/index.php?rest_route=%2Fwp%2Fv2%2Fproduct_tag&post=10303"}],"curies":[{"name":"wp","href":"https:\/\/api.w.org\/{rel}","templated":true}]}}