{"id":10305,"date":"2025-04-26T07:26:31","date_gmt":"2025-04-26T07:26:31","guid":{"rendered":"https:\/\/neelayurvedics.es\/?post_type=product&#038;p=10305"},"modified":"2025-04-26T07:44:38","modified_gmt":"2025-04-26T07:44:38","slug":"himalaya-neem-tableta-60-tabletas","status":"publish","type":"product","link":"https:\/\/neelayurvedics.es\/?product=himalaya-neem-tableta-60-tabletas","title":{"rendered":"Himalaya Neem Tableta \u2013 60 Tabletas"},"content":{"rendered":"<h3>Beneficios \u00fanicos\u00a0: &#8211;<\/h3>\n<ul>\n<li>Las c\u00e1psulas Himalaya Neem est\u00e1n espec\u00edficamente formuladas para abordar el acn\u00e9 atacando las bacterias que lo causan y reduciendo la inflamaci\u00f3n asociada con el acn\u00e9.<\/li>\n<li>La tableta est\u00e1 indicada para controlar diversos trastornos de la piel al abordar la inflamaci\u00f3n, las infecciones y la fiebre relacionadas con estas afecciones.<\/li>\n<li>Los extractos de neem presentes en la tableta ayudan a purificar la sangre y a eliminar toxinas del cuerpo. Esto puede contribuir a una piel m\u00e1s sana y al bienestar general.<\/li>\n<li>La tableta ayuda a rejuvenecer la piel, ayud\u00e1ndola a mantenerse sana, radiante y libre de diversos trastornos cut\u00e1neos.<\/li>\n<\/ul>\n<h3>Ingredientes\u00a0:-<\/h3>\n<ul>\n<li>Nimba (Azadiracha indica)<\/li>\n<\/ul>\n<h3>Instrucciones de uso :-<\/h3>\n<ul>\n<li>1-2 comprimidos dos veces al d\u00eda o seg\u00fan lo indique un profesional de la salud.<\/li>\n<\/ul>\n","protected":false},"excerpt":{"rendered":"<ul>\n<li>Las C\u00e1psulas de Neem Himalaya son un suplemento herbal natural que promueve la salud de la piel y trata diversos problemas cut\u00e1neos. La Tableta de Neem para el Bienestar de la Piel de Himalaya Wellness est\u00e1 elaborada con extractos genuinos de neem, reconocidos por sus propiedades beneficiosas para la piel.<\/li>\n<li>El neem es una hierba potente que se ha utilizado en la medicina ayurv\u00e9dica durante siglos por sus caracter\u00edsticas antibacterianas, antif\u00fangicas y purificadoras de la sangre.<\/li>\n<li>Estas pastillas est\u00e1n dise\u00f1adas para tratar la inflamaci\u00f3n, las infecciones, la fiebre y algunas afecciones cut\u00e1neas. Ayudan a controlar el acn\u00e9 suprimiendo los g\u00e9rmenes que lo causan y reduciendo la inflamaci\u00f3n. El neem tambi\u00e9n es reconocido por su capacidad para eliminar toxinas del cuerpo y depurar la sangre, lo que puede mejorar la piel.<\/li>\n<li>100% vegetarian<\/li>\n<li>Mantiene la piel sana y radiante.<\/li>\n<li>\u00datil para el acn\u00e9 y los trastornos de la piel.<\/li>\n<li>Elaborado con extractos de neem y neem.<\/li>\n<\/ul>\n","protected":false},"featured_media":10306,"comment_status":"open","ping_status":"closed","template":"","meta":[],"product_brand":[],"product_cat":[200,279],"product_tag":[],"class_list":{"0":"post-10305","1":"product","2":"type-product","3":"status-publish","4":"has-post-thumbnail","6":"product_cat-marca","7":"product_cat-himalaya","9":"first","10":"instock","11":"shipping-taxable","12":"purchasable","13":"product-type-simple"},"_links":{"self":[{"href":"https:\/\/neelayurvedics.es\/index.php?rest_route=\/wp\/v2\/product\/10305","targetHints":{"allow":["GET"]}}],"collection":[{"href":"https:\/\/neelayurvedics.es\/index.php?rest_route=\/wp\/v2\/product"}],"about":[{"href":"https:\/\/neelayurvedics.es\/index.php?rest_route=\/wp\/v2\/types\/product"}],"replies":[{"embeddable":true,"href":"https:\/\/neelayurvedics.es\/index.php?rest_route=%2Fwp%2Fv2%2Fcomments&post=10305"}],"wp:featuredmedia":[{"embeddable":true,"href":"https:\/\/neelayurvedics.es\/index.php?rest_route=\/wp\/v2\/media\/10306"}],"wp:attachment":[{"href":"https:\/\/neelayurvedics.es\/index.php?rest_route=%2Fwp%2Fv2%2Fmedia&parent=10305"}],"wp:term":[{"taxonomy":"product_brand","embeddable":true,"href":"https:\/\/neelayurvedics.es\/index.php?rest_route=%2Fwp%2Fv2%2Fproduct_brand&post=10305"},{"taxonomy":"product_cat","embeddable":true,"href":"https:\/\/neelayurvedics.es\/index.php?rest_route=%2Fwp%2Fv2%2Fproduct_cat&post=10305"},{"taxonomy":"product_tag","embeddable":true,"href":"https:\/\/neelayurvedics.es\/index.php?rest_route=%2Fwp%2Fv2%2Fproduct_tag&post=10305"}],"curies":[{"name":"wp","href":"https:\/\/api.w.org\/{rel}","templated":true}]}}