{"id":10308,"date":"2025-04-26T07:53:54","date_gmt":"2025-04-26T07:53:54","guid":{"rendered":"https:\/\/neelayurvedics.es\/?post_type=product&#038;p=10308"},"modified":"2025-04-26T07:54:37","modified_gmt":"2025-04-26T07:54:37","slug":"himalaya-ophthacare-gotas-para-los-ojos-10-ml","status":"publish","type":"product","link":"https:\/\/neelayurvedics.es\/?product=himalaya-ophthacare-gotas-para-los-ojos-10-ml","title":{"rendered":"Himalaya OphthaCare Gotas Para Los Ojos &#8211; 10 Ml"},"content":{"rendered":"<h3>Beneficios \u00fanicos\u00a0: &#8211;<\/h3>\n<ul>\n<li>Las gotas para los ojos Himalaya OphthaCare tienen propiedades refrescantes que pueden ayudar a aliviar la fatiga visual causada por actividades como el uso prolongado de la computadora, la lectura u otras tareas que cansan los ojos.<\/li>\n<\/ul>\n<ul>\n<li>Las gotas oft\u00e1lmicas son beneficiosas en casos de conjuntivitis, tambi\u00e9n conocida como ojo rojo. Pueden ayudar a reducir la inflamaci\u00f3n y calmar los ojos, aliviando los s\u00edntomas de esta afecci\u00f3n ocular com\u00fan.<\/li>\n<\/ul>\n<ul>\n<li>Se ha informado que las gotas oft\u00e1lmicas Ophthacare son \u00fatiles para el s\u00edndrome visual inform\u00e1tico, que se caracteriza por la fatiga visual y el malestar causados \u200b\u200bpor el uso prolongado de la computadora. Sus propiedades refrescantes pueden proporcionar alivio en estos casos.<\/li>\n<\/ul>\n<ul>\n<li>Las gotas oft\u00e1lmicas Ophthacare lubrican los ojos, lo que puede ayudar a aliviar las molestias asociadas con la sequedad ocular. Ayudan a hidratar los ojos y a aliviar la sequedad.<\/li>\n<\/ul>\n<h3>Ingredientes\u00a0:-<\/h3>\n<ul>\n<li>Miel, rosa de Damasco<\/li>\n<\/ul>\n<h3>Instrucciones de uso :-<\/h3>\n<ul>\n<li>Por favor consulte a su m\u00e9dico para prescribir la dosis que mejor se adapte a su condici\u00f3n.<\/li>\n<\/ul>\n","protected":false},"excerpt":{"rendered":"<p>Las gotas oft\u00e1lmicas Himalaya OphthaCare son un medicamento ayurv\u00e9dico elaborado con miel y rosa de Damasco. Se utilizan principalmente para tratar la fatiga visual, el enrojecimiento y la sequedad ocular. La miel presente en las gotas oft\u00e1lmicas act\u00faa como antiinflamatorio, reduciendo la inflamaci\u00f3n y aliviando los ojos.<\/p>\n<p>La rosa de Damasco presente en la mezcla alivia el dolor y favorece la cicatrizaci\u00f3n de peque\u00f1as heridas. Las gotas oft\u00e1lmicas Ophthacare tambi\u00e9n son refrescantes, lo que las hace \u00fatiles en casos de tensi\u00f3n al usar el ordenador y conjuntivitis. Es una mezcla herbal y natural que puede brindar tratamiento y apoyo para diversas afecciones oculares.<\/p>\n<ul>\n<li>Alivia la fatiga visual<\/li>\n<li>Reduce el enrojecimiento y la sequedad.<\/li>\n<li>Aliviar la sequedad ocular<\/li>\n<li>Apoya la salud ocular<\/li>\n<\/ul>\n","protected":false},"featured_media":10309,"comment_status":"open","ping_status":"closed","template":"","meta":[],"product_brand":[],"product_cat":[200,279],"product_tag":[],"class_list":{"0":"post-10308","1":"product","2":"type-product","3":"status-publish","4":"has-post-thumbnail","6":"product_cat-marca","7":"product_cat-himalaya","9":"first","10":"instock","11":"shipping-taxable","12":"purchasable","13":"product-type-simple"},"_links":{"self":[{"href":"https:\/\/neelayurvedics.es\/index.php?rest_route=\/wp\/v2\/product\/10308","targetHints":{"allow":["GET"]}}],"collection":[{"href":"https:\/\/neelayurvedics.es\/index.php?rest_route=\/wp\/v2\/product"}],"about":[{"href":"https:\/\/neelayurvedics.es\/index.php?rest_route=\/wp\/v2\/types\/product"}],"replies":[{"embeddable":true,"href":"https:\/\/neelayurvedics.es\/index.php?rest_route=%2Fwp%2Fv2%2Fcomments&post=10308"}],"wp:featuredmedia":[{"embeddable":true,"href":"https:\/\/neelayurvedics.es\/index.php?rest_route=\/wp\/v2\/media\/10309"}],"wp:attachment":[{"href":"https:\/\/neelayurvedics.es\/index.php?rest_route=%2Fwp%2Fv2%2Fmedia&parent=10308"}],"wp:term":[{"taxonomy":"product_brand","embeddable":true,"href":"https:\/\/neelayurvedics.es\/index.php?rest_route=%2Fwp%2Fv2%2Fproduct_brand&post=10308"},{"taxonomy":"product_cat","embeddable":true,"href":"https:\/\/neelayurvedics.es\/index.php?rest_route=%2Fwp%2Fv2%2Fproduct_cat&post=10308"},{"taxonomy":"product_tag","embeddable":true,"href":"https:\/\/neelayurvedics.es\/index.php?rest_route=%2Fwp%2Fv2%2Fproduct_tag&post=10308"}],"curies":[{"name":"wp","href":"https:\/\/api.w.org\/{rel}","templated":true}]}}