{"id":10312,"date":"2025-04-29T11:10:58","date_gmt":"2025-04-29T11:10:58","guid":{"rendered":"https:\/\/neelayurvedics.es\/?post_type=product&#038;p=10312"},"modified":"2025-04-29T12:28:37","modified_gmt":"2025-04-29T12:28:37","slug":"himalaya-oro-t-mouthwash-100-ml","status":"publish","type":"product","link":"https:\/\/neelayurvedics.es\/?product=himalaya-oro-t-mouthwash-100-ml","title":{"rendered":"Himalaya Oro-T Mouthwash -100 Ml"},"content":{"rendered":"<h3>Beneficios \u00fanicos\u00a0: &#8211;<\/h3>\n<ul>\n<li>El enjuague bucal Himalaya Oro-T se recomienda para prevenir la aparici\u00f3n o el tratamiento de las \u00falceras bucales. Ayuda a reducir la inflamaci\u00f3n, el dolor y el riesgo de infecciones secundarias en la cavidad bucal.<\/li>\n<\/ul>\n<ul>\n<li>El enjuague bucal tiene propiedades antis\u00e9pticas que pueden ayudar a prevenir infecciones secundarias en la boca. Act\u00faa atacando m\u00faltiples v\u00edas de inflamaci\u00f3n en el organismo.<\/li>\n<\/ul>\n<ul>\n<li>El enjuague bucal Himalaya Oro-T est\u00e1 formulado con ingredientes naturales que proporcionan efectos calmantes y cicatrizantes en los tejidos bucales. Ayuda a reducir la inflamaci\u00f3n, el ardor y las molestias bucales.<\/li>\n<\/ul>\n<ul>\n<li>Al mantener la higiene bucal y reducir la inflamaci\u00f3n, el enjuague bucal Himalaya Oro-T promueve la salud bucal general. Puede ayudar a reducir la placa dental y prevenir infecciones bucales.<\/li>\n<\/ul>\n<h3>Ingredientes\u00a0:-<\/h3>\n<ul>\n<li>Haridra (c\u00farcuma\/c\u00farcuma longa)<\/li>\n<li>Madhu (Miel)<\/li>\n<li>Triphala<\/li>\n<\/ul>\n<h3>Instrucciones de uso :-<\/h3>\n<ul>\n<li>Haga g\u00e1rgaras con 5 a 15 ml de enjuague bucal Oro-T durante un minuto o m\u00e1s, si es posible.<\/li>\n<\/ul>\n<ul>\n<li>\u00daselo de 4 a 6 veces al d\u00eda o seg\u00fan lo indique un profesional de la salud.<\/li>\n<\/ul>\n","protected":false},"excerpt":{"rendered":"<p><span>El enjuague bucal Himalaya Oro-T es una preparaci\u00f3n herbal para el cuidado bucal, recomendada para prevenir o tratar las \u00falceras bucales. Sus componentes qu\u00edmicos naturales reducen la inflamaci\u00f3n, el ardor, las molestias y el riesgo de infecciones secundarias en la cavidad bucal.<\/span><\/p>\n<p><span>Est\u00e1 especialmente dise\u00f1ado para brindar comodidad y promover la salud bucal en personas con mucositis oral. El objetivo principal del enjuague bucal Himalaya Oro-T es ofrecer efectos calmantes y cicatrizantes en los tejidos bucales, creando un entorno bucal saludable.<\/span><\/p>\n<ul>\n<li><span>Previene las \u00falceras bucales<\/span><\/li>\n<li><span>Tiene acci\u00f3n antis\u00e9ptica.<\/span><\/li>\n<li><span>Efectos calmantes y curativos<\/span><\/li>\n<li><span>Promueve la salud bucal<\/span><\/li>\n<\/ul>\n","protected":false},"featured_media":10313,"comment_status":"open","ping_status":"closed","template":"","meta":[],"product_brand":[],"product_cat":[200,279],"product_tag":[],"class_list":{"0":"post-10312","1":"product","2":"type-product","3":"status-publish","4":"has-post-thumbnail","6":"product_cat-marca","7":"product_cat-himalaya","9":"first","10":"instock","11":"shipping-taxable","12":"purchasable","13":"product-type-simple"},"_links":{"self":[{"href":"https:\/\/neelayurvedics.es\/index.php?rest_route=\/wp\/v2\/product\/10312","targetHints":{"allow":["GET"]}}],"collection":[{"href":"https:\/\/neelayurvedics.es\/index.php?rest_route=\/wp\/v2\/product"}],"about":[{"href":"https:\/\/neelayurvedics.es\/index.php?rest_route=\/wp\/v2\/types\/product"}],"replies":[{"embeddable":true,"href":"https:\/\/neelayurvedics.es\/index.php?rest_route=%2Fwp%2Fv2%2Fcomments&post=10312"}],"wp:featuredmedia":[{"embeddable":true,"href":"https:\/\/neelayurvedics.es\/index.php?rest_route=\/wp\/v2\/media\/10313"}],"wp:attachment":[{"href":"https:\/\/neelayurvedics.es\/index.php?rest_route=%2Fwp%2Fv2%2Fmedia&parent=10312"}],"wp:term":[{"taxonomy":"product_brand","embeddable":true,"href":"https:\/\/neelayurvedics.es\/index.php?rest_route=%2Fwp%2Fv2%2Fproduct_brand&post=10312"},{"taxonomy":"product_cat","embeddable":true,"href":"https:\/\/neelayurvedics.es\/index.php?rest_route=%2Fwp%2Fv2%2Fproduct_cat&post=10312"},{"taxonomy":"product_tag","embeddable":true,"href":"https:\/\/neelayurvedics.es\/index.php?rest_route=%2Fwp%2Fv2%2Fproduct_tag&post=10312"}],"curies":[{"name":"wp","href":"https:\/\/api.w.org\/{rel}","templated":true}]}}