{"id":10314,"date":"2025-04-29T11:36:28","date_gmt":"2025-04-29T11:36:28","guid":{"rendered":"https:\/\/neelayurvedics.es\/?post_type=product&#038;p=10314"},"modified":"2025-04-29T13:34:13","modified_gmt":"2025-04-29T13:34:13","slug":"himalaya-oxitard-capsulas-30-capsulas","status":"publish","type":"product","link":"https:\/\/neelayurvedics.es\/?product=himalaya-oxitard-capsulas-30-capsulas","title":{"rendered":"Himalaya Oxitard C\u00e1psulas \u2013 30 C\u00e1psulas"},"content":{"rendered":"<p>Himalaya Oxitard Capsule es una f\u00f3rmula exclusiva que combina medicamentos homeop\u00e1ticos de calcio con Symphytum para el tratamiento integral de la osteoporosis. Disfrute de la riqueza natural que convierte a este remedio en una opci\u00f3n confiable para la nutrici\u00f3n \u00f3sea.<\/p>\n<h3>Beneficios \u00fanicos\u00a0: &#8211;<\/h3>\n<ul>\n<li>Las propiedades antioxidantes naturales ayudan a prevenir el da\u00f1o tisular relacionado con la oxidaci\u00f3n.<\/li>\n<li>Las propiedades gastroprotectoras garantizan funciones gastrointestinales ideales.<\/li>\n<li>Aumenta la capacidad del cuerpo para combatir infecciones.<\/li>\n<\/ul>\n<h3>Ingrediente:-<\/h3>\n<ul>\n<li><b>Grosella espinosa india (amalaki):<\/b>\u00a0\u00a0Los taninos y flavonoides \u00fanicos del amalaki tienen la capacidad de estimular nuestro sistema enzim\u00e1tico antioxidante natural. Como hierba rejuvenecedora, la grosella espinosa india nutre los tejidos corporales y acelera el proceso de regeneraci\u00f3n celular. Con sus potentes propiedades nutritivas, ayuda a mantener los niveles de energ\u00eda y la vitalidad natural. Nutre la piel y mejora su salud. Como potente antioxidante, ayuda a eliminar los radicales libres. Los radicales libres son iones inestables de ox\u00edgeno presentes en el cuerpo, que se han relacionado con el envejecimiento prematuro. Contribuye al fortalecimiento del sistema inmunitario y proporciona resistencia contra numerosas enfermedades, especialmente las del tracto respiratorio. La grosella espinosa india ayuda a mantener la salud y el funcionamiento \u00f3ptimo del h\u00edgado, protegi\u00e9ndolo del da\u00f1o celular. El amalaki es un excelente gastroprotector y alivia dolencias estomacales como la hiperacidez.<\/li>\n<li><b>Mango (amra):<\/b>\u00a0Act\u00faa como gastroprotector contra lesiones g\u00e1stricas gracias a sus propiedades antisecretoras y antioxidantes. El amra tambi\u00e9n es un potente inmunomodulador, que fortalece la resistencia del organismo a las infecciones.<\/li>\n<\/ul>\n<h3>Instrucciones de uso :-<\/h3>\n<ul>\n<li>Seg\u00fan lo indique el m\u00e9dico.<\/li>\n<\/ul>\n","protected":false},"excerpt":{"rendered":"<p>Himalaya Oxitard Capsule, medicamento homeop\u00e1tico de calcio con Symphytum para el tratamiento de la osteoporosis. Su consumo regular ayuda a reducir la densidad mineral \u00f3sea, causante de dolores y fracturas de cadera, columna vertebral y mu\u00f1eca. Ayuda a controlar el dolor cr\u00f3nico de cuello o espalda baja en mujeres posmenop\u00e1usicas, as\u00ed como la discapacidad.<\/p>\n<ul>\n<li>Rica fuente de potentes antioxidantes<\/li>\n<li>Protege al cuerpo de infecciones.<\/li>\n<li>Ayuda a fortalecer el sistema inmunol\u00f3gico.<\/li>\n<\/ul>\n","protected":false},"featured_media":10316,"comment_status":"open","ping_status":"closed","template":"","meta":[],"product_brand":[],"product_cat":[200,279],"product_tag":[],"class_list":{"0":"post-10314","1":"product","2":"type-product","3":"status-publish","4":"has-post-thumbnail","6":"product_cat-marca","7":"product_cat-himalaya","9":"first","10":"instock","11":"shipping-taxable","12":"purchasable","13":"product-type-simple"},"_links":{"self":[{"href":"https:\/\/neelayurvedics.es\/index.php?rest_route=\/wp\/v2\/product\/10314","targetHints":{"allow":["GET"]}}],"collection":[{"href":"https:\/\/neelayurvedics.es\/index.php?rest_route=\/wp\/v2\/product"}],"about":[{"href":"https:\/\/neelayurvedics.es\/index.php?rest_route=\/wp\/v2\/types\/product"}],"replies":[{"embeddable":true,"href":"https:\/\/neelayurvedics.es\/index.php?rest_route=%2Fwp%2Fv2%2Fcomments&post=10314"}],"wp:featuredmedia":[{"embeddable":true,"href":"https:\/\/neelayurvedics.es\/index.php?rest_route=\/wp\/v2\/media\/10316"}],"wp:attachment":[{"href":"https:\/\/neelayurvedics.es\/index.php?rest_route=%2Fwp%2Fv2%2Fmedia&parent=10314"}],"wp:term":[{"taxonomy":"product_brand","embeddable":true,"href":"https:\/\/neelayurvedics.es\/index.php?rest_route=%2Fwp%2Fv2%2Fproduct_brand&post=10314"},{"taxonomy":"product_cat","embeddable":true,"href":"https:\/\/neelayurvedics.es\/index.php?rest_route=%2Fwp%2Fv2%2Fproduct_cat&post=10314"},{"taxonomy":"product_tag","embeddable":true,"href":"https:\/\/neelayurvedics.es\/index.php?rest_route=%2Fwp%2Fv2%2Fproduct_tag&post=10314"}],"curies":[{"name":"wp","href":"https:\/\/api.w.org\/{rel}","templated":true}]}}