{"id":10320,"date":"2025-05-01T13:44:15","date_gmt":"2025-05-01T13:44:15","guid":{"rendered":"https:\/\/neelayurvedics.es\/?post_type=product&#038;p=10320"},"modified":"2025-05-01T13:44:15","modified_gmt":"2025-05-01T13:44:15","slug":"himalaya-pilex-forte-unguento-30-gm","status":"publish","type":"product","link":"https:\/\/neelayurvedics.es\/?product=himalaya-pilex-forte-unguento-30-gm","title":{"rendered":"Himalaya Pilex Forte Ung\u00fcento &#8211; 30 Gm"},"content":{"rendered":"<p>El ung\u00fcento Himalaya Pilex Forte encoge la masa del pelo, controla el sangrado y es bueno para la piel hinchada. La mezcla proporciona alivio sintom\u00e1tico del sangrado rectal, malestar, picaz\u00f3n y corrige el estre\u00f1imiento cr\u00f3nico relacionado con la hemorragia. El ung\u00fcento Pilex est\u00e1 elaborado con extractos de hierbas naturales, lo que lo convierte en una opci\u00f3n popular para quienes buscan remedios naturales.<\/p>\n<h3>Direcci\u00f3n de uso:-<\/h3>\n<p>Limpie el \u00e1rea afectada con agua tibia, luego aplique una peque\u00f1a cantidad de pomada en el \u00e1rea afectada y masajee suavemente hasta que se absorba.<br \/>\nUtilice el ung\u00fcento dos o tres veces al d\u00eda o seg\u00fan las indicaciones de un profesional de la salud.<\/p>\n","protected":false},"excerpt":{"rendered":"<p>El ung\u00fcento Himalaya Pilex Forte encoge la masa del pelo, controla el sangrado y es bueno para la piel hinchada. La mezcla proporciona alivio sintom\u00e1tico del sangrado rectal, malestar, picaz\u00f3n y corrige el estre\u00f1imiento cr\u00f3nico relacionado con la hemorragia. El ung\u00fcento Pilex est\u00e1 elaborado con extractos de hierbas naturales, lo que lo convierte en una [&hellip;]<\/p>\n","protected":false},"featured_media":10321,"comment_status":"open","ping_status":"closed","template":"","meta":[],"product_brand":[],"product_cat":[200,279],"product_tag":[],"class_list":{"0":"post-10320","1":"product","2":"type-product","3":"status-publish","4":"has-post-thumbnail","6":"product_cat-marca","7":"product_cat-himalaya","9":"first","10":"instock","11":"shipping-taxable","12":"purchasable","13":"product-type-simple"},"_links":{"self":[{"href":"https:\/\/neelayurvedics.es\/index.php?rest_route=\/wp\/v2\/product\/10320","targetHints":{"allow":["GET"]}}],"collection":[{"href":"https:\/\/neelayurvedics.es\/index.php?rest_route=\/wp\/v2\/product"}],"about":[{"href":"https:\/\/neelayurvedics.es\/index.php?rest_route=\/wp\/v2\/types\/product"}],"replies":[{"embeddable":true,"href":"https:\/\/neelayurvedics.es\/index.php?rest_route=%2Fwp%2Fv2%2Fcomments&post=10320"}],"wp:featuredmedia":[{"embeddable":true,"href":"https:\/\/neelayurvedics.es\/index.php?rest_route=\/wp\/v2\/media\/10321"}],"wp:attachment":[{"href":"https:\/\/neelayurvedics.es\/index.php?rest_route=%2Fwp%2Fv2%2Fmedia&parent=10320"}],"wp:term":[{"taxonomy":"product_brand","embeddable":true,"href":"https:\/\/neelayurvedics.es\/index.php?rest_route=%2Fwp%2Fv2%2Fproduct_brand&post=10320"},{"taxonomy":"product_cat","embeddable":true,"href":"https:\/\/neelayurvedics.es\/index.php?rest_route=%2Fwp%2Fv2%2Fproduct_cat&post=10320"},{"taxonomy":"product_tag","embeddable":true,"href":"https:\/\/neelayurvedics.es\/index.php?rest_route=%2Fwp%2Fv2%2Fproduct_tag&post=10320"}],"curies":[{"name":"wp","href":"https:\/\/api.w.org\/{rel}","templated":true}]}}