{"id":10325,"date":"2025-05-02T10:31:02","date_gmt":"2025-05-02T10:31:02","guid":{"rendered":"https:\/\/neelayurvedics.es\/?post_type=product&#038;p=10325"},"modified":"2025-05-02T10:33:37","modified_gmt":"2025-05-02T10:33:37","slug":"himalaya-pilex-tableta-60-tabletas","status":"publish","type":"product","link":"https:\/\/neelayurvedics.es\/?product=himalaya-pilex-tableta-60-tabletas","title":{"rendered":"Himalaya Pilex Tableta &#8211; 60 Tabletas"},"content":{"rendered":"<h3><strong><u>Beneficios \u00fanicos<\/u><\/strong><strong>\u00a0: &#8211;<\/strong><\/h3>\n<ul>\n<li>La tableta Himalaya Pilex ayuda a aliviar el dolor y asegura una excreci\u00f3n fecal indolora.<\/li>\n<li>Lajjalu tiene propiedades astringentes y estr\u00edpticas que son beneficiosas para tratar las hemorroides sangrantes.<\/li>\n<li>La cal de zinc (Yashad bhasma) acelera la cicatrizaci\u00f3n de heridas mediante la regeneraci\u00f3n epitelial (tejido superficial).<\/li>\n<li>Tambi\u00e9n tiene una acci\u00f3n antimicrobiana.<\/li>\n<\/ul>\n<h3><strong><u>Ingredientes<\/u><\/strong><strong>\u00a0:-<\/strong><\/h3>\n<ul>\n<li>Lajjalu<\/li>\n<li>Yashad Bhasma<\/li>\n<li>Vaca<\/li>\n<li>A la izquierda<\/li>\n<li>Putikaranja<\/li>\n<li>Surana<\/li>\n<\/ul>\n<h3><strong><u>Instrucciones de uso<\/u><\/strong><strong> :-\u00a0<\/strong><\/h3>\n<ul>\n<li>Seg\u00fan lo indique el m\u00e9dico<\/li>\n<\/ul>\n","protected":false},"excerpt":{"rendered":"<p>Himalaya Pilex Tablet es un tratamiento ayurv\u00e9dico para las hemorroides. Est\u00e1 compuesto principalmente de Lajjalu y Yashad bhasma. Pilex reduce las hemorroides, detiene el sangrado y cura la piel y las mucosas irritadas.<\/p>\n<p>El medicamento alivia los s\u00edntomas de sangrado rectal, malestar, picaz\u00f3n y estre\u00f1imiento persistente causados \u200b\u200bpor hemorroides.<\/p>\n<p>La tableta Himalaya Pilex tiene un efecto analg\u00e9sico local que alivia el dolor y garantiza una evacuaci\u00f3n fecal indolora. Pilex tambi\u00e9n act\u00faa como antibacteriano y protege al organismo de infecciones microbianas posteriores.<\/p>\n<ul>\n<li>Alivia el dolor y asegura la excreci\u00f3n fecal sin dolor.<\/li>\n<li>Acelera la cicatrizaci\u00f3n de heridas.<\/li>\n<li>Ayuda a la digesti\u00f3n<\/li>\n<\/ul>\n","protected":false},"featured_media":10326,"comment_status":"open","ping_status":"closed","template":"","meta":[],"product_brand":[],"product_cat":[200,279],"product_tag":[],"class_list":{"0":"post-10325","1":"product","2":"type-product","3":"status-publish","4":"has-post-thumbnail","6":"product_cat-marca","7":"product_cat-himalaya","9":"first","10":"instock","11":"shipping-taxable","12":"purchasable","13":"product-type-simple"},"_links":{"self":[{"href":"https:\/\/neelayurvedics.es\/index.php?rest_route=\/wp\/v2\/product\/10325","targetHints":{"allow":["GET"]}}],"collection":[{"href":"https:\/\/neelayurvedics.es\/index.php?rest_route=\/wp\/v2\/product"}],"about":[{"href":"https:\/\/neelayurvedics.es\/index.php?rest_route=\/wp\/v2\/types\/product"}],"replies":[{"embeddable":true,"href":"https:\/\/neelayurvedics.es\/index.php?rest_route=%2Fwp%2Fv2%2Fcomments&post=10325"}],"wp:featuredmedia":[{"embeddable":true,"href":"https:\/\/neelayurvedics.es\/index.php?rest_route=\/wp\/v2\/media\/10326"}],"wp:attachment":[{"href":"https:\/\/neelayurvedics.es\/index.php?rest_route=%2Fwp%2Fv2%2Fmedia&parent=10325"}],"wp:term":[{"taxonomy":"product_brand","embeddable":true,"href":"https:\/\/neelayurvedics.es\/index.php?rest_route=%2Fwp%2Fv2%2Fproduct_brand&post=10325"},{"taxonomy":"product_cat","embeddable":true,"href":"https:\/\/neelayurvedics.es\/index.php?rest_route=%2Fwp%2Fv2%2Fproduct_cat&post=10325"},{"taxonomy":"product_tag","embeddable":true,"href":"https:\/\/neelayurvedics.es\/index.php?rest_route=%2Fwp%2Fv2%2Fproduct_tag&post=10325"}],"curies":[{"name":"wp","href":"https:\/\/api.w.org\/{rel}","templated":true}]}}