{"id":10327,"date":"2025-05-02T10:50:41","date_gmt":"2025-05-02T10:50:41","guid":{"rendered":"https:\/\/neelayurvedics.es\/?post_type=product&#038;p=10327"},"modified":"2025-05-02T10:56:53","modified_gmt":"2025-05-02T10:56:53","slug":"himalaya-platenza-tableta-60-tabletas","status":"publish","type":"product","link":"https:\/\/neelayurvedics.es\/?product=himalaya-platenza-tableta-60-tabletas","title":{"rendered":"Himalaya Platenza Tableta \u2013 60 Tabletas"},"content":{"rendered":"<p>La tableta Platenza ayuda a tu sistema digestivo a procesar los alimentos de forma m\u00e1s eficiente. La papaya contiene enzimas digestivas naturales como la papa\u00edna, la proteasa y la amilasa, que ayudan a descomponer las prote\u00ednas de los alimentos y te hacen sentir mejor despu\u00e9s de comer.<\/p>\n<p>Las enzimas del polvo de papaya pueden ayudar en la digesti\u00f3n de l\u00edpidos, fibra, celulosa, prote\u00ednas y gluten al ayudar a descomponer comidas dif\u00edciles de digerir y aliviando el dolor o el malestar causado por el s\u00edndrome del intestino irritable, diarrea, gases, hinchaz\u00f3n, estre\u00f1imiento y otras dificultades gastrointestinales.<\/p>\n<h3><strong><u>Beneficios \u00fanicos<\/u><\/strong><strong>\u00a0: &#8211;<\/strong><\/h3>\n<ul>\n<li><strong>Guduchi:<\/strong>\u00a0\u00a0Fortalece el sistema inmunol\u00f3gico, tiene propiedades antipir\u00e9ticas, antivirales y hepatoprotectoras.<\/li>\n<li><strong>Maricha:<\/strong>\u00a0\u00a0Act\u00faa como antipir\u00e9tico y potenciador de la biodisponibilidad.<\/li>\n<li><strong>Papaya:<\/strong>\u00a0\u00a0Posee funci\u00f3n antidengue y de aumento plaquetario y disminuye la destrucci\u00f3n plaquetaria perif\u00e9rica.<\/li>\n<\/ul>\n<h3><strong><u>Ingredientes<\/u><\/strong><strong>\u00a0:-<\/strong><\/h3>\n<ul>\n<li>Guduchi<\/li>\n<li>Discusi\u00f3n<\/li>\n<li>Papaya<\/li>\n<li>Bhudhatri<\/li>\n<\/ul>\n<h3><strong><u>Instrucciones de uso<\/u><\/strong><strong> :-<\/strong><\/h3>\n<ul>\n<li>1-2 comprimidos dos veces al d\u00eda o seg\u00fan lo indique el profesional de la salud.<\/li>\n<\/ul>\n","protected":false},"excerpt":{"rendered":"<p>Las tabletas Himalaya Platenza son una f\u00f3rmula herbal que puede ayudar a aumentar el recuento de plaquetas y revertir la trombocitopenia (bajo recuento de plaquetas). Ayudan a fortalecer el sistema inmunitario y a regular la temperatura corporal.<\/p>\n<ul>\n<li>Ayuda a reducir la temperatura corporal alta.<\/li>\n<li>Ayuda a aumentar el recuento de plaquetas.<\/li>\n<li>Aumenta la funci\u00f3n inmunol\u00f3gica<\/li>\n<\/ul>\n","protected":false},"featured_media":10328,"comment_status":"open","ping_status":"closed","template":"","meta":[],"product_brand":[],"product_cat":[200,279],"product_tag":[],"class_list":{"0":"post-10327","1":"product","2":"type-product","3":"status-publish","4":"has-post-thumbnail","6":"product_cat-marca","7":"product_cat-himalaya","9":"first","10":"instock","11":"shipping-taxable","12":"purchasable","13":"product-type-simple"},"_links":{"self":[{"href":"https:\/\/neelayurvedics.es\/index.php?rest_route=\/wp\/v2\/product\/10327","targetHints":{"allow":["GET"]}}],"collection":[{"href":"https:\/\/neelayurvedics.es\/index.php?rest_route=\/wp\/v2\/product"}],"about":[{"href":"https:\/\/neelayurvedics.es\/index.php?rest_route=\/wp\/v2\/types\/product"}],"replies":[{"embeddable":true,"href":"https:\/\/neelayurvedics.es\/index.php?rest_route=%2Fwp%2Fv2%2Fcomments&post=10327"}],"wp:featuredmedia":[{"embeddable":true,"href":"https:\/\/neelayurvedics.es\/index.php?rest_route=\/wp\/v2\/media\/10328"}],"wp:attachment":[{"href":"https:\/\/neelayurvedics.es\/index.php?rest_route=%2Fwp%2Fv2%2Fmedia&parent=10327"}],"wp:term":[{"taxonomy":"product_brand","embeddable":true,"href":"https:\/\/neelayurvedics.es\/index.php?rest_route=%2Fwp%2Fv2%2Fproduct_brand&post=10327"},{"taxonomy":"product_cat","embeddable":true,"href":"https:\/\/neelayurvedics.es\/index.php?rest_route=%2Fwp%2Fv2%2Fproduct_cat&post=10327"},{"taxonomy":"product_tag","embeddable":true,"href":"https:\/\/neelayurvedics.es\/index.php?rest_route=%2Fwp%2Fv2%2Fproduct_tag&post=10327"}],"curies":[{"name":"wp","href":"https:\/\/api.w.org\/{rel}","templated":true}]}}