{"id":10330,"date":"2025-05-02T11:11:38","date_gmt":"2025-05-02T11:11:38","guid":{"rendered":"https:\/\/neelayurvedics.es\/?post_type=product&#038;p=10330"},"modified":"2026-04-13T05:31:59","modified_gmt":"2026-04-13T05:31:59","slug":"himalaya-punarnava-tableta-60-tabletas","status":"publish","type":"product","link":"https:\/\/neelayurvedics.es\/?product=himalaya-punarnava-tableta-60-tabletas","title":{"rendered":"Himalaya Punarnava Tableta &#8211; 60 Tabletas"},"content":{"rendered":"<h3><strong><u>Beneficios \u00fanicos<\/u><\/strong><strong>\u00a0: &#8211;<\/strong><\/h3>\n<ul>\n<li>Muestra actividades diur\u00e9ticas y ayuda a eliminar toxinas y pat\u00f3genos da\u00f1inos.<\/li>\n<li>Controla la recurrencia de infecciones del sistema urinario neutralizando los g\u00e9rmenes causantes de enfermedades y sus efectos t\u00f3xicos.<\/li>\n<li>Exhibe propiedades analg\u00e9sicas y antiinflamatorias que ayudan a aliviar y calmar el tracto urinario.<\/li>\n<\/ul>\n<h3><strong><u>Ingredientes<\/u><\/strong><strong>\u00a0:-<\/strong><\/h3>\n<ul>\n<li>Punarnava<\/li>\n<\/ul>\n<h3><strong><u>Instrucciones de uso<\/u><\/strong><strong> :-<\/strong><\/h3>\n<ul>\n<li>Tome 1-2 comprimidos dos veces al d\u00eda o seg\u00fan lo indique el m\u00e9dico.<\/li>\n<\/ul>\n","protected":false},"excerpt":{"rendered":"<p>La tableta Himalaya Punarnava energiza y revitaliza el cuerpo. Favorece el funcionamiento saludable del sistema urinario. Los flavonoides, alcaloides y gluc\u00f3sidos presentes de forma natural en la planta ayudan a reducir el da\u00f1o renal causado por los radicales libres.<\/p>\n<ul>\n<li>La tableta Himalaya Punarnava ayuda a mantener la salud del sistema urinario.<\/li>\n<li>Ayuda a tratar las infecciones del tracto urinario.<\/li>\n<li>\u00datil para el funcionamiento eficiente de los ri\u00f1ones.<\/li>\n<li>Contiene propiedades analg\u00e9sicas y antiinflamatorias.<\/li>\n<\/ul>\n","protected":false},"featured_media":10331,"comment_status":"open","ping_status":"closed","template":"","meta":[],"product_brand":[],"product_cat":[200,279],"product_tag":[],"class_list":{"0":"post-10330","1":"product","2":"type-product","3":"status-publish","4":"has-post-thumbnail","6":"product_cat-marca","7":"product_cat-himalaya","9":"first","10":"instock","11":"shipping-taxable","12":"purchasable","13":"product-type-simple"},"_links":{"self":[{"href":"https:\/\/neelayurvedics.es\/index.php?rest_route=\/wp\/v2\/product\/10330","targetHints":{"allow":["GET"]}}],"collection":[{"href":"https:\/\/neelayurvedics.es\/index.php?rest_route=\/wp\/v2\/product"}],"about":[{"href":"https:\/\/neelayurvedics.es\/index.php?rest_route=\/wp\/v2\/types\/product"}],"replies":[{"embeddable":true,"href":"https:\/\/neelayurvedics.es\/index.php?rest_route=%2Fwp%2Fv2%2Fcomments&post=10330"}],"wp:featuredmedia":[{"embeddable":true,"href":"https:\/\/neelayurvedics.es\/index.php?rest_route=\/wp\/v2\/media\/10331"}],"wp:attachment":[{"href":"https:\/\/neelayurvedics.es\/index.php?rest_route=%2Fwp%2Fv2%2Fmedia&parent=10330"}],"wp:term":[{"taxonomy":"product_brand","embeddable":true,"href":"https:\/\/neelayurvedics.es\/index.php?rest_route=%2Fwp%2Fv2%2Fproduct_brand&post=10330"},{"taxonomy":"product_cat","embeddable":true,"href":"https:\/\/neelayurvedics.es\/index.php?rest_route=%2Fwp%2Fv2%2Fproduct_cat&post=10330"},{"taxonomy":"product_tag","embeddable":true,"href":"https:\/\/neelayurvedics.es\/index.php?rest_route=%2Fwp%2Fv2%2Fproduct_tag&post=10330"}],"curies":[{"name":"wp","href":"https:\/\/api.w.org\/{rel}","templated":true}]}}