{"id":10337,"date":"2025-05-02T11:25:40","date_gmt":"2025-05-02T11:25:40","guid":{"rendered":"https:\/\/neelayurvedics.es\/?post_type=product&#038;p=10337"},"modified":"2025-05-02T11:25:40","modified_gmt":"2025-05-02T11:25:40","slug":"himalaya-purim-tableta-60-tabletas","status":"publish","type":"product","link":"https:\/\/neelayurvedics.es\/?product=himalaya-purim-tableta-60-tabletas","title":{"rendered":"Himalaya Purim Tableta &#8211; 60 Tabletas"},"content":{"rendered":"<h3><span>Beneficios \u00fanicos<\/span><span>\u00a0: &#8211;<\/span><\/h3>\n<ul>\n<li><span>La c\u00farcuma es bien conocida por sus propiedades antiinflamatorias.<\/span><\/li>\n<li><span>La c\u00farcuma ayuda a tratar y prevenir diversas infecciones de la piel.<\/span><\/li>\n<li><span>Es extremadamente \u00fatil para calmar las alergias de la piel.<\/span><\/li>\n<li><span>La c\u00farcuma es un desintoxicante sangu\u00edneo natural y antimicrobiano que ayuda a aliviar enfermedades de la piel y a mejorar la tez.<\/span><\/li>\n<li><span>El neem funciona como un agente antibacteriano eficaz y previene la propagaci\u00f3n de las bacterias que causan el acn\u00e9.<\/span><\/li>\n<li><span>El Neem es \u00fatil para el tratamiento de trastornos de la piel, debido a su propiedad desintoxicante.<\/span><\/li>\n<li><span>El crecimiento de bacterias que causan acn\u00e9, como Propionibacterium acnes (P. acnes) y Staphylococcus epidermidis, tambi\u00e9n se inhibe con Neem.<\/span><\/li>\n<\/ul>\n<h3><span>Ingredientes<\/span><span>\u00a0:-<\/span><\/h3>\n<ul>\n<li><span>C\u00farcuma<\/span><\/li>\n<li><span>Llevar<\/span><\/li>\n<\/ul>\n<h3><span>Instrucciones de uso<\/span><span>\u00a0:<\/span><\/h3>\n<ul>\n<li><span>\u00daselo seg\u00fan las indicaciones del m\u00e9dico.<\/span><\/li>\n<\/ul>\n","protected":false},"excerpt":{"rendered":"<p><span>La tableta Himalaya Purim combina propiedades antis\u00e9pticas, antibacterianas, antif\u00fangicas, antiinflamatorias, antivirales, cicatrizantes y antial\u00e9rgicas para tratar infecciones cut\u00e1neas. Contribuye a mejorar la funci\u00f3n hep\u00e1tica y desintoxica el cuerpo de desechos metab\u00f3licos da\u00f1inos. Alivia los s\u00edntomas de alergias cut\u00e1neas y dermatitis.<\/span><\/p>\n<ul>\n<li><span>La tableta Himalaya Purim posee propiedades antis\u00e9pticas, antibacterianas, antif\u00fangicas, antiinflamatorias y antivirales.<\/span><\/li>\n<li><span>Proporciona alivio sintom\u00e1tico en alergias cut\u00e1neas y dermatitis.<\/span><\/li>\n<li><span>Ayuda a tratar y prevenir diversas infecciones de la piel.<\/span><\/li>\n<\/ul>\n","protected":false},"featured_media":10338,"comment_status":"open","ping_status":"closed","template":"","meta":[],"product_brand":[],"product_cat":[200,279],"product_tag":[],"class_list":{"0":"post-10337","1":"product","2":"type-product","3":"status-publish","4":"has-post-thumbnail","6":"product_cat-marca","7":"product_cat-himalaya","9":"first","10":"instock","11":"shipping-taxable","12":"purchasable","13":"product-type-simple"},"_links":{"self":[{"href":"https:\/\/neelayurvedics.es\/index.php?rest_route=\/wp\/v2\/product\/10337","targetHints":{"allow":["GET"]}}],"collection":[{"href":"https:\/\/neelayurvedics.es\/index.php?rest_route=\/wp\/v2\/product"}],"about":[{"href":"https:\/\/neelayurvedics.es\/index.php?rest_route=\/wp\/v2\/types\/product"}],"replies":[{"embeddable":true,"href":"https:\/\/neelayurvedics.es\/index.php?rest_route=%2Fwp%2Fv2%2Fcomments&post=10337"}],"wp:featuredmedia":[{"embeddable":true,"href":"https:\/\/neelayurvedics.es\/index.php?rest_route=\/wp\/v2\/media\/10338"}],"wp:attachment":[{"href":"https:\/\/neelayurvedics.es\/index.php?rest_route=%2Fwp%2Fv2%2Fmedia&parent=10337"}],"wp:term":[{"taxonomy":"product_brand","embeddable":true,"href":"https:\/\/neelayurvedics.es\/index.php?rest_route=%2Fwp%2Fv2%2Fproduct_brand&post=10337"},{"taxonomy":"product_cat","embeddable":true,"href":"https:\/\/neelayurvedics.es\/index.php?rest_route=%2Fwp%2Fv2%2Fproduct_cat&post=10337"},{"taxonomy":"product_tag","embeddable":true,"href":"https:\/\/neelayurvedics.es\/index.php?rest_route=%2Fwp%2Fv2%2Fproduct_tag&post=10337"}],"curies":[{"name":"wp","href":"https:\/\/api.w.org\/{rel}","templated":true}]}}