{"id":10343,"date":"2025-05-05T12:26:13","date_gmt":"2025-05-05T12:26:13","guid":{"rendered":"https:\/\/neelayurvedics.es\/?post_type=product&#038;p=10343"},"modified":"2025-05-05T12:26:16","modified_gmt":"2025-05-05T12:26:16","slug":"himalaya-reosto-30-tabletas","status":"publish","type":"product","link":"https:\/\/neelayurvedics.es\/?product=himalaya-reosto-30-tabletas","title":{"rendered":"Himalaya Reosto \u2013 30 Tabletas"},"content":{"rendered":"<p><span>La tableta Himalaya Reosto es una joya ayurv\u00e9dica que combina arjuna, bedelio indio y bala para el tratamiento eficaz de la osteoporosis y las fracturas. Disfrute de la riqueza natural que convierte a este remedio en una opci\u00f3n confiable para la revitalizaci\u00f3n \u00f3sea.<\/span><\/p>\n<h3><strong><u>Beneficios \u00fanicos<\/u><\/strong><strong>\u00a0: &#8211;<\/strong><\/h3>\n<ul>\n<li><strong><span>Arjuna:<\/span><\/strong><span>\u00a0\u00a0Es un potente antiinflamatorio y antioxidante, y contiene un compuesto bioactivo necesario para la absorci\u00f3n de calcio. Garantizar una biodisponibilidad \u00f3ptima del calcio es fundamental para el crecimiento y la reparaci\u00f3n del tejido \u00f3seo.<\/span><\/li>\n<li><strong><span>Bedelio indio:<\/span><\/strong><span>\u00a0\u00a0Contribuye a la remineralizaci\u00f3n \u00f3sea, aumenta la densidad mineral \u00f3sea y fortalece el tejido conectivo. Sus propiedades antiinflamatorias y analg\u00e9sicas son beneficiosas para aliviar el dolor \u00f3seo.<\/span><\/li>\n<li><span>La tableta puede ayudar a sanar los huesos despu\u00e9s de una fractura.<\/span><\/li>\n<\/ul>\n<h3><u>Ingredientes<\/u>\u00a0:-<\/h3>\n<ul>\n<li><span>Arjuna<\/span><\/li>\n<li><span>bedelio indio<\/span><\/li>\n<li><span>Leer<\/span><\/li>\n<\/ul>\n<h3><u>Instrucciones de uso<\/u> :-<\/h3>\n<ul>\n<li><span>1-2 comprimidos dos veces al d\u00eda o seg\u00fan lo indique el profesional de la salud.<\/span><\/li>\n<\/ul>\n","protected":false},"excerpt":{"rendered":"<p><span>La tableta Himalaya Reosto es una f\u00f3rmula ayurv\u00e9dica que incluye arjuna, bedelio indio y bala, y se utiliza para tratar la osteoporosis y las fracturas. Las hierbas ofrecen efectos antiinflamatorios y antioxidantes, adem\u00e1s de favorecer la absorci\u00f3n de calcio.<\/span><\/p>\n<ul>\n<li><span>Ayuda a curar fracturas en los huesos.<\/span><\/li>\n<li><span>Fortalece los huesos<\/span><\/li>\n<li><span>Ayuda en la absorci\u00f3n de calcio.<\/span><\/li>\n<\/ul>\n","protected":false},"featured_media":10344,"comment_status":"open","ping_status":"closed","template":"","meta":[],"product_brand":[],"product_cat":[200,279],"product_tag":[],"class_list":{"0":"post-10343","1":"product","2":"type-product","3":"status-publish","4":"has-post-thumbnail","6":"product_cat-marca","7":"product_cat-himalaya","9":"first","10":"instock","11":"shipping-taxable","12":"purchasable","13":"product-type-simple"},"_links":{"self":[{"href":"https:\/\/neelayurvedics.es\/index.php?rest_route=\/wp\/v2\/product\/10343","targetHints":{"allow":["GET"]}}],"collection":[{"href":"https:\/\/neelayurvedics.es\/index.php?rest_route=\/wp\/v2\/product"}],"about":[{"href":"https:\/\/neelayurvedics.es\/index.php?rest_route=\/wp\/v2\/types\/product"}],"replies":[{"embeddable":true,"href":"https:\/\/neelayurvedics.es\/index.php?rest_route=%2Fwp%2Fv2%2Fcomments&post=10343"}],"wp:featuredmedia":[{"embeddable":true,"href":"https:\/\/neelayurvedics.es\/index.php?rest_route=\/wp\/v2\/media\/10344"}],"wp:attachment":[{"href":"https:\/\/neelayurvedics.es\/index.php?rest_route=%2Fwp%2Fv2%2Fmedia&parent=10343"}],"wp:term":[{"taxonomy":"product_brand","embeddable":true,"href":"https:\/\/neelayurvedics.es\/index.php?rest_route=%2Fwp%2Fv2%2Fproduct_brand&post=10343"},{"taxonomy":"product_cat","embeddable":true,"href":"https:\/\/neelayurvedics.es\/index.php?rest_route=%2Fwp%2Fv2%2Fproduct_cat&post=10343"},{"taxonomy":"product_tag","embeddable":true,"href":"https:\/\/neelayurvedics.es\/index.php?rest_route=%2Fwp%2Fv2%2Fproduct_tag&post=10343"}],"curies":[{"name":"wp","href":"https:\/\/api.w.org\/{rel}","templated":true}]}}