{"id":10345,"date":"2025-05-05T12:33:13","date_gmt":"2025-05-05T12:33:13","guid":{"rendered":"https:\/\/neelayurvedics.es\/?post_type=product&#038;p=10345"},"modified":"2025-05-05T12:35:34","modified_gmt":"2025-05-05T12:35:34","slug":"himalaya-rumalaya-forte-tableta-30-tabletas","status":"publish","type":"product","link":"https:\/\/neelayurvedics.es\/?product=himalaya-rumalaya-forte-tableta-30-tabletas","title":{"rendered":"Himalaya Rumalaya Forte Tableta &#8211; 30 Tabletas"},"content":{"rendered":"<p>La tableta Himalaya Rumalaya Forte es una maravilla ayurv\u00e9dica que combina boswellia y bedelio indio para un alivio inigualable. Disfrute de la riqueza natural que convierte a este remedio en una opci\u00f3n confiable para el bienestar articular y muscular.<\/p>\n<h3><strong><u>Beneficios \u00fanicos<\/u><\/strong><strong>\u00a0: \u2013<\/strong><\/h3>\n<ul>\n<li>La resina de goma de Boswellia (shallaki) puede ayudar a reducir la hinchaz\u00f3n de las articulaciones, el dolor y otros s\u00edntomas de dolor articular inflamatorio, incluida la artritis reumatoide y la osteoartritis.<\/li>\n<li>La boswellia mejora el suministro de sangre a las articulaciones y mejora el movimiento.<\/li>\n<li>El bedelio indio (guggulu) es un agente antiinflamatorio y antioxidante que inhibe la formaci\u00f3n de \u00f3xido n\u00edtrico, que causa da\u00f1o oxidativo en las articulaciones y los huesos degenerados.<\/li>\n<\/ul>\n<h3><u>Ingredientes<\/u>\u00a0:-<\/h3>\n<ul>\n<li>Gokshura<\/li>\n<li>Guduchi<\/li>\n<li>Shallaki<\/li>\n<li>Guggulu<\/li>\n<li>Nuestra cabeza<\/li>\n<li>Yashtimadhu<\/li>\n<li>Resina de oleo-goma<\/li>\n<\/ul>\n<h3><u>Instrucciones de uso<\/u>\u00a0:-<\/h3>\n<ul>\n<li>1 tableta dos veces al d\u00eda o seg\u00fan lo indique el profesional de la salud.<\/li>\n<\/ul>\n","protected":false},"excerpt":{"rendered":"<p>Himalaya Rumalaya Forte Tablet es una f\u00f3rmula ayurv\u00e9dica que incluye sustancias ayurv\u00e9dicas como boswellia y bedelio indio que pueden ayudar a aliviar los s\u00edntomas asociados con la osteoartritis, espondilosis cervical y lumbar, artralgia, gota, hombro congelado y esguinces.<\/p>\n<ul>\n<li>Formulado con ingredientes ayurv\u00e9dicos.<\/li>\n<li>Ayuda a prevenir el da\u00f1o del cart\u00edlago.<\/li>\n<li>Contiene propiedades antiinflamatorias y antioxidantes.<\/li>\n<li>Ayuda a aliviar el dolor y la hinchaz\u00f3n de las articulaciones.<\/li>\n<\/ul>\n","protected":false},"featured_media":10346,"comment_status":"open","ping_status":"closed","template":"","meta":[],"product_brand":[],"product_cat":[200,279],"product_tag":[],"class_list":{"0":"post-10345","1":"product","2":"type-product","3":"status-publish","4":"has-post-thumbnail","6":"product_cat-marca","7":"product_cat-himalaya","9":"first","10":"instock","11":"shipping-taxable","12":"purchasable","13":"product-type-simple"},"_links":{"self":[{"href":"https:\/\/neelayurvedics.es\/index.php?rest_route=\/wp\/v2\/product\/10345","targetHints":{"allow":["GET"]}}],"collection":[{"href":"https:\/\/neelayurvedics.es\/index.php?rest_route=\/wp\/v2\/product"}],"about":[{"href":"https:\/\/neelayurvedics.es\/index.php?rest_route=\/wp\/v2\/types\/product"}],"replies":[{"embeddable":true,"href":"https:\/\/neelayurvedics.es\/index.php?rest_route=%2Fwp%2Fv2%2Fcomments&post=10345"}],"wp:featuredmedia":[{"embeddable":true,"href":"https:\/\/neelayurvedics.es\/index.php?rest_route=\/wp\/v2\/media\/10346"}],"wp:attachment":[{"href":"https:\/\/neelayurvedics.es\/index.php?rest_route=%2Fwp%2Fv2%2Fmedia&parent=10345"}],"wp:term":[{"taxonomy":"product_brand","embeddable":true,"href":"https:\/\/neelayurvedics.es\/index.php?rest_route=%2Fwp%2Fv2%2Fproduct_brand&post=10345"},{"taxonomy":"product_cat","embeddable":true,"href":"https:\/\/neelayurvedics.es\/index.php?rest_route=%2Fwp%2Fv2%2Fproduct_cat&post=10345"},{"taxonomy":"product_tag","embeddable":true,"href":"https:\/\/neelayurvedics.es\/index.php?rest_route=%2Fwp%2Fv2%2Fproduct_tag&post=10345"}],"curies":[{"name":"wp","href":"https:\/\/api.w.org\/{rel}","templated":true}]}}