{"id":10348,"date":"2025-05-05T12:44:16","date_gmt":"2025-05-05T12:44:16","guid":{"rendered":"https:\/\/neelayurvedics.es\/?post_type=product&#038;p=10348"},"modified":"2025-05-05T12:47:19","modified_gmt":"2025-05-05T12:47:19","slug":"himalaya-rumalaya-gel-30-gm","status":"publish","type":"product","link":"https:\/\/neelayurvedics.es\/?product=himalaya-rumalaya-gel-30-gm","title":{"rendered":"Himalaya Rumalaya Gel &#8211; 30 Gm"},"content":{"rendered":"<h3><strong><u>Beneficios \u00fanicos<\/u><\/strong><strong>\u00a0: \u2013<\/strong><\/h3>\n<ul>\n<li>La Boswellia serrata (incienso indio) puede ayudar a reducir la hinchaz\u00f3n, el dolor, la rigidez y otros s\u00edntomas de trastornos inflamatorios de las articulaciones.<\/li>\n<li>La hierba mejora el suministro de sangre a las articulaciones y restaura la integridad de los vasos sangu\u00edneos que son destruidos por los espasmos.<\/li>\n<li>Reduce la degradaci\u00f3n de glicosaminoglicanos y protege las articulaciones.<\/li>\n<li>El aceite de Indian Winter Green contiene salicilato de metilo, que es un analg\u00e9sico.<\/li>\n<li>El aceite alivia el dolor asociado con el reumatismo, la neuralgia y la ci\u00e1tica.<\/li>\n<\/ul>\n<h3><u>Ingredientes<\/u>\u00a0:-<\/h3>\n<ul>\n<li>Boswellias<\/li>\n<\/ul>\n<ul>\n<li>Verde de invierno indio<\/li>\n<\/ul>\n<h3><u>Instrucciones de uso<\/u>\u00a0:-<\/h3>\n<ul>\n<li>Aplique una peque\u00f1a cantidad de gel en la zona sensible y masaj\u00e9elo suavemente seg\u00fan las indicaciones del m\u00e9dico.<\/li>\n<\/ul>\n","protected":false},"excerpt":{"rendered":"<p>El gel Himalaya Rumalaya es un gel analg\u00e9sico que puede aliviar molestias en hombros, cuello, articulaciones, espalda, rodillas y tobillos, as\u00ed como la hinchaz\u00f3n y la inflamaci\u00f3n. Los medicamentos ayurv\u00e9dicos act\u00faan en conjunto para reducir la inflamaci\u00f3n y mejorar la movilidad.<\/p>\n<ul>\n<li>Elaborado con hierbas ayurv\u00e9dicas.<\/li>\n<li>Proporciona alivio del dolor.<\/li>\n<li>Reduce la inflamaci\u00f3n y la hinchaz\u00f3n.<\/li>\n<\/ul>\n","protected":false},"featured_media":10349,"comment_status":"open","ping_status":"closed","template":"","meta":[],"product_brand":[],"product_cat":[200,279],"product_tag":[],"class_list":{"0":"post-10348","1":"product","2":"type-product","3":"status-publish","4":"has-post-thumbnail","6":"product_cat-marca","7":"product_cat-himalaya","9":"first","10":"instock","11":"shipping-taxable","12":"purchasable","13":"product-type-simple"},"_links":{"self":[{"href":"https:\/\/neelayurvedics.es\/index.php?rest_route=\/wp\/v2\/product\/10348","targetHints":{"allow":["GET"]}}],"collection":[{"href":"https:\/\/neelayurvedics.es\/index.php?rest_route=\/wp\/v2\/product"}],"about":[{"href":"https:\/\/neelayurvedics.es\/index.php?rest_route=\/wp\/v2\/types\/product"}],"replies":[{"embeddable":true,"href":"https:\/\/neelayurvedics.es\/index.php?rest_route=%2Fwp%2Fv2%2Fcomments&post=10348"}],"wp:featuredmedia":[{"embeddable":true,"href":"https:\/\/neelayurvedics.es\/index.php?rest_route=\/wp\/v2\/media\/10349"}],"wp:attachment":[{"href":"https:\/\/neelayurvedics.es\/index.php?rest_route=%2Fwp%2Fv2%2Fmedia&parent=10348"}],"wp:term":[{"taxonomy":"product_brand","embeddable":true,"href":"https:\/\/neelayurvedics.es\/index.php?rest_route=%2Fwp%2Fv2%2Fproduct_brand&post=10348"},{"taxonomy":"product_cat","embeddable":true,"href":"https:\/\/neelayurvedics.es\/index.php?rest_route=%2Fwp%2Fv2%2Fproduct_cat&post=10348"},{"taxonomy":"product_tag","embeddable":true,"href":"https:\/\/neelayurvedics.es\/index.php?rest_route=%2Fwp%2Fv2%2Fproduct_tag&post=10348"}],"curies":[{"name":"wp","href":"https:\/\/api.w.org\/{rel}","templated":true}]}}