{"id":10360,"date":"2025-05-07T11:04:01","date_gmt":"2025-05-07T11:04:01","guid":{"rendered":"https:\/\/neelayurvedics.es\/?post_type=product&#038;p=10360"},"modified":"2025-05-07T11:04:04","modified_gmt":"2025-05-07T11:04:04","slug":"himalaya-rumalaya-tableta-60-tabletas","status":"publish","type":"product","link":"https:\/\/neelayurvedics.es\/?product=himalaya-rumalaya-tableta-60-tabletas","title":{"rendered":"Himalaya Rumalaya Tableta &#8211; 60 Tabletas"},"content":{"rendered":"<p><span>La tableta Himalaya Rumalaya es una potente fusi\u00f3n herbal elaborada con baqueta y tinospora india. Sum\u00e9rgete en la riqueza natural que convierte a este remedio en un aliado confiable para el tratamiento eficaz de trastornos articulares.<\/span><\/p>\n<h3><strong><u>Beneficios \u00fanicos<\/u><\/strong><strong> : &#8211;<\/strong><\/h3>\n<ul>\n<li><span>La baqueta (Shigru) mejora la circulaci\u00f3n sangu\u00ednea a las articulaciones adem\u00e1s de sus propiedades antiinflamatorias y analg\u00e9sicas, que son beneficiosas para tratar dolores articulares relacionados con la artritis y el reumatismo.<\/span><\/li>\n<li><span>La tinospora india (guduchi) es un potente antiinflamatorio que resulta \u00fatil para tratar la gota, la artritis y otras afecciones inflamatorias de las articulaciones.<\/span><\/li>\n<li><span>Esta es una mezcla ayurv\u00e9dica y es segura para el consumo.<\/span><\/li>\n<\/ul>\n<h3><u>Ingredientes<\/u>\u00a0:-<\/h3>\n<ul>\n<li><span>Palillo de tambor<\/span><\/li>\n<li><span>Tinospora india<\/span><\/li>\n<\/ul>\n<h3><u>Instrucciones de uso<\/u>\u00a0:-<\/h3>\n<ul>\n<li><span>Seg\u00fan lo recomendado por su m\u00e9dico<\/span><\/li>\n<\/ul>\n","protected":false},"excerpt":{"rendered":"<p><span>La tableta Himalaya Rumalaya es un potente remedio herbal que combina los poderes medicinales de la baqueta y la tinospora india para brindar un tratamiento eficaz para trastornos articulares. Alivia la inflamaci\u00f3n en la zona afectada y puede ayudar en el tratamiento de la gota, la artritis y otros trastornos articulares inflamatorios. Es una combinaci\u00f3n org\u00e1nica segura para el consumo.<\/span><\/p>\n<ul>\n<li><span>Bueno para la salud de las articulaciones<\/span><\/li>\n<li><span>Alivia la inflamaci\u00f3n<\/span><\/li>\n<li><span>Aborda la artritis y el reumatismo.<\/span><\/li>\n<li><span>Alivia el dolor en las zonas relacionadas.<\/span><\/li>\n<li><span>Elaborado \u00fanicamente con elementos naturales.<\/span><\/li>\n<\/ul>\n","protected":false},"featured_media":10361,"comment_status":"open","ping_status":"closed","template":"","meta":[],"product_brand":[],"product_cat":[200,279],"product_tag":[],"class_list":{"0":"post-10360","1":"product","2":"type-product","3":"status-publish","4":"has-post-thumbnail","6":"product_cat-marca","7":"product_cat-himalaya","9":"first","10":"instock","11":"shipping-taxable","12":"purchasable","13":"product-type-simple"},"_links":{"self":[{"href":"https:\/\/neelayurvedics.es\/index.php?rest_route=\/wp\/v2\/product\/10360","targetHints":{"allow":["GET"]}}],"collection":[{"href":"https:\/\/neelayurvedics.es\/index.php?rest_route=\/wp\/v2\/product"}],"about":[{"href":"https:\/\/neelayurvedics.es\/index.php?rest_route=\/wp\/v2\/types\/product"}],"replies":[{"embeddable":true,"href":"https:\/\/neelayurvedics.es\/index.php?rest_route=%2Fwp%2Fv2%2Fcomments&post=10360"}],"wp:featuredmedia":[{"embeddable":true,"href":"https:\/\/neelayurvedics.es\/index.php?rest_route=\/wp\/v2\/media\/10361"}],"wp:attachment":[{"href":"https:\/\/neelayurvedics.es\/index.php?rest_route=%2Fwp%2Fv2%2Fmedia&parent=10360"}],"wp:term":[{"taxonomy":"product_brand","embeddable":true,"href":"https:\/\/neelayurvedics.es\/index.php?rest_route=%2Fwp%2Fv2%2Fproduct_brand&post=10360"},{"taxonomy":"product_cat","embeddable":true,"href":"https:\/\/neelayurvedics.es\/index.php?rest_route=%2Fwp%2Fv2%2Fproduct_cat&post=10360"},{"taxonomy":"product_tag","embeddable":true,"href":"https:\/\/neelayurvedics.es\/index.php?rest_route=%2Fwp%2Fv2%2Fproduct_tag&post=10360"}],"curies":[{"name":"wp","href":"https:\/\/api.w.org\/{rel}","templated":true}]}}