{"id":10362,"date":"2025-05-07T11:18:33","date_gmt":"2025-05-07T11:18:33","guid":{"rendered":"https:\/\/neelayurvedics.es\/?post_type=product&#038;p=10362"},"modified":"2025-05-07T11:19:07","modified_gmt":"2025-05-07T11:19:07","slug":"himalaya-saunf-himcocid-jarabe-sf-200-ml","status":"publish","type":"product","link":"https:\/\/neelayurvedics.es\/?product=himalaya-saunf-himcocid-jarabe-sf-200-ml","title":{"rendered":"Himalaya Saunf Himcocid \u2013 Jarabe SF \u2013 200 Ml"},"content":{"rendered":"<p>El jarabe Himalaya Saunf Himcocid \u2013 SF es una f\u00f3rmula avanzada que no solo proporciona alivio temporal de los s\u00edntomas digestivos, sino que tambi\u00e9n act\u00faa sobre las causas subyacentes del malestar digestivo. Ayuda a regular la secreci\u00f3n \u00e1cida estomacal, a mantener un pH equilibrado y a mejorar el proceso digestivo en general. Al promover una digesti\u00f3n \u00f3ptima, este jarabe le permite disfrutar de sus comidas sin preocupaciones ni molestias.<\/p>\n<h3><strong><u>Beneficios \u00fanicos<\/u><\/strong><strong> : &#8211;<\/strong><\/h3>\n<ul>\n<li><strong>Alivia la acidez:<\/strong>\u00a0\u00a0la ceniza de concha de cauri (varatika) exhibe propiedades anti\u00e1cidas y digestivas.<\/li>\n<li><strong>Ayuda a proteger la mucosa g\u00e1strica:<\/strong>\u00a0la propiedad antioxidante del amalaki ayuda a proteger la mucosa g\u00e1strica contra el estr\u00e9s oxidativo y la formaci\u00f3n de \u00falceras.<\/li>\n<\/ul>\n<h3><u>Ingredientes<\/u>\u00a0:-<\/h3>\n<ul>\n<li>Fresno de concha de cauri<\/li>\n<li>Grosella espinosa india<\/li>\n<\/ul>\n<h3><u>Instrucciones de uso<\/u>\u00a0:-<\/h3>\n<ul>\n<li>1-2 cucharaditas (5-10 ml) despu\u00e9s de las comidas o seg\u00fan lo indique el profesional de la salud.<\/li>\n<li>No tome m\u00e1s de 10 cucharaditas (50 ml) en un per\u00edodo de 24 horas.<\/li>\n<\/ul>\n<p>\u00bfCansado de lidiar con problemas digestivos que alteran tu vida diaria? No busques m\u00e1s: el jarabe Himalaya Saunf Himcocid-SF es la soluci\u00f3n ideal: un remedio natural y confiable formulado para favorecer una digesti\u00f3n \u00f3ptima. Dise\u00f1ado por Himalaya, l\u00edder reconocido en la medicina herbal, este jarabe es tu soluci\u00f3n ideal para mantener el bienestar digestivo.<\/p>\n","protected":false},"excerpt":{"rendered":"<p>El jarabe Himalaya Saunf Himcocid \u2013 SF est\u00e1 elaborado con componentes que ayudan a aliviar la hiperacidez al neutralizar el \u00e1cido estomacal. Las personas con niveles altos de glucosa en sangre e hipertensi\u00f3n no corren riesgo. La receta no contiene az\u00facar ni aluminio y no produce acidez de rebote.<\/p>\n","protected":false},"featured_media":10364,"comment_status":"open","ping_status":"closed","template":"","meta":[],"product_brand":[],"product_cat":[200,279],"product_tag":[],"class_list":{"0":"post-10362","1":"product","2":"type-product","3":"status-publish","4":"has-post-thumbnail","6":"product_cat-marca","7":"product_cat-himalaya","9":"first","10":"instock","11":"shipping-taxable","12":"purchasable","13":"product-type-simple"},"_links":{"self":[{"href":"https:\/\/neelayurvedics.es\/index.php?rest_route=\/wp\/v2\/product\/10362","targetHints":{"allow":["GET"]}}],"collection":[{"href":"https:\/\/neelayurvedics.es\/index.php?rest_route=\/wp\/v2\/product"}],"about":[{"href":"https:\/\/neelayurvedics.es\/index.php?rest_route=\/wp\/v2\/types\/product"}],"replies":[{"embeddable":true,"href":"https:\/\/neelayurvedics.es\/index.php?rest_route=%2Fwp%2Fv2%2Fcomments&post=10362"}],"wp:featuredmedia":[{"embeddable":true,"href":"https:\/\/neelayurvedics.es\/index.php?rest_route=\/wp\/v2\/media\/10364"}],"wp:attachment":[{"href":"https:\/\/neelayurvedics.es\/index.php?rest_route=%2Fwp%2Fv2%2Fmedia&parent=10362"}],"wp:term":[{"taxonomy":"product_brand","embeddable":true,"href":"https:\/\/neelayurvedics.es\/index.php?rest_route=%2Fwp%2Fv2%2Fproduct_brand&post=10362"},{"taxonomy":"product_cat","embeddable":true,"href":"https:\/\/neelayurvedics.es\/index.php?rest_route=%2Fwp%2Fv2%2Fproduct_cat&post=10362"},{"taxonomy":"product_tag","embeddable":true,"href":"https:\/\/neelayurvedics.es\/index.php?rest_route=%2Fwp%2Fv2%2Fproduct_tag&post=10362"}],"curies":[{"name":"wp","href":"https:\/\/api.w.org\/{rel}","templated":true}]}}