{"id":10371,"date":"2025-05-07T11:31:31","date_gmt":"2025-05-07T11:31:31","guid":{"rendered":"https:\/\/neelayurvedics.es\/?post_type=product&#038;p=10371"},"modified":"2025-05-07T11:31:34","modified_gmt":"2025-05-07T11:31:34","slug":"himalaya-septilina-jarabe-de-200-ml","status":"publish","type":"product","link":"https:\/\/neelayurvedics.es\/?product=himalaya-septilina-jarabe-de-200-ml","title":{"rendered":"Himalaya Septilina Jarabe de \u2013 200 Ml"},"content":{"rendered":"<p><span>El jarabe Septilin de Himalaya es un elixir herbal dise\u00f1ado para promover el bienestar general. Sum\u00e9rgete en la riqueza natural que hace de este suplemento un aliado confiable para una vida equilibrada y plena.<\/span><\/p>\n<h3><strong><u>Beneficios \u00fanicos<\/u><\/strong><strong> : &#8211;<\/strong><\/h3>\n<ul>\n<li><span>El bedelio indio tiene propiedades antiinflamatorias y antioxidantes que ayudan a reducir la inflamaci\u00f3n en el cuerpo y mejoran la salud general.<\/span><\/li>\n<li><span>El regaliz ayuda a aumentar los gl\u00f3bulos blancos y funciona como agente antiviral y expectorante para aliviar el asma, la tos cr\u00f3nica y la bronquitis aguda o cr\u00f3nica.<\/span><\/li>\n<li><span>Tinospora gulancha tiene propiedades antimicrobianas que ayudan a desarrollar la resistencia del cuerpo a las infecciones.<\/span><\/li>\n<\/ul>\n<h3><u>Ingredientes<\/u>\u00a0:-<\/h3>\n<ul>\n<li><span>Maharasnadi<\/span><\/li>\n<li><span>Manjishtha<\/span><\/li>\n<li><span>Guduchi<\/span><\/li>\n<li><span>Tres<\/span><\/li>\n<li><span>Pushika<\/span><\/li>\n<li><span>Amalaki<\/span><\/li>\n<li><span>Yashtimadhu<\/span><\/li>\n<\/ul>\n<h3><u>Instrucciones de uso<\/u>\u00a0:-<\/h3>\n<ul>\n<li><span>Por favor consulte a su m\u00e9dico para prescribir la dosis que mejor se adapte a su condici\u00f3n.<\/span><\/li>\n<\/ul>\n","protected":false},"excerpt":{"rendered":"<p><span>El jarabe Septilin de Himalaya es un suplemento para la salud que contiene una combinaci\u00f3n de hierbas que promueve el bienestar general. Tiene efectos antiinflamatorios, inmunomoduladores, antioxidantes y antibacterianos.<\/span><\/p>\n<ul>\n<li><span>Ayuda a reforzar el sistema inmunol\u00f3gico.<\/span><\/li>\n<li><span>Ayuda al cuerpo a combatir infecciones.<\/span><\/li>\n<li><span>Mantiene la salud y el bienestar general.<\/span><\/li>\n<li><span>Alivia los trastornos al\u00e9rgicos y alivia las afecciones respiratorias.<\/span><\/li>\n<\/ul>\n","protected":false},"featured_media":10372,"comment_status":"open","ping_status":"closed","template":"","meta":[],"product_brand":[],"product_cat":[200,279],"product_tag":[],"class_list":{"0":"post-10371","1":"product","2":"type-product","3":"status-publish","4":"has-post-thumbnail","6":"product_cat-marca","7":"product_cat-himalaya","9":"first","10":"instock","11":"shipping-taxable","12":"purchasable","13":"product-type-simple"},"_links":{"self":[{"href":"https:\/\/neelayurvedics.es\/index.php?rest_route=\/wp\/v2\/product\/10371","targetHints":{"allow":["GET"]}}],"collection":[{"href":"https:\/\/neelayurvedics.es\/index.php?rest_route=\/wp\/v2\/product"}],"about":[{"href":"https:\/\/neelayurvedics.es\/index.php?rest_route=\/wp\/v2\/types\/product"}],"replies":[{"embeddable":true,"href":"https:\/\/neelayurvedics.es\/index.php?rest_route=%2Fwp%2Fv2%2Fcomments&post=10371"}],"wp:featuredmedia":[{"embeddable":true,"href":"https:\/\/neelayurvedics.es\/index.php?rest_route=\/wp\/v2\/media\/10372"}],"wp:attachment":[{"href":"https:\/\/neelayurvedics.es\/index.php?rest_route=%2Fwp%2Fv2%2Fmedia&parent=10371"}],"wp:term":[{"taxonomy":"product_brand","embeddable":true,"href":"https:\/\/neelayurvedics.es\/index.php?rest_route=%2Fwp%2Fv2%2Fproduct_brand&post=10371"},{"taxonomy":"product_cat","embeddable":true,"href":"https:\/\/neelayurvedics.es\/index.php?rest_route=%2Fwp%2Fv2%2Fproduct_cat&post=10371"},{"taxonomy":"product_tag","embeddable":true,"href":"https:\/\/neelayurvedics.es\/index.php?rest_route=%2Fwp%2Fv2%2Fproduct_tag&post=10371"}],"curies":[{"name":"wp","href":"https:\/\/api.w.org\/{rel}","templated":true}]}}