{"id":10373,"date":"2025-05-07T11:40:12","date_gmt":"2025-05-07T11:40:12","guid":{"rendered":"https:\/\/neelayurvedics.es\/?post_type=product&#038;p=10373"},"modified":"2025-05-07T11:40:16","modified_gmt":"2025-05-07T11:40:16","slug":"himalaya-septilin-tableta-60-tabletas","status":"publish","type":"product","link":"https:\/\/neelayurvedics.es\/?product=himalaya-septilin-tableta-60-tabletas","title":{"rendered":"Himalaya Septilin Tableta &#8211; 60 Tabletas"},"content":{"rendered":"<p><span>Himalaya Septilin Tablet es una f\u00f3rmula \u00fanica que va m\u00e1s all\u00e1 de lo com\u00fan. Libere el poder de la inmunomodulaci\u00f3n, la defensa antioxidante, el alivio antiinflamatorio y el apoyo antibacteriano para una salud integral.<\/span><\/p>\n<h3><strong><u>Beneficios \u00fanicos<\/u><\/strong><strong> : &#8211;<\/strong><\/h3>\n<ul>\n<li><span>El bedelio indio tiene propiedades antiinflamatorias y antioxidantes que ayudan a reducir la inflamaci\u00f3n en el cuerpo y mejoran la salud general.<\/span><\/li>\n<li><span>El regaliz ayuda a aumentar los gl\u00f3bulos blancos y funciona como agente antiviral y expectorante para aliviar el asma, la tos cr\u00f3nica y la bronquitis aguda o cr\u00f3nica.<\/span><\/li>\n<li><span>Tinospora gulancha tiene propiedades antimicrobianas que ayudan a desarrollar la resistencia del cuerpo a las infecciones.<\/span><\/li>\n<\/ul>\n<h3><u>Ingredientes<\/u>\u00a0:-<\/h3>\n<ul>\n<li><span>Maharasnadi Ras<\/span><\/li>\n<li><span>Guduchi<\/span><\/li>\n<li><span>Manjistha<\/span><\/li>\n<li><span>Amalaki<\/span><\/li>\n<li><span>Shigru<\/span><\/li>\n<li><span>Yashtimadhu<\/span><\/li>\n<\/ul>\n<h3><u>Instrucciones de uso<\/u>\u00a0:-<\/h3>\n<ul>\n<li><span>Por favor consulte a su m\u00e9dico para prescribir la dosis que mejor se adapte a su condici\u00f3n.<\/span><\/li>\n<\/ul>\n","protected":false},"excerpt":{"rendered":"<p>Himalaya Septilin Tablet es una f\u00f3rmula \u00fanica con propiedades inmunomoduladoras, antioxidantes, antiinflamatorias y antibacterianas que promueven la salud y el bienestar general. Fortalece el sistema inmunitario y fortalece la resistencia del cuerpo a las enfermedades.<\/p>\n","protected":false},"featured_media":10374,"comment_status":"open","ping_status":"closed","template":"","meta":[],"product_brand":[],"product_cat":[200,279],"product_tag":[],"class_list":{"0":"post-10373","1":"product","2":"type-product","3":"status-publish","4":"has-post-thumbnail","6":"product_cat-marca","7":"product_cat-himalaya","9":"first","10":"instock","11":"shipping-taxable","12":"purchasable","13":"product-type-simple"},"_links":{"self":[{"href":"https:\/\/neelayurvedics.es\/index.php?rest_route=\/wp\/v2\/product\/10373","targetHints":{"allow":["GET"]}}],"collection":[{"href":"https:\/\/neelayurvedics.es\/index.php?rest_route=\/wp\/v2\/product"}],"about":[{"href":"https:\/\/neelayurvedics.es\/index.php?rest_route=\/wp\/v2\/types\/product"}],"replies":[{"embeddable":true,"href":"https:\/\/neelayurvedics.es\/index.php?rest_route=%2Fwp%2Fv2%2Fcomments&post=10373"}],"wp:featuredmedia":[{"embeddable":true,"href":"https:\/\/neelayurvedics.es\/index.php?rest_route=\/wp\/v2\/media\/10374"}],"wp:attachment":[{"href":"https:\/\/neelayurvedics.es\/index.php?rest_route=%2Fwp%2Fv2%2Fmedia&parent=10373"}],"wp:term":[{"taxonomy":"product_brand","embeddable":true,"href":"https:\/\/neelayurvedics.es\/index.php?rest_route=%2Fwp%2Fv2%2Fproduct_brand&post=10373"},{"taxonomy":"product_cat","embeddable":true,"href":"https:\/\/neelayurvedics.es\/index.php?rest_route=%2Fwp%2Fv2%2Fproduct_cat&post=10373"},{"taxonomy":"product_tag","embeddable":true,"href":"https:\/\/neelayurvedics.es\/index.php?rest_route=%2Fwp%2Fv2%2Fproduct_tag&post=10373"}],"curies":[{"name":"wp","href":"https:\/\/api.w.org\/{rel}","templated":true}]}}