{"id":10375,"date":"2025-05-07T11:46:22","date_gmt":"2025-05-07T11:46:22","guid":{"rendered":"https:\/\/neelayurvedics.es\/?post_type=product&#038;p=10375"},"modified":"2025-05-07T11:47:42","modified_gmt":"2025-05-07T11:47:42","slug":"himalaya-serpina-tableta-100-tabletas","status":"publish","type":"product","link":"https:\/\/neelayurvedics.es\/?product=himalaya-serpina-tableta-100-tabletas","title":{"rendered":"Himalaya Serpina Tableta &#8211; 100 Tabletas"},"content":{"rendered":"<h3><strong><u>Beneficios \u00fanicos<\/u><\/strong><strong> : &#8211;<\/strong><\/h3>\n<ul>\n<li>La tableta Himalaya Serpina est\u00e1 indicada principalmente para el tratamiento de la hipertensi\u00f3n leve a moderada. Ayuda a controlar la presi\u00f3n arterial y a reducir el tono adren\u00e9rgico.<\/li>\n<li>La tableta de Serpina tambi\u00e9n puede ayudar a aliviar los s\u00edntomas de los trastornos de ansiedad. Puede tener un efecto calmante sobre el sistema nervioso, promoviendo la relajaci\u00f3n y reduciendo la ansiedad.<\/li>\n<li>Los ingredientes activos de Serpina Tablet, como la rauwolfia, se han utilizado tradicionalmente para favorecer la salud cardiovascular. Puede contribuir a mantener una funci\u00f3n card\u00edaca saludable y prevenir enfermedades cardiovasculares.<\/li>\n<li>Serpina Tablet se basa en principios ayurv\u00e9dicos y medicina herbal tradicional. Aprovecha los beneficios de ingredientes naturales, utilizados durante siglos en Ayurveda para promover el bienestar general.<\/li>\n<\/ul>\n<h3><u>Ingredientes<\/u>\u00a0:-<\/h3>\n<ul>\n<li>Rauwolfia (Sarpagandha)<\/li>\n<\/ul>\n<h3><u>Instrucciones de uso<\/u>\u00a0:-<\/h3>\n<ul>\n<li>Por favor consulte a su m\u00e9dico para prescribir la dosis que mejor se adapte a su condici\u00f3n.<\/li>\n<\/ul>\n","protected":false},"excerpt":{"rendered":"<p>Himalaya Serpina Tablet es un medicamento ayurv\u00e9dico que se usa para tratar la hipertensi\u00f3n leve a moderada (presi\u00f3n arterial alta).<\/p>\n<p>Se sabe que la tableta Serpina reduce el tono adren\u00e9rgico, lo que contribuye a la reducci\u00f3n de la presi\u00f3n arterial. Es un antihipertensivo natural que act\u00faa reduciendo los niveles perif\u00e9ricos de catecolamina (adrenalina).<\/p>\n","protected":false},"featured_media":10376,"comment_status":"open","ping_status":"closed","template":"","meta":[],"product_brand":[],"product_cat":[200,279],"product_tag":[],"class_list":{"0":"post-10375","1":"product","2":"type-product","3":"status-publish","4":"has-post-thumbnail","6":"product_cat-marca","7":"product_cat-himalaya","9":"first","10":"instock","11":"shipping-taxable","12":"purchasable","13":"product-type-simple"},"_links":{"self":[{"href":"https:\/\/neelayurvedics.es\/index.php?rest_route=\/wp\/v2\/product\/10375","targetHints":{"allow":["GET"]}}],"collection":[{"href":"https:\/\/neelayurvedics.es\/index.php?rest_route=\/wp\/v2\/product"}],"about":[{"href":"https:\/\/neelayurvedics.es\/index.php?rest_route=\/wp\/v2\/types\/product"}],"replies":[{"embeddable":true,"href":"https:\/\/neelayurvedics.es\/index.php?rest_route=%2Fwp%2Fv2%2Fcomments&post=10375"}],"wp:featuredmedia":[{"embeddable":true,"href":"https:\/\/neelayurvedics.es\/index.php?rest_route=\/wp\/v2\/media\/10376"}],"wp:attachment":[{"href":"https:\/\/neelayurvedics.es\/index.php?rest_route=%2Fwp%2Fv2%2Fmedia&parent=10375"}],"wp:term":[{"taxonomy":"product_brand","embeddable":true,"href":"https:\/\/neelayurvedics.es\/index.php?rest_route=%2Fwp%2Fv2%2Fproduct_brand&post=10375"},{"taxonomy":"product_cat","embeddable":true,"href":"https:\/\/neelayurvedics.es\/index.php?rest_route=%2Fwp%2Fv2%2Fproduct_cat&post=10375"},{"taxonomy":"product_tag","embeddable":true,"href":"https:\/\/neelayurvedics.es\/index.php?rest_route=%2Fwp%2Fv2%2Fproduct_tag&post=10375"}],"curies":[{"name":"wp","href":"https:\/\/api.w.org\/{rel}","templated":true}]}}