{"id":10377,"date":"2025-05-08T12:06:09","date_gmt":"2025-05-08T12:06:09","guid":{"rendered":"https:\/\/neelayurvedics.es\/?post_type=product&#038;p=10377"},"modified":"2025-05-08T12:06:12","modified_gmt":"2025-05-08T12:06:12","slug":"himalaya-shallaki-tableta-60-tabletas","status":"publish","type":"product","link":"https:\/\/neelayurvedics.es\/?product=himalaya-shallaki-tableta-60-tabletas","title":{"rendered":"Himalaya Shallaki Tableta &#8211; 60 Tabletas"},"content":{"rendered":"<div class=\"drug-content\">\n<div class=\"prescript-txt product_desc_info\">\n<div id=\"np_tab2\" class=\"druginfo_cont druginfo-dv\">\n<div class=\"row\">\n<div class=\"col-md-12\">\n<div class=\"inner-content\">\n<p>La tableta Himalaya Shallaki es una soluci\u00f3n suave pero potente, dise\u00f1ada para quienes buscan alivio del dolor artr\u00edtico. Sum\u00e9rjase en la experiencia relajante que ofrece esta tableta, que proporciona apoyo analg\u00e9sico sin causar molestias estomacales.<\/p>\n<h3><strong><u>Beneficios \u00fanicos<\/u><\/strong><strong> : &#8211;<\/strong><\/h3>\n<ul>\n<li>Shallaki (Shallaki): Contribuye a la prevenci\u00f3n del desgaste excesivo de las articulaciones al inhibir la degradaci\u00f3n de los glicosaminoglicanos, un elemento importante en los componentes estructurales del cart\u00edlago articular que favorece la lubricaci\u00f3n normal y la absorci\u00f3n de impactos.<\/li>\n<\/ul>\n<h3><u>Ingredientes<\/u>\u00a0:-<\/h3>\n<\/div>\n<ul>\n<li>shallaki<\/li>\n<\/ul>\n<\/div>\n<\/div>\n<\/div>\n<\/div>\n<\/div>\n<h3><u>Instrucciones de uso<\/u>\u00a0:-<\/h3>\n<div class=\"drug-content\">\n<div class=\"product_desc_info prescript-txt\">\n<div class=\"clearfix\">\n<div class=\"drug-content\">\n<div class=\"prescript-txt product_desc_info\">\n<div>\n<div id=\"np_tab3\" class=\"druginfo_cont druginfo-dv\">\n<div class=\"row\">\n<div class=\"col-md-12\">\n<div class=\"inner-content\">\n<ul>\n<li><span>1-2 comprimidos dos veces al d\u00eda o seg\u00fan lo indique su m\u00e9dico.<\/span><\/li>\n<\/ul>\n<\/div>\n<\/div>\n<\/div>\n<\/div>\n<\/div>\n<\/div>\n<\/div>\n<\/div>\n<\/div>\n<\/div>\n","protected":false},"excerpt":{"rendered":"<p>La tableta Himalaya Shallaki es suave para el est\u00f3mago y no causa irritaci\u00f3n g\u00e1strica ni \u00falceras. Sus propiedades analg\u00e9sicas ayudan a aliviar el dolor artr\u00edtico y a mejorar la funci\u00f3n articular.<\/p>\n","protected":false},"featured_media":10378,"comment_status":"open","ping_status":"closed","template":"","meta":[],"product_brand":[],"product_cat":[200,279],"product_tag":[],"class_list":{"0":"post-10377","1":"product","2":"type-product","3":"status-publish","4":"has-post-thumbnail","6":"product_cat-marca","7":"product_cat-himalaya","9":"first","10":"instock","11":"shipping-taxable","12":"purchasable","13":"product-type-simple"},"_links":{"self":[{"href":"https:\/\/neelayurvedics.es\/index.php?rest_route=\/wp\/v2\/product\/10377","targetHints":{"allow":["GET"]}}],"collection":[{"href":"https:\/\/neelayurvedics.es\/index.php?rest_route=\/wp\/v2\/product"}],"about":[{"href":"https:\/\/neelayurvedics.es\/index.php?rest_route=\/wp\/v2\/types\/product"}],"replies":[{"embeddable":true,"href":"https:\/\/neelayurvedics.es\/index.php?rest_route=%2Fwp%2Fv2%2Fcomments&post=10377"}],"wp:featuredmedia":[{"embeddable":true,"href":"https:\/\/neelayurvedics.es\/index.php?rest_route=\/wp\/v2\/media\/10378"}],"wp:attachment":[{"href":"https:\/\/neelayurvedics.es\/index.php?rest_route=%2Fwp%2Fv2%2Fmedia&parent=10377"}],"wp:term":[{"taxonomy":"product_brand","embeddable":true,"href":"https:\/\/neelayurvedics.es\/index.php?rest_route=%2Fwp%2Fv2%2Fproduct_brand&post=10377"},{"taxonomy":"product_cat","embeddable":true,"href":"https:\/\/neelayurvedics.es\/index.php?rest_route=%2Fwp%2Fv2%2Fproduct_cat&post=10377"},{"taxonomy":"product_tag","embeddable":true,"href":"https:\/\/neelayurvedics.es\/index.php?rest_route=%2Fwp%2Fv2%2Fproduct_tag&post=10377"}],"curies":[{"name":"wp","href":"https:\/\/api.w.org\/{rel}","templated":true}]}}