{"id":10390,"date":"2025-05-13T06:12:50","date_gmt":"2025-05-13T06:12:50","guid":{"rendered":"https:\/\/neelayurvedics.es\/?post_type=product&#038;p=10390"},"modified":"2025-05-13T06:12:53","modified_gmt":"2025-05-13T06:12:53","slug":"kerala-ayurveda-ajax-capsula-50-capsula","status":"publish","type":"product","link":"https:\/\/neelayurvedics.es\/?product=kerala-ayurveda-ajax-capsula-50-capsula","title":{"rendered":"Kerala Ayurveda Ajax Capsula &#8211; 50 Capsula"},"content":{"rendered":"<div id=\"nasa-single-product-tabs\" class=\"product-details\">\n<div class=\"nasa-tabs-content woocommerce-tabs\">\n<div class=\"nasa-panels nasa-desc-wrap\">\n<div id=\"nasa-tab-description\" class=\"nasa-panel nasa-content-description active\">\n<div class=\"row\">\n<div class=\"large-12 columns nasa-content-panel\">\n<p>Ingrediente:<\/p>\n<ul dir=\"ltr\">\n<li>Aswagandha<\/li>\n<li>Athmagupta<\/li>\n<li>Kokilaksa<\/li>\n<li>Gokshura<\/li>\n<li>Musali<\/li>\n<li>Yasada bhasmam<\/li>\n<\/ul>\n<p>Dosificaci\u00f3n:<\/p>\n<p>Tome una o dos c\u00e1psulas dos veces al d\u00eda, o seg\u00fan las indicaciones de su m\u00e9dico. Es mejor tomarlo con leche.<\/p>\n<\/div>\n<\/div>\n<\/div>\n<\/div>\n<\/div>\n<\/div>\n","protected":false},"excerpt":{"rendered":"<p>Ingrediente: Aswagandha Athmagupta Kokilaksa Gokshura Musali Yasada bhasmam Dosificaci\u00f3n: Tome una o dos c\u00e1psulas dos veces al d\u00eda, o seg\u00fan las indicaciones de su m\u00e9dico. Es mejor tomarlo con leche.<\/p>\n","protected":false},"featured_media":10391,"comment_status":"open","ping_status":"closed","template":"","meta":[],"product_brand":[],"product_cat":[200,284],"product_tag":[],"class_list":{"0":"post-10390","1":"product","2":"type-product","3":"status-publish","4":"has-post-thumbnail","6":"product_cat-marca","7":"product_cat-kerala-ayurveda","9":"first","10":"instock","11":"shipping-taxable","12":"purchasable","13":"product-type-simple"},"_links":{"self":[{"href":"https:\/\/neelayurvedics.es\/index.php?rest_route=\/wp\/v2\/product\/10390","targetHints":{"allow":["GET"]}}],"collection":[{"href":"https:\/\/neelayurvedics.es\/index.php?rest_route=\/wp\/v2\/product"}],"about":[{"href":"https:\/\/neelayurvedics.es\/index.php?rest_route=\/wp\/v2\/types\/product"}],"replies":[{"embeddable":true,"href":"https:\/\/neelayurvedics.es\/index.php?rest_route=%2Fwp%2Fv2%2Fcomments&post=10390"}],"wp:featuredmedia":[{"embeddable":true,"href":"https:\/\/neelayurvedics.es\/index.php?rest_route=\/wp\/v2\/media\/10391"}],"wp:attachment":[{"href":"https:\/\/neelayurvedics.es\/index.php?rest_route=%2Fwp%2Fv2%2Fmedia&parent=10390"}],"wp:term":[{"taxonomy":"product_brand","embeddable":true,"href":"https:\/\/neelayurvedics.es\/index.php?rest_route=%2Fwp%2Fv2%2Fproduct_brand&post=10390"},{"taxonomy":"product_cat","embeddable":true,"href":"https:\/\/neelayurvedics.es\/index.php?rest_route=%2Fwp%2Fv2%2Fproduct_cat&post=10390"},{"taxonomy":"product_tag","embeddable":true,"href":"https:\/\/neelayurvedics.es\/index.php?rest_route=%2Fwp%2Fv2%2Fproduct_tag&post=10390"}],"curies":[{"name":"wp","href":"https:\/\/api.w.org\/{rel}","templated":true}]}}