{"id":10394,"date":"2025-05-13T06:22:40","date_gmt":"2025-05-13T06:22:40","guid":{"rendered":"https:\/\/neelayurvedics.es\/?post_type=product&#038;p=10394"},"modified":"2025-05-13T06:22:43","modified_gmt":"2025-05-13T06:22:43","slug":"kerala-ayurveda-alsactil-tableta-100-tableta","status":"publish","type":"product","link":"https:\/\/neelayurvedics.es\/?product=kerala-ayurveda-alsactil-tableta-100-tableta","title":{"rendered":"Kerala Ayurveda Alsactil Tableta &#8211; 100 Tableta"},"content":{"rendered":"<p>Ingrediente:<\/p>\n<ul>\n<li>Triphala<\/li>\n<li>Amalaki<\/li>\n<li>Haritaki<\/li>\n<li>Bibhitaki<\/li>\n<li>Yashtimadhu<\/li>\n<li>Durva<\/li>\n<li>Pippali<\/li>\n<li>Musta<\/li>\n<li>Lasuna<\/li>\n<li>Maricha<\/li>\n<li>Kapardica<\/li>\n<li>Saindava lavana<\/li>\n<\/ul>\n<p>Dosificaci\u00f3n:<\/p>\n<p>1-2 comprimidos tres veces al d\u00eda, despu\u00e9s de las comidas, o seg\u00fan las indicaciones de un m\u00e9dico. Es fundamental tomar este medicamento de forma regular para experimentar alivio de los problemas digestivos y mejorar la fuerza digestiva.<\/p>\n","protected":false},"excerpt":{"rendered":"<p>Ingrediente: Triphala Amalaki Haritaki Bibhitaki Yashtimadhu Durva Pippali Musta Lasuna Maricha Kapardica Saindava lavana Dosificaci\u00f3n: 1-2 comprimidos tres veces al d\u00eda, despu\u00e9s de las comidas, o seg\u00fan las indicaciones de un m\u00e9dico. Es fundamental tomar este medicamento de forma regular para experimentar alivio de los problemas digestivos y mejorar la fuerza digestiva.<\/p>\n","protected":false},"featured_media":10395,"comment_status":"open","ping_status":"closed","template":"","meta":[],"product_brand":[],"product_cat":[200,284],"product_tag":[],"class_list":{"0":"post-10394","1":"product","2":"type-product","3":"status-publish","4":"has-post-thumbnail","6":"product_cat-marca","7":"product_cat-kerala-ayurveda","9":"first","10":"instock","11":"shipping-taxable","12":"purchasable","13":"product-type-simple"},"_links":{"self":[{"href":"https:\/\/neelayurvedics.es\/index.php?rest_route=\/wp\/v2\/product\/10394","targetHints":{"allow":["GET"]}}],"collection":[{"href":"https:\/\/neelayurvedics.es\/index.php?rest_route=\/wp\/v2\/product"}],"about":[{"href":"https:\/\/neelayurvedics.es\/index.php?rest_route=\/wp\/v2\/types\/product"}],"replies":[{"embeddable":true,"href":"https:\/\/neelayurvedics.es\/index.php?rest_route=%2Fwp%2Fv2%2Fcomments&post=10394"}],"wp:featuredmedia":[{"embeddable":true,"href":"https:\/\/neelayurvedics.es\/index.php?rest_route=\/wp\/v2\/media\/10395"}],"wp:attachment":[{"href":"https:\/\/neelayurvedics.es\/index.php?rest_route=%2Fwp%2Fv2%2Fmedia&parent=10394"}],"wp:term":[{"taxonomy":"product_brand","embeddable":true,"href":"https:\/\/neelayurvedics.es\/index.php?rest_route=%2Fwp%2Fv2%2Fproduct_brand&post=10394"},{"taxonomy":"product_cat","embeddable":true,"href":"https:\/\/neelayurvedics.es\/index.php?rest_route=%2Fwp%2Fv2%2Fproduct_cat&post=10394"},{"taxonomy":"product_tag","embeddable":true,"href":"https:\/\/neelayurvedics.es\/index.php?rest_route=%2Fwp%2Fv2%2Fproduct_tag&post=10394"}],"curies":[{"name":"wp","href":"https:\/\/api.w.org\/{rel}","templated":true}]}}