{"id":10398,"date":"2025-05-13T06:28:07","date_gmt":"2025-05-13T06:28:07","guid":{"rendered":"https:\/\/neelayurvedics.es\/?post_type=product&#038;p=10398"},"modified":"2025-05-13T06:34:13","modified_gmt":"2025-05-13T06:34:13","slug":"kerala-ayurveda-amrutharishtam-450-ml","status":"publish","type":"product","link":"https:\/\/neelayurvedics.es\/?product=kerala-ayurveda-amrutharishtam-450-ml","title":{"rendered":"Kerala Ayurveda Amrutharishtam &#8211; 450 ML"},"content":{"rendered":"<p><img fetchpriority=\"high\" decoding=\"async\" class=\"aligncenter wp-image-10400\" src=\"https:\/\/neelayurvedics.es\/wp-content\/uploads\/2025\/05\/Kerala-Ayurveda-Amrutharishtam-1000x1000-1-595x595.jpg.webp\" alt=\"\" width=\"1500\" height=\"1500\" srcset=\"https:\/\/neelayurvedics.es\/wp-content\/uploads\/2025\/05\/Kerala-Ayurveda-Amrutharishtam-1000x1000-1-595x595.jpg.webp 595w, https:\/\/neelayurvedics.es\/wp-content\/uploads\/2025\/05\/Kerala-Ayurveda-Amrutharishtam-1000x1000-1-595x595.jpg-300x300.webp 300w, https:\/\/neelayurvedics.es\/wp-content\/uploads\/2025\/05\/Kerala-Ayurveda-Amrutharishtam-1000x1000-1-595x595.jpg-150x150.webp 150w, https:\/\/neelayurvedics.es\/wp-content\/uploads\/2025\/05\/Kerala-Ayurveda-Amrutharishtam-1000x1000-1-595x595.jpg-380x380.webp 380w, https:\/\/neelayurvedics.es\/wp-content\/uploads\/2025\/05\/Kerala-Ayurveda-Amrutharishtam-1000x1000-1-595x595.jpg-450x450.webp 450w, https:\/\/neelayurvedics.es\/wp-content\/uploads\/2025\/05\/Kerala-Ayurveda-Amrutharishtam-1000x1000-1-595x595.jpg-350x350.webp 350w, https:\/\/neelayurvedics.es\/wp-content\/uploads\/2025\/05\/Kerala-Ayurveda-Amrutharishtam-1000x1000-1-595x595.jpg-100x100.webp 100w, https:\/\/neelayurvedics.es\/wp-content\/uploads\/2025\/05\/Kerala-Ayurveda-Amrutharishtam-1000x1000-1-595x595.jpg-64x64.webp 64w\" sizes=\"(max-width: 1500px) 100vw, 1500px\" \/><\/p>\n<p>La debilidad, la p\u00e9rdida de apetito y los dolores corporales intensos son s\u00edntomas comunes de la enfermedad. Las toxinas deben eliminarse del cuerpo a trav\u00e9s de una dieta y un estilo de vida saludables; De lo contrario, las toxinas ralentizar\u00e1n nuestro proceso natural de curaci\u00f3n. Amrutharishta es una receta ayurv\u00e9dica hecha con la hierba &#8216;Amrutha&#8217; (tambi\u00e9n conocida como elixir celestial).<\/p>\n<p>La hierba es conocida por sus propiedades limpiadoras, que tambi\u00e9n pueden ayudar a aumentar la inmunidad. Ofrecemos Amrutharishta en su forma m\u00e1s pura en Kerala Ayurveda, elaborado con potentes ingredientes cultivados en nuestros jardines de hierbas.<\/p>\n<p>Ingrediente:<\/p>\n<ul>\n<li>Amruth<\/li>\n<li>Agnimantha<\/li>\n<li>Nagakesara<\/li>\n<\/ul>\n<p>Dosificaci\u00f3n:<\/p>\n<p>Los adultos deben tomar 2-3 cucharaditas (15-25 ml) de Amrutharishta dos veces al d\u00eda despu\u00e9s de las comidas. Sin embargo, para los ni\u00f1os, la dosis no debe ser m\u00e1s de 1-2 cucharaditas (7-15 ml).<\/p>\n","protected":false},"excerpt":{"rendered":"<p>La debilidad, la p\u00e9rdida de apetito y los dolores corporales intensos son s\u00edntomas comunes de la enfermedad. Las toxinas deben eliminarse del cuerpo a trav\u00e9s de una dieta y un estilo de vida saludables; De lo contrario, las toxinas ralentizar\u00e1n nuestro proceso natural de curaci\u00f3n. Amrutharishta es una receta ayurv\u00e9dica hecha con la hierba &#8216;Amrutha&#8217; [&hellip;]<\/p>\n","protected":false},"featured_media":10399,"comment_status":"open","ping_status":"closed","template":"","meta":[],"product_brand":[],"product_cat":[200,284],"product_tag":[],"class_list":{"0":"post-10398","1":"product","2":"type-product","3":"status-publish","4":"has-post-thumbnail","6":"product_cat-marca","7":"product_cat-kerala-ayurveda","9":"first","10":"instock","11":"shipping-taxable","12":"purchasable","13":"product-type-simple"},"_links":{"self":[{"href":"https:\/\/neelayurvedics.es\/index.php?rest_route=\/wp\/v2\/product\/10398","targetHints":{"allow":["GET"]}}],"collection":[{"href":"https:\/\/neelayurvedics.es\/index.php?rest_route=\/wp\/v2\/product"}],"about":[{"href":"https:\/\/neelayurvedics.es\/index.php?rest_route=\/wp\/v2\/types\/product"}],"replies":[{"embeddable":true,"href":"https:\/\/neelayurvedics.es\/index.php?rest_route=%2Fwp%2Fv2%2Fcomments&post=10398"}],"wp:featuredmedia":[{"embeddable":true,"href":"https:\/\/neelayurvedics.es\/index.php?rest_route=\/wp\/v2\/media\/10399"}],"wp:attachment":[{"href":"https:\/\/neelayurvedics.es\/index.php?rest_route=%2Fwp%2Fv2%2Fmedia&parent=10398"}],"wp:term":[{"taxonomy":"product_brand","embeddable":true,"href":"https:\/\/neelayurvedics.es\/index.php?rest_route=%2Fwp%2Fv2%2Fproduct_brand&post=10398"},{"taxonomy":"product_cat","embeddable":true,"href":"https:\/\/neelayurvedics.es\/index.php?rest_route=%2Fwp%2Fv2%2Fproduct_cat&post=10398"},{"taxonomy":"product_tag","embeddable":true,"href":"https:\/\/neelayurvedics.es\/index.php?rest_route=%2Fwp%2Fv2%2Fproduct_tag&post=10398"}],"curies":[{"name":"wp","href":"https:\/\/api.w.org\/{rel}","templated":true}]}}