{"id":10473,"date":"2025-05-14T12:51:30","date_gmt":"2025-05-14T12:51:30","guid":{"rendered":"https:\/\/neelayurvedics.es\/?post_type=product&#038;p=10473"},"modified":"2025-09-16T23:27:07","modified_gmt":"2025-09-16T23:27:07","slug":"himalaya-tentex-forte-tableta-10-tabletas","status":"publish","type":"product","link":"https:\/\/neelayurvedics.es\/?product=himalaya-tentex-forte-tableta-10-tabletas","title":{"rendered":"Himalaya Tentex forte Tableta &#8211; 10 Tabletas"},"content":{"rendered":"<h3><strong><u>Beneficios \u00fanicos<\/u><\/strong><strong> : &#8211;<\/strong><\/h3>\n<ul>\n<li><span>Shilajit act\u00faa como un adapt\u00f3geno y rejuvenece el cuerpo para mejorar las funciones.<\/span><\/li>\n<li><span>Ashwagandha es un potente adapt\u00f3geno que alivia el estr\u00e9s mental.<\/span><\/li>\n<li><span>Es un antioxidante eficaz que ayuda a aliviar los problemas masculinos.<\/span><\/li>\n<\/ul>\n<h3><u>Ingredientes<\/u>\u00a0:-<\/h3>\n<ul>\n<li><span>Hibisco Abelmoschus<\/span><\/li>\n<li><span>Withania somn\u00edfera<\/span><\/li>\n<li><span>La hermosa Argyreia<\/span><\/li>\n<li><span>Mucuna Pruriens<\/span><\/li>\n<li><span>Croscus Sativus<\/span><\/li>\n<li><span>Strychnos Nuxvomica<\/span><\/li>\n<li><span>Anacyclus Pyrethrum<\/span><\/li>\n<li><span>Trivanga Bhasma, Makaradhvaja<\/span><\/li>\n<li><span>La Cordifolia<\/span><\/li>\n<li><span>Bombax Malabaricum<\/span><\/li>\n<li><span>Piper Nigrum<\/span><\/li>\n<\/ul>\n<h3><u>Instrucciones de uso<\/u>\u00a0:-<\/h3>\n<ul>\n<li><span>Tome dos comprimidos dos veces al d\u00eda durante 30 a 45 d\u00edas o seg\u00fan lo indique su m\u00e9dico.<\/span><\/li>\n<li><span>Contin\u00fae con una tableta dos veces al d\u00eda despu\u00e9s de los primeros 30 a 45 d\u00edas.<\/span><\/li>\n<\/ul>\n<h3><strong><u>Descargo de responsabilidad<\/u><\/strong><strong> :-<\/strong><\/h3>\n<p><span>Este producto est\u00e1 destinado \u00fanicamente para adultos (mayores de 18 a\u00f1os). Al comprar o usar este producto, confirma que tiene 18 a\u00f1os o m\u00e1s. Mant\u00e9ngalo fuera del alcance de los ni\u00f1os. Este producto no est\u00e1 destinado a diagnosticar, tratar, curar ni prevenir ninguna enfermedad. Consulte con un profesional de la salud antes de usarlo, especialmente si padece alguna afecci\u00f3n m\u00e9dica o est\u00e1 tomando medicamentos.<\/span><\/p>\n","protected":false},"excerpt":{"rendered":"<p><span>La tableta Himalaya Tentex forte contribuye al desarrollo de fuerza, potencia y resistencia. Tiene el potencial de aumentar los niveles de energ\u00eda y mejorar el rendimiento f\u00edsico en los hombres.<\/span><\/p>\n<ul>\n<li><span>Act\u00faa como adapt\u00f3geno y rejuvenece el cuerpo.<\/span><\/li>\n<li><span>La tableta Himalaya Tentex forte ayuda a aumentar la fuerza, mejora la potencia y desarrolla la resistencia.<\/span><\/li>\n<li><span>Puede aumentar los niveles de energ\u00eda en el cuerpo y mejorar el rendimiento f\u00edsico en los hombres.<\/span><\/li>\n<\/ul>\n","protected":false},"featured_media":10474,"comment_status":"open","ping_status":"closed","template":"","meta":[],"product_brand":[],"product_cat":[200,279],"product_tag":[],"class_list":{"0":"post-10473","1":"product","2":"type-product","3":"status-publish","4":"has-post-thumbnail","6":"product_cat-marca","7":"product_cat-himalaya","9":"first","10":"instock","11":"shipping-taxable","12":"purchasable","13":"product-type-simple"},"_links":{"self":[{"href":"https:\/\/neelayurvedics.es\/index.php?rest_route=\/wp\/v2\/product\/10473","targetHints":{"allow":["GET"]}}],"collection":[{"href":"https:\/\/neelayurvedics.es\/index.php?rest_route=\/wp\/v2\/product"}],"about":[{"href":"https:\/\/neelayurvedics.es\/index.php?rest_route=\/wp\/v2\/types\/product"}],"replies":[{"embeddable":true,"href":"https:\/\/neelayurvedics.es\/index.php?rest_route=%2Fwp%2Fv2%2Fcomments&post=10473"}],"wp:featuredmedia":[{"embeddable":true,"href":"https:\/\/neelayurvedics.es\/index.php?rest_route=\/wp\/v2\/media\/10474"}],"wp:attachment":[{"href":"https:\/\/neelayurvedics.es\/index.php?rest_route=%2Fwp%2Fv2%2Fmedia&parent=10473"}],"wp:term":[{"taxonomy":"product_brand","embeddable":true,"href":"https:\/\/neelayurvedics.es\/index.php?rest_route=%2Fwp%2Fv2%2Fproduct_brand&post=10473"},{"taxonomy":"product_cat","embeddable":true,"href":"https:\/\/neelayurvedics.es\/index.php?rest_route=%2Fwp%2Fv2%2Fproduct_cat&post=10473"},{"taxonomy":"product_tag","embeddable":true,"href":"https:\/\/neelayurvedics.es\/index.php?rest_route=%2Fwp%2Fv2%2Fproduct_tag&post=10473"}],"curies":[{"name":"wp","href":"https:\/\/api.w.org\/{rel}","templated":true}]}}