{"id":10480,"date":"2025-05-14T13:10:57","date_gmt":"2025-05-14T13:10:57","guid":{"rendered":"https:\/\/neelayurvedics.es\/?post_type=product&#038;p=10480"},"modified":"2025-08-29T04:37:26","modified_gmt":"2025-08-29T04:37:26","slug":"himalaya-tentex-royal-capsula-10-capsulas","status":"publish","type":"product","link":"https:\/\/neelayurvedics.es\/?product=himalaya-tentex-royal-capsula-10-capsulas","title":{"rendered":"Himalaya Tentex Royal C\u00e1psula \u2013 10 C\u00e1psulas"},"content":{"rendered":"<h3><strong><u>Beneficios \u00fanicos<\/u><\/strong><strong> : &#8211;<\/strong><\/h3>\n<ul>\n<li><span>Aumenta la resistencia y la fuerza en los hombres.<\/span><\/li>\n<li><span>Mejora el flujo sangu\u00edneo y la circulaci\u00f3n provocando vasodilataci\u00f3n.<\/span><\/li>\n<li><span>Act\u00faa como un poderoso afrodis\u00edaco.<\/span><\/li>\n<li><span>Mejora el vigor y la vitalidad.<\/span><\/li>\n<\/ul>\n<h3><u>Ingredientes<\/u>\u00a0:-<\/h3>\n<ul>\n<li><span>Gokshura<\/span><\/li>\n<li><span>Kokilaksha<\/span><\/li>\n<li><span>Vatthada<\/span><\/li>\n<li><span>Sunishannaka<\/span><\/li>\n<li><span>Kumkuma<\/span><\/li>\n<\/ul>\n<h3><u>Instrucciones de uso<\/u>\u00a0:-<\/h3>\n<ul>\n<li><span>2 c\u00e1psulas al d\u00eda una hora antes de acostarse o seg\u00fan lo indique el m\u00e9dico.<\/span><\/li>\n<\/ul>\n<h3><strong><u>Descargo de responsabilidad<\/u><\/strong><strong> :-<\/strong><\/h3>\n<p><span>Este producto est\u00e1 destinado \u00fanicamente para adultos (mayores de 18 a\u00f1os). Al comprar o usar este producto, confirma que tiene 18 a\u00f1os o m\u00e1s. Mant\u00e9ngalo fuera del alcance de los ni\u00f1os. Este producto no est\u00e1 destinado a diagnosticar, tratar, curar ni prevenir ninguna enfermedad. Consulte con un profesional de la salud antes de usarlo, especialmente si padece alguna afecci\u00f3n m\u00e9dica o est\u00e1 tomando medicamentos.<\/span><\/p>\n","protected":false},"excerpt":{"rendered":"<p><span>Himalaya Tentex Royal Capsule es una combinaci\u00f3n ayurv\u00e9dica que act\u00faa como afrodis\u00edaco y t\u00f3nico para mejorar la salud y el bienestar general. La c\u00e1psula promueve el flujo sangu\u00edneo a los \u00f3rganos. Tambi\u00e9n aumenta la energ\u00eda, mejora el rendimiento y mejora el estado de \u00e1nimo.<\/span><\/p>\n<ul>\n<li><span>Himalaya Tentex Royal Capsule mejora la fuerza y \u200b\u200bla resistencia.<\/span><\/li>\n<li><span>Ayuda a la relajaci\u00f3n de los m\u00fasculos lisos vasculares.<\/span><\/li>\n<li><span>Mejora la circulaci\u00f3n sangu\u00ednea<\/span><\/li>\n<\/ul>\n","protected":false},"featured_media":10481,"comment_status":"open","ping_status":"closed","template":"","meta":[],"product_brand":[],"product_cat":[200,279],"product_tag":[],"class_list":{"0":"post-10480","1":"product","2":"type-product","3":"status-publish","4":"has-post-thumbnail","6":"product_cat-marca","7":"product_cat-himalaya","9":"first","10":"instock","11":"shipping-taxable","12":"purchasable","13":"product-type-simple"},"_links":{"self":[{"href":"https:\/\/neelayurvedics.es\/index.php?rest_route=\/wp\/v2\/product\/10480","targetHints":{"allow":["GET"]}}],"collection":[{"href":"https:\/\/neelayurvedics.es\/index.php?rest_route=\/wp\/v2\/product"}],"about":[{"href":"https:\/\/neelayurvedics.es\/index.php?rest_route=\/wp\/v2\/types\/product"}],"replies":[{"embeddable":true,"href":"https:\/\/neelayurvedics.es\/index.php?rest_route=%2Fwp%2Fv2%2Fcomments&post=10480"}],"wp:featuredmedia":[{"embeddable":true,"href":"https:\/\/neelayurvedics.es\/index.php?rest_route=\/wp\/v2\/media\/10481"}],"wp:attachment":[{"href":"https:\/\/neelayurvedics.es\/index.php?rest_route=%2Fwp%2Fv2%2Fmedia&parent=10480"}],"wp:term":[{"taxonomy":"product_brand","embeddable":true,"href":"https:\/\/neelayurvedics.es\/index.php?rest_route=%2Fwp%2Fv2%2Fproduct_brand&post=10480"},{"taxonomy":"product_cat","embeddable":true,"href":"https:\/\/neelayurvedics.es\/index.php?rest_route=%2Fwp%2Fv2%2Fproduct_cat&post=10480"},{"taxonomy":"product_tag","embeddable":true,"href":"https:\/\/neelayurvedics.es\/index.php?rest_route=%2Fwp%2Fv2%2Fproduct_tag&post=10480"}],"curies":[{"name":"wp","href":"https:\/\/api.w.org\/{rel}","templated":true}]}}