{"id":10938,"date":"2025-05-17T06:24:19","date_gmt":"2025-05-17T06:24:19","guid":{"rendered":"https:\/\/neelayurvedics.es\/?post_type=product&#038;p=10938"},"modified":"2026-03-08T02:19:28","modified_gmt":"2026-03-08T02:19:28","slug":"himalaya-koflet-tarro-de-pastillas-160-pcs-40-pcs-gratis","status":"publish","type":"product","link":"https:\/\/neelayurvedics.es\/?product=himalaya-koflet-tarro-de-pastillas-160-pcs-40-pcs-gratis","title":{"rendered":"Himalaya Koflet Tarro de Pastillas &#8211; (160 pcs + 40 pcs gratis)"},"content":{"rendered":"<p><span>Con una mezcla \u00fanica de ingredientes naturales, las pastillas Himalaya Koflet aprovechan el poder de los remedios herbales para favorecer la salud respiratoria. Cada pastilla contiene hierbas y extractos de plantas cuidadosamente seleccionados, conocidos por sus propiedades beneficiosas para calmar los tejidos irritados, reducir el reflejo de la tos y promover el bienestar general de la garganta.<\/span><\/p>\n<p><span>Cansado de la tos persistente o las molestias de garganta? No busque m\u00e1s: Himalaya Lozenges es la soluci\u00f3n, una marca de confianza en productos naturales para el cuidado de la salud. Estas pastillas est\u00e1n espec\u00edficamente formuladas para brindar un alivio eficaz y calmante para la tos y la irritaci\u00f3n de garganta, permiti\u00e9ndole respirar mejor y sentirse mejor.<\/span><\/p>\n<p><span>Adem\u00e1s, la albahaca sagrada, conocida por sus propiedades antiinflamatorias y de apoyo inmunitario, se incluye en la f\u00f3rmula de las pastillas Koflet. La albahaca sagrada ayuda a promover la salud respiratoria y proporciona protecci\u00f3n antioxidante para reforzar los mecanismos naturales de defensa del organismo.<\/span><\/p>\n<h3><span>Ingredientes :-<\/span><\/h3>\n<div class=\"product-block product-block--tab\">\n<div class=\"collapsibles-wrapper collapsibles-wrapper--border-bottom\">\n<div id=\"Product-content-b73277ab-0115-4325-9483-2f521b4a32544164005724259\" class=\"collapsible-content collapsible-content--all is-open\">\n<div class=\"collapsible-content__inner rte\">\n<ul>\n<li><span>Lavanga<\/span><\/li>\n<li><span>Regaliz<\/span><\/li>\n<li><span>Tres<\/span><\/li>\n<\/ul>\n<\/div>\n<\/div>\n<\/div>\n<\/div>\n<div class=\"product-block product-block--tab\">\n<h3 class=\"collapsibles-wrapper collapsibles-wrapper--border-bottom\"><span>Instrucciones de uso:<\/span><\/h3>\n<\/div>\n<ul>\n<li><span>Usar las pastillas Himalaya Koflet es sencillo y pr\u00e1ctico. Estas pastillas peque\u00f1as y f\u00e1ciles de llevar las puedes llevar contigo dondequiera que est\u00e9s, permiti\u00e9ndote experimentar un alivio reconfortante cuando y donde lo necesites.<\/span><\/li>\n<\/ul>\n<p><span>Himalaya tiene un rico legado en el suministro de remedios herbales confiables y efectivos, respaldados por una amplia investigaci\u00f3n y experiencia.<\/span><\/p>\n<p><span>Dile adi\u00f3s a la incomodidad de la tos y la irritaci\u00f3n de garganta. Disfruta del poder calmante de la naturaleza con las pastillas Himalaya Koflet, tu aliado de confianza para el apoyo respiratorio. Experimenta el suave alivio y disfruta de la comodidad que brinda un remedio natural elaborado con esmero.<\/span><\/p>\n","protected":false},"excerpt":{"rendered":"<ul>\n<li><span>Alivia la tos y la irritaci\u00f3n de garganta para un alivio inmediato.<\/span><\/li>\n<li><span>Reduce el reflejo de la tos y calma los tejidos irritados de la garganta.<\/span><\/li>\n<li><span>Apoya la salud respiratoria con ingredientes herbales naturales.<\/span><\/li>\n<li><span>Proporciona comodidad duradera con pastillas de disoluci\u00f3n lenta.<\/span><\/li>\n<li><span>Contiene regaliz, jengibre y albahaca sagrada por sus propiedades calmantes y curativas.<\/span><\/li>\n<\/ul>\n","protected":false},"featured_media":10940,"comment_status":"open","ping_status":"closed","template":"","meta":[],"product_brand":[],"product_cat":[200,279],"product_tag":[],"class_list":{"0":"post-10938","1":"product","2":"type-product","3":"status-publish","4":"has-post-thumbnail","6":"product_cat-marca","7":"product_cat-himalaya","9":"first","10":"instock","11":"shipping-taxable","12":"purchasable","13":"product-type-simple"},"_links":{"self":[{"href":"https:\/\/neelayurvedics.es\/index.php?rest_route=\/wp\/v2\/product\/10938","targetHints":{"allow":["GET"]}}],"collection":[{"href":"https:\/\/neelayurvedics.es\/index.php?rest_route=\/wp\/v2\/product"}],"about":[{"href":"https:\/\/neelayurvedics.es\/index.php?rest_route=\/wp\/v2\/types\/product"}],"replies":[{"embeddable":true,"href":"https:\/\/neelayurvedics.es\/index.php?rest_route=%2Fwp%2Fv2%2Fcomments&post=10938"}],"wp:featuredmedia":[{"embeddable":true,"href":"https:\/\/neelayurvedics.es\/index.php?rest_route=\/wp\/v2\/media\/10940"}],"wp:attachment":[{"href":"https:\/\/neelayurvedics.es\/index.php?rest_route=%2Fwp%2Fv2%2Fmedia&parent=10938"}],"wp:term":[{"taxonomy":"product_brand","embeddable":true,"href":"https:\/\/neelayurvedics.es\/index.php?rest_route=%2Fwp%2Fv2%2Fproduct_brand&post=10938"},{"taxonomy":"product_cat","embeddable":true,"href":"https:\/\/neelayurvedics.es\/index.php?rest_route=%2Fwp%2Fv2%2Fproduct_cat&post=10938"},{"taxonomy":"product_tag","embeddable":true,"href":"https:\/\/neelayurvedics.es\/index.php?rest_route=%2Fwp%2Fv2%2Fproduct_tag&post=10938"}],"curies":[{"name":"wp","href":"https:\/\/api.w.org\/{rel}","templated":true}]}}