{"id":10941,"date":"2025-05-17T06:33:43","date_gmt":"2025-05-17T06:33:43","guid":{"rendered":"https:\/\/neelayurvedics.es\/?post_type=product&#038;p=10941"},"modified":"2025-08-29T04:37:26","modified_gmt":"2025-08-29T04:37:26","slug":"himalaya-liv-52-hb-capsulas-10-capsulas","status":"publish","type":"product","link":"https:\/\/neelayurvedics.es\/?product=himalaya-liv-52-hb-capsulas-10-capsulas","title":{"rendered":"Himalaya Liv.52 Hb Capsulas \u2013 10 C\u00e1psulas"},"content":{"rendered":"<h3><span>Beneficios \u00fanicos<\/span><span>\u00a0: &#8211;<\/span><\/h3>\n<ul>\n<li><span>Himalaya Liv is Musta tiene propiedades antiinflamatorias y hepatoprotectoras que ayudan a aliviar las dolencias del h\u00edgado.<\/span><\/li>\n<li><span>Nagarmustaka tiene propiedades antioxidantes y antiinflamatorias que benefician al h\u00edgado.<\/span><\/li>\n<li><span>Las propiedades hepatoprotectoras ayudan a mantener la salud general del h\u00edgado.<\/span><\/li>\n<\/ul>\n<h3><span>Ingredientes<\/span><span>\u00a0:-<\/span><\/h3>\n<ul>\n<li><span>Mustaka<\/span><\/li>\n<li><span>Nagarmustaka<\/span><\/li>\n<li><span>Bandera<\/span><\/li>\n<\/ul>\n<h3><span>Instrucciones de uso<\/span><span>\u00a0:<\/span><\/h3>\n<ul>\n<li><span>1-2 c\u00e1psulas dos veces al d\u00eda despu\u00e9s de las comidas o seg\u00fan lo indique el profesional de la salud.<\/span><\/li>\n<\/ul>\n","protected":false},"excerpt":{"rendered":"<p><span>La c\u00e1psula Himalaya Liv.52 HB es un medicamento ayurv\u00e9dico que contiene mustaka y nagarmustaka y que ayuda a proteger y mejorar el funcionamiento del h\u00edgado. El h\u00edgado es un \u00f3rgano esencial para la desintoxicaci\u00f3n. Por lo tanto, mantenerlo sano es fundamental para el bienestar general.<\/span><\/p>\n<ul>\n<li><span>Elaborado con hierbas ayurv\u00e9dicas.<\/span><\/li>\n<li><span>Protege la salud del h\u00edgado<\/span><\/li>\n<li><span>Apoya las funciones del h\u00edgado<\/span><\/li>\n<\/ul>\n","protected":false},"featured_media":10942,"comment_status":"open","ping_status":"closed","template":"","meta":[],"product_brand":[],"product_cat":[200,279],"product_tag":[],"class_list":{"0":"post-10941","1":"product","2":"type-product","3":"status-publish","4":"has-post-thumbnail","6":"product_cat-marca","7":"product_cat-himalaya","9":"first","10":"instock","11":"shipping-taxable","12":"purchasable","13":"product-type-simple"},"_links":{"self":[{"href":"https:\/\/neelayurvedics.es\/index.php?rest_route=\/wp\/v2\/product\/10941","targetHints":{"allow":["GET"]}}],"collection":[{"href":"https:\/\/neelayurvedics.es\/index.php?rest_route=\/wp\/v2\/product"}],"about":[{"href":"https:\/\/neelayurvedics.es\/index.php?rest_route=\/wp\/v2\/types\/product"}],"replies":[{"embeddable":true,"href":"https:\/\/neelayurvedics.es\/index.php?rest_route=%2Fwp%2Fv2%2Fcomments&post=10941"}],"wp:featuredmedia":[{"embeddable":true,"href":"https:\/\/neelayurvedics.es\/index.php?rest_route=\/wp\/v2\/media\/10942"}],"wp:attachment":[{"href":"https:\/\/neelayurvedics.es\/index.php?rest_route=%2Fwp%2Fv2%2Fmedia&parent=10941"}],"wp:term":[{"taxonomy":"product_brand","embeddable":true,"href":"https:\/\/neelayurvedics.es\/index.php?rest_route=%2Fwp%2Fv2%2Fproduct_brand&post=10941"},{"taxonomy":"product_cat","embeddable":true,"href":"https:\/\/neelayurvedics.es\/index.php?rest_route=%2Fwp%2Fv2%2Fproduct_cat&post=10941"},{"taxonomy":"product_tag","embeddable":true,"href":"https:\/\/neelayurvedics.es\/index.php?rest_route=%2Fwp%2Fv2%2Fproduct_tag&post=10941"}],"curies":[{"name":"wp","href":"https:\/\/api.w.org\/{rel}","templated":true}]}}