{"id":16360,"date":"2025-06-17T09:12:36","date_gmt":"2025-06-17T09:12:36","guid":{"rendered":"https:\/\/neelayurvedics.es\/?post_type=product&#038;p=16360"},"modified":"2025-07-12T08:35:20","modified_gmt":"2025-07-12T08:35:20","slug":"vasu-trichup-capsulas","status":"publish","type":"product","link":"https:\/\/neelayurvedics.es\/?product=vasu-trichup-capsulas","title":{"rendered":"Vasu Trichup Capsulas &#8211; 60 Cap"},"content":{"rendered":"<p data-start=\"92\" data-end=\"164\"><strong data-start=\"92\" data-end=\"117\">Vasu Trichup C\u00e1psulas<\/strong><br data-start=\"117\" data-end=\"120\" \/><strong data-start=\"120\" data-end=\"164\">Tu remedio natural para la salud capilar<\/strong><\/p>\n<p data-start=\"166\" data-end=\"623\">Vasu Trichup C\u00e1psulas es un suplemento polihierbal formulado cient\u00edficamente para combatir los problemas capilares m\u00e1s comunes causados por los desaf\u00edos del estilo de vida moderno, como el sedentarismo, la mala alimentaci\u00f3n y la contaminaci\u00f3n ambiental. En el centro de su f\u00f3rmula se encuentra el <strong data-start=\"463\" data-end=\"476\">Bhringraj<\/strong>, una hierba tradicionalmente reconocida por estimular el crecimiento del cabello y mejorar su color natural al aumentar la producci\u00f3n de melanina.<\/p>\n<h3 data-start=\"625\" data-end=\"650\"><strong data-start=\"629\" data-end=\"650\">Beneficios Clave:<\/strong><\/h3>\n<ul data-start=\"652\" data-end=\"1629\">\n<li data-start=\"652\" data-end=\"891\">\n<p data-start=\"654\" data-end=\"891\"><strong data-start=\"654\" data-end=\"696\">Reabastece micronutrientes esenciales:<\/strong> Ayuda a restaurar los micronutrientes y minerales vitales necesarios para un desarrollo saludable del cabello, abordando deficiencias causadas por el estr\u00e9s, la mala alimentaci\u00f3n o enfermedades.<\/p>\n<\/li>\n<li data-start=\"892\" data-end=\"1122\">\n<p data-start=\"894\" data-end=\"1122\"><strong data-start=\"894\" data-end=\"925\">Con el poder del Bhringraj:<\/strong> El Bhringraj act\u00faa como un estimulante natural del crecimiento capilar y un agente natural que oscurece el cabello al aumentar el contenido de melanina, retrasando as\u00ed el encanecimiento prematuro.<\/p>\n<\/li>\n<li data-start=\"1123\" data-end=\"1319\">\n<p data-start=\"1125\" data-end=\"1319\"><strong data-start=\"1125\" data-end=\"1152\">Alta biodisponibilidad:<\/strong> Formulado para una excelente absorci\u00f3n, lo que garantiza que el cabello reciba la nutrici\u00f3n necesaria desde el interior para fortalecerlo y darle volumen y vitalidad.<\/p>\n<\/li>\n<li data-start=\"1320\" data-end=\"1629\">\n<p data-start=\"1322\" data-end=\"1629\"><strong data-start=\"1322\" data-end=\"1349\">Mezcla herbal integral:<\/strong> Enriquecido con una poderosa combinaci\u00f3n de hierbas tradicionales como <strong data-start=\"1421\" data-end=\"1429\">Japa<\/strong>, <strong data-start=\"1431\" data-end=\"1446\">Yashtimadhu<\/strong>, <strong data-start=\"1448\" data-end=\"1463\">Mandukparni<\/strong>, <strong data-start=\"1465\" data-end=\"1476\">Guduchi<\/strong>, <strong data-start=\"1478\" data-end=\"1486\">Amla<\/strong> y <strong data-start=\"1489\" data-end=\"1501\">Triphala<\/strong>, que trabajan en sinergia para mejorar la salud del cuero cabelludo, reducir la ca\u00edda del cabello y mejorar su textura general.<\/p>\n<\/li>\n<\/ul>\n<h3 data-start=\"1631\" data-end=\"1652\"><strong data-start=\"1635\" data-end=\"1652\">Ingredientes:<\/strong><\/h3>\n<ul data-start=\"1653\" data-end=\"1741\">\n<li data-start=\"1653\" data-end=\"1666\">\n<p data-start=\"1655\" data-end=\"1666\">Bhringraj<\/p>\n<\/li>\n<li data-start=\"1667\" data-end=\"1675\">\n<p data-start=\"1669\" data-end=\"1675\">Japa<\/p>\n<\/li>\n<li data-start=\"1676\" data-end=\"1691\">\n<p data-start=\"1678\" data-end=\"1691\">Yashtimadhu<\/p>\n<\/li>\n<li data-start=\"1692\" data-end=\"1707\">\n<p data-start=\"1694\" data-end=\"1707\">Mandukparni<\/p>\n<\/li>\n<li data-start=\"1708\" data-end=\"1720\">\n<p data-start=\"1710\" data-end=\"1720\">Triphala<\/p>\n<\/li>\n<li data-start=\"1721\" data-end=\"1729\">\n<p data-start=\"1723\" data-end=\"1729\">Amla<\/p>\n<\/li>\n<li data-start=\"1730\" data-end=\"1741\">\n<p data-start=\"1732\" data-end=\"1741\">Guduchi<\/p>\n<\/li>\n<\/ul>\n<h3 data-start=\"1743\" data-end=\"1763\"><strong data-start=\"1747\" data-end=\"1763\">Modo de uso:<\/strong><\/h3>\n<p data-start=\"1764\" data-end=\"1896\">Tomar <strong data-start=\"1770\" data-end=\"1791\">2 c\u00e1psulas al d\u00eda<\/strong> durante un m\u00ednimo de <strong data-start=\"1813\" data-end=\"1828\">3 a 6 meses<\/strong>, o seg\u00fan lo indique un profesional m\u00e9dico. Recomendado en casos de:<\/p>\n<ul data-start=\"1897\" data-end=\"2046\">\n<li data-start=\"1897\" data-end=\"1927\">\n<p data-start=\"1899\" data-end=\"1927\">Ca\u00edda excesiva del cabello<\/p>\n<\/li>\n<li data-start=\"1928\" data-end=\"1964\">\n<p data-start=\"1930\" data-end=\"1964\">Crecimiento capilar insuficiente<\/p>\n<\/li>\n<li data-start=\"1965\" data-end=\"1985\">\n<p data-start=\"1967\" data-end=\"1985\">Canas prematuras<\/p>\n<\/li>\n<li data-start=\"1986\" data-end=\"2046\">\n<p data-start=\"1988\" data-end=\"2046\">P\u00e9rdida de cabello causada por medicamentos o enfermedades<\/p>\n<\/li>\n<\/ul>\n<h3 data-start=\"2048\" data-end=\"2061\"><strong data-start=\"2052\" data-end=\"2061\">Nota:<\/strong><\/h3>\n<ul data-start=\"2062\" data-end=\"2195\">\n<li data-start=\"2062\" data-end=\"2104\">\n<p data-start=\"2064\" data-end=\"2104\">Utilizar solo bajo supervisi\u00f3n m\u00e9dica.<\/p>\n<\/li>\n<li data-start=\"2105\" data-end=\"2195\">\n<p data-start=\"2107\" data-end=\"2195\">No se recomienda durante el embarazo, a menos que lo indique un profesional de la salud.<\/p>\n<\/li>\n<\/ul>\n","protected":false},"excerpt":{"rendered":"<p>Vasu Trichup C\u00e1psulasTu remedio natural para la salud capilar Vasu Trichup C\u00e1psulas es un suplemento polihierbal formulado cient\u00edficamente para combatir los problemas capilares m\u00e1s comunes causados por los desaf\u00edos del estilo de vida moderno, como el sedentarismo, la mala alimentaci\u00f3n y la contaminaci\u00f3n ambiental. En el centro de su f\u00f3rmula se encuentra el Bhringraj, una [&hellip;]<\/p>\n","protected":false},"featured_media":16957,"comment_status":"open","ping_status":"closed","template":"","meta":[],"product_brand":[430],"product_cat":[200,429],"product_tag":[],"class_list":{"0":"post-16360","1":"product","2":"type-product","3":"status-publish","4":"has-post-thumbnail","6":"product_brand-vasu","7":"product_cat-marca","8":"product_cat-vasu","10":"first","11":"instock","12":"purchasable","13":"product-type-simple"},"_links":{"self":[{"href":"https:\/\/neelayurvedics.es\/index.php?rest_route=\/wp\/v2\/product\/16360","targetHints":{"allow":["GET"]}}],"collection":[{"href":"https:\/\/neelayurvedics.es\/index.php?rest_route=\/wp\/v2\/product"}],"about":[{"href":"https:\/\/neelayurvedics.es\/index.php?rest_route=\/wp\/v2\/types\/product"}],"replies":[{"embeddable":true,"href":"https:\/\/neelayurvedics.es\/index.php?rest_route=%2Fwp%2Fv2%2Fcomments&post=16360"}],"wp:featuredmedia":[{"embeddable":true,"href":"https:\/\/neelayurvedics.es\/index.php?rest_route=\/wp\/v2\/media\/16957"}],"wp:attachment":[{"href":"https:\/\/neelayurvedics.es\/index.php?rest_route=%2Fwp%2Fv2%2Fmedia&parent=16360"}],"wp:term":[{"taxonomy":"product_brand","embeddable":true,"href":"https:\/\/neelayurvedics.es\/index.php?rest_route=%2Fwp%2Fv2%2Fproduct_brand&post=16360"},{"taxonomy":"product_cat","embeddable":true,"href":"https:\/\/neelayurvedics.es\/index.php?rest_route=%2Fwp%2Fv2%2Fproduct_cat&post=16360"},{"taxonomy":"product_tag","embeddable":true,"href":"https:\/\/neelayurvedics.es\/index.php?rest_route=%2Fwp%2Fv2%2Fproduct_tag&post=16360"}],"curies":[{"name":"wp","href":"https:\/\/api.w.org\/{rel}","templated":true}]}}