{"id":16983,"date":"2025-08-13T17:01:33","date_gmt":"2025-08-13T17:01:33","guid":{"rendered":"https:\/\/neelayurvedics.es\/?post_type=product&#038;p=16983"},"modified":"2025-08-13T17:09:26","modified_gmt":"2025-08-13T17:09:26","slug":"neel-ayurvedics-jabon-de-aloe-vera-de","status":"publish","type":"product","link":"https:\/\/neelayurvedics.es\/?product=neel-ayurvedics-jabon-de-aloe-vera-de","title":{"rendered":"Neel Ayurvedics Jab\u00f3n de aloe vera de"},"content":{"rendered":"<p><img fetchpriority=\"high\" decoding=\"async\" class=\"aligncenter size-full wp-image-92099\" src=\"https:\/\/www.neelayurvedics.com\/wp-content\/uploads\/2025\/07\/aloevera-soap-description-scaled.webp\" sizes=\"(max-width: 1393px) 100vw, 1393px\" srcset=\"https:\/\/www.neelayurvedics.com\/wp-content\/uploads\/2025\/07\/aloevera-soap-description-scaled.webp 1393w, https:\/\/www.neelayurvedics.com\/wp-content\/uploads\/2025\/07\/aloevera-soap-description-163x300.webp 163w, https:\/\/www.neelayurvedics.com\/wp-content\/uploads\/2025\/07\/aloevera-soap-description-557x1024.webp 557w, https:\/\/www.neelayurvedics.com\/wp-content\/uploads\/2025\/07\/aloevera-soap-description-82x150.webp 82w, https:\/\/www.neelayurvedics.com\/wp-content\/uploads\/2025\/07\/aloevera-soap-description-768x1411.webp 768w, https:\/\/www.neelayurvedics.com\/wp-content\/uploads\/2025\/07\/aloevera-soap-description-836x1536.webp 836w, https:\/\/www.neelayurvedics.com\/wp-content\/uploads\/2025\/07\/aloevera-soap-description-1115x2048.webp 1115w, https:\/\/www.neelayurvedics.com\/wp-content\/uploads\/2025\/07\/aloevera-soap-description-450x827.webp 450w, https:\/\/www.neelayurvedics.com\/wp-content\/uploads\/2025\/07\/aloevera-soap-description-800x1470.webp 800w, https:\/\/www.neelayurvedics.com\/wp-content\/uploads\/2025\/07\/aloevera-soap-description-1000x1837.webp 1000w, https:\/\/www.neelayurvedics.com\/wp-content\/uploads\/2025\/07\/aloevera-soap-description-64x118.webp 64w\" alt=\"Aloevera Soap Description\" width=\"1393\" height=\"2560\" aria-label=\"Neel Ayurvedics Aloevera Soap 2\" \/><\/p>\n<p>Descubre el producto esencial definitivo para el cuidado de la piel con nuestro Jab\u00f3n de Aloe Vera, elaborado para limpiar y nutrir suavemente tu piel, a la vez que promueve su suavidad y luminosidad. Elaborado con ingredientes naturales de primera calidad, como aceite de coco, aceite de almendras, aceite de \u00e1rbol de t\u00e9 y vitamina E, este jab\u00f3n es la soluci\u00f3n para una tez fresca y radiante. Ya sea que est\u00e9s luchando contra la sequedad, la sensibilidad o simplemente buscando mimarte a diario, este jab\u00f3n ofrece una combinaci\u00f3n perfectamente equilibrada de hidrataci\u00f3n y poder limpiador. Convi\u00e9rtelo en la base de tu rutina de cuidado de la piel.<\/p>\n<p>Infundido con los mejores ingredientes de la naturaleza<\/p>\n<p>Lo que distingue a nuestro Jab\u00f3n de Aloe Vera es su f\u00f3rmula cuidadosamente elaborada con los componentes m\u00e1s confiables de la naturaleza para el cuidado de la piel. El aloe vera es su ingrediente estrella, conocido por sus propiedades calmantes e hidratantes, lo que lo hace ideal para todo tipo de piel. El aceite de coco proporciona una hidrataci\u00f3n profunda, mientras que el aceite de almendras aporta nutrientes esenciales para una textura sedosa. El aceite de \u00e1rbol de t\u00e9 funciona como un limpiador antibacteriano natural, protegiendo tu piel contra las impurezas, y la vitamina E asegura una nutrici\u00f3n duradera, ayudando a que tu piel se mantenga m\u00e1s saludable d\u00eda a d\u00eda.<\/p>\n<p>Limpieza Efectiva y Suave<\/p>\n<p>Con frecuencia, los limpiadores agresivos eliminan los aceites naturales de la piel, provocando irritaci\u00f3n y desequilibrio. Nuestro Jab\u00f3n de Aloe Vera soluciona estos problemas ofreciendo una experiencia de limpieza suave que preserva la barrera natural de la piel. Al eliminar la suciedad y las impurezas, revitaliza la piel sin dejar sensaci\u00f3n de sequedad ni tirantez. Su f\u00f3rmula potente y suave lo hace apto para uso diario, garantizando que la piel se mantenga fresca y libre de residuos, a la vez que suave y tersa.<\/p>\n<p>\u00bfPor qu\u00e9 elegir nuestro Jab\u00f3n de Aloe Vera?<\/p>\n<p>Con tantas opciones de jabones disponibles, quiz\u00e1s te preguntes por qu\u00e9 el nuestro es la opci\u00f3n perfecta. La respuesta reside en la combinaci\u00f3n de ingredientes naturales de alta calidad y un compromiso con la salud de la piel. Este jab\u00f3n no contiene qu\u00edmicos agresivos ni fragancias artificiales, lo que garantiza una experiencia de cuidado de la piel pura. Su f\u00f3rmula ligera crea una espuma maravillosa, haciendo que tu ritual de limpieza sea realmente placentero. Adem\u00e1s, los beneficios de una piel radiante, una mayor hidrataci\u00f3n y una sensaci\u00f3n de frescura lo convierten en una fant\u00e1stica adici\u00f3n a tu rutina de cuidado personal o en un regalo especial para tus seres queridos.<\/p>\n<p>Sum\u00e9rgete en el incre\u00edble mundo del cuidado natural de la piel con nuestro Jab\u00f3n de Aloe Vera y descubre el verdadero potencial de tu piel. Es m\u00e1s que un simple jab\u00f3n: es tu boleto a una piel m\u00e1s sana y radiante todos los d\u00edas.<\/p>\n","protected":false},"excerpt":{"rendered":"<p>El Jab\u00f3n de Aloevera de Neel Ayurvedics es una mezcla calmante de gel de aloe vera, aceites nutritivos de coco y almendra, y refrescante aceite de \u00e1rbol de t\u00e9. Limpia suavemente, manteniendo la piel suave e hidratada. Enriquecido con vitamina E, promueve una piel sana y radiante con cada uso. Su suave fragancia refresca y rejuvenece, ideal para el cuidado diario. Experimenta la delicada sensaci\u00f3n de la naturaleza en cada espuma.<\/p>\n","protected":false},"featured_media":16988,"comment_status":"open","ping_status":"closed","template":"","meta":[],"product_brand":[285],"product_cat":[444,200,252],"product_tag":[],"class_list":{"0":"post-16983","1":"product","2":"type-product","3":"status-publish","4":"has-post-thumbnail","6":"product_brand-neel-ayurvedics","7":"product_cat-neel-ayurvedics-soap","8":"product_cat-marca","9":"product_cat-neel-ayurvedics","11":"first","12":"instock","13":"shipping-taxable","14":"purchasable","15":"product-type-simple"},"_links":{"self":[{"href":"https:\/\/neelayurvedics.es\/index.php?rest_route=\/wp\/v2\/product\/16983","targetHints":{"allow":["GET"]}}],"collection":[{"href":"https:\/\/neelayurvedics.es\/index.php?rest_route=\/wp\/v2\/product"}],"about":[{"href":"https:\/\/neelayurvedics.es\/index.php?rest_route=\/wp\/v2\/types\/product"}],"replies":[{"embeddable":true,"href":"https:\/\/neelayurvedics.es\/index.php?rest_route=%2Fwp%2Fv2%2Fcomments&post=16983"}],"wp:featuredmedia":[{"embeddable":true,"href":"https:\/\/neelayurvedics.es\/index.php?rest_route=\/wp\/v2\/media\/16988"}],"wp:attachment":[{"href":"https:\/\/neelayurvedics.es\/index.php?rest_route=%2Fwp%2Fv2%2Fmedia&parent=16983"}],"wp:term":[{"taxonomy":"product_brand","embeddable":true,"href":"https:\/\/neelayurvedics.es\/index.php?rest_route=%2Fwp%2Fv2%2Fproduct_brand&post=16983"},{"taxonomy":"product_cat","embeddable":true,"href":"https:\/\/neelayurvedics.es\/index.php?rest_route=%2Fwp%2Fv2%2Fproduct_cat&post=16983"},{"taxonomy":"product_tag","embeddable":true,"href":"https:\/\/neelayurvedics.es\/index.php?rest_route=%2Fwp%2Fv2%2Fproduct_tag&post=16983"}],"curies":[{"name":"wp","href":"https:\/\/api.w.org\/{rel}","templated":true}]}}