{"id":17028,"date":"2025-08-13T17:27:39","date_gmt":"2025-08-13T17:27:39","guid":{"rendered":"https:\/\/neelayurvedics.es\/?post_type=product&#038;p=17028"},"modified":"2025-08-13T17:27:41","modified_gmt":"2025-08-13T17:27:41","slug":"neel-ayurvedics-jabon-kesuda-de","status":"publish","type":"product","link":"https:\/\/neelayurvedics.es\/?product=neel-ayurvedics-jabon-kesuda-de","title":{"rendered":"Neel Ayurvedics Jab\u00f3n Kesuda de"},"content":{"rendered":"<p><img fetchpriority=\"high\" decoding=\"async\" class=\"aligncenter size-full wp-image-92100\" src=\"https:\/\/www.neelayurvedics.com\/wp-content\/uploads\/2025\/07\/kesuda-soap-description-1.webp\" sizes=\"(max-width: 1464px) 100vw, 1464px\" srcset=\"https:\/\/www.neelayurvedics.com\/wp-content\/uploads\/2025\/07\/kesuda-soap-description-1.webp 1464w, https:\/\/www.neelayurvedics.com\/wp-content\/uploads\/2025\/07\/kesuda-soap-description-1-194x300.webp 194w, https:\/\/www.neelayurvedics.com\/wp-content\/uploads\/2025\/07\/kesuda-soap-description-1-595x920.webp 595w, https:\/\/www.neelayurvedics.com\/wp-content\/uploads\/2025\/07\/kesuda-soap-description-1-97x150.webp 97w, https:\/\/www.neelayurvedics.com\/wp-content\/uploads\/2025\/07\/kesuda-soap-description-1-768x1188.webp 768w, https:\/\/www.neelayurvedics.com\/wp-content\/uploads\/2025\/07\/kesuda-soap-description-1-993x1536.webp 993w, https:\/\/www.neelayurvedics.com\/wp-content\/uploads\/2025\/07\/kesuda-soap-description-1-1324x2048.webp 1324w, https:\/\/www.neelayurvedics.com\/wp-content\/uploads\/2025\/07\/kesuda-soap-description-1-450x696.webp 450w, https:\/\/www.neelayurvedics.com\/wp-content\/uploads\/2025\/07\/kesuda-soap-description-1-800x1237.webp 800w, https:\/\/www.neelayurvedics.com\/wp-content\/uploads\/2025\/07\/kesuda-soap-description-1-1000x1546.webp 1000w, https:\/\/www.neelayurvedics.com\/wp-content\/uploads\/2025\/07\/kesuda-soap-description-1-64x99.webp 64w\" alt=\"Kesuda Soap Description \" width=\"1464\" height=\"2264\" aria-label=\"Neel Ayurvedics Kesuda Soap 2\" \/><\/p>\n<p><strong>Descubriendo el secreto para una piel radiante<\/strong><\/p>\n<p>Presentamos nuestro Jab\u00f3n Kesuda, una obra maestra creada para quienes buscan la experiencia perfecta en el cuidado de la piel. Esta lujosa barra combina la esencia pura del polvo y el aceite Kesuda para lograr una piel radiante, nutrida y revitalizada. Cada ingrediente se selecciona cuidadosamente para garantizar que tu piel reciba el cuidado que merece, dej\u00e1ndote radiante con una belleza natural.<\/p>\n<p><strong>Hidrataci\u00f3n y cuidado, naturalmente<\/strong><\/p>\n<p>Infundido con glicerina y aceite de coco, el Jab\u00f3n Kesuda proporciona una hidrataci\u00f3n inigualable a tu piel. Estos humectantes naturales trabajan en armon\u00eda para penetrar profundamente en las capas de la piel, manteniendo el equilibrio de hidrataci\u00f3n y previniendo la sequedad. Siente la diferencia: tu piel se vuelve m\u00e1s suave, tersa y visiblemente hidratada despu\u00e9s de cada uso.<\/p>\n<p><strong>Protecci\u00f3n Arom\u00e1tica y Limpieza Suave<\/strong><\/p>\n<p>Protege tu piel con los beneficios antibacterianos de los aceites de \u00e1rbol de t\u00e9, rosa y canela. No solo protegen tu piel, sino que su refrescante aroma transforma cada lavado en una experiencia revitalizante. Adem\u00e1s, los suaves agentes limpiadores como el CAPB y el EDTA garantizan que tu piel se mantenga limpia sin eliminar la hidrataci\u00f3n esencial, mientras que el glicol aporta suavidad y una textura refinada.<\/p>\n<p>El Jab\u00f3n Kesuda no es solo un jab\u00f3n: es un toque curativo de la naturaleza envuelto en una pastilla arom\u00e1tica para el cuidado de la piel. Ya sea que quieras rejuvenecer tu piel despu\u00e9s de un largo d\u00eda o simplemente disfrutar del autocuidado, nuestro Jab\u00f3n Kesuda es tu aliado para una piel radiante, fresca y saludable.<\/p>\n","protected":false},"excerpt":{"rendered":"<p>Presentamos nuestro Jab\u00f3n Kesuda, una lujosa mezcla de los mejores ingredientes naturales. Enriquecido con polvo y aceite de Kesuda para una piel radiante, combina glicerina y aceite de coco para una hidrataci\u00f3n profunda. Los aceites de \u00e1rbol de t\u00e9, rosa y canela ofrecen cuidado antibacteriano y un aroma refrescante. El CAPB y el EDTA suaves limpian sin resecar la piel, mientras que el glicol suaviza. Experimenta el toque curativo de la naturaleza con esta barra arom\u00e1tica que cuida tu piel.<\/p>\n","protected":false},"featured_media":17000,"comment_status":"open","ping_status":"closed","template":"","meta":[],"product_brand":[285],"product_cat":[444,200,252],"product_tag":[],"class_list":{"0":"post-17028","1":"product","2":"type-product","3":"status-publish","4":"has-post-thumbnail","6":"product_brand-neel-ayurvedics","7":"product_cat-neel-ayurvedics-soap","8":"product_cat-marca","9":"product_cat-neel-ayurvedics","11":"first","12":"instock","13":"shipping-taxable","14":"purchasable","15":"product-type-simple"},"_links":{"self":[{"href":"https:\/\/neelayurvedics.es\/index.php?rest_route=\/wp\/v2\/product\/17028","targetHints":{"allow":["GET"]}}],"collection":[{"href":"https:\/\/neelayurvedics.es\/index.php?rest_route=\/wp\/v2\/product"}],"about":[{"href":"https:\/\/neelayurvedics.es\/index.php?rest_route=\/wp\/v2\/types\/product"}],"replies":[{"embeddable":true,"href":"https:\/\/neelayurvedics.es\/index.php?rest_route=%2Fwp%2Fv2%2Fcomments&post=17028"}],"wp:featuredmedia":[{"embeddable":true,"href":"https:\/\/neelayurvedics.es\/index.php?rest_route=\/wp\/v2\/media\/17000"}],"wp:attachment":[{"href":"https:\/\/neelayurvedics.es\/index.php?rest_route=%2Fwp%2Fv2%2Fmedia&parent=17028"}],"wp:term":[{"taxonomy":"product_brand","embeddable":true,"href":"https:\/\/neelayurvedics.es\/index.php?rest_route=%2Fwp%2Fv2%2Fproduct_brand&post=17028"},{"taxonomy":"product_cat","embeddable":true,"href":"https:\/\/neelayurvedics.es\/index.php?rest_route=%2Fwp%2Fv2%2Fproduct_cat&post=17028"},{"taxonomy":"product_tag","embeddable":true,"href":"https:\/\/neelayurvedics.es\/index.php?rest_route=%2Fwp%2Fv2%2Fproduct_tag&post=17028"}],"curies":[{"name":"wp","href":"https:\/\/api.w.org\/{rel}","templated":true}]}}