{"id":17289,"date":"2025-10-06T11:06:11","date_gmt":"2025-10-06T11:06:11","guid":{"rendered":"https:\/\/neelayurvedics.es\/?post_type=product&#038;p=17289"},"modified":"2025-10-06T11:06:41","modified_gmt":"2025-10-06T11:06:41","slug":"neel-ayurvedics-mascarilla-facial-de-polvos-herbales","status":"publish","type":"product","link":"https:\/\/neelayurvedics.es\/?product=neel-ayurvedics-mascarilla-facial-de-polvos-herbales","title":{"rendered":"Neel Ayurvedics Mascarilla facial de polvos herbales"},"content":{"rendered":"<h3><strong>Neel Ayurvedics Mascarilla facial de polvos herbales<\/strong><\/h3>\n<h3><strong>Ingredientes Clave :-<\/strong><\/h3>\n<ul>\n<li>Neem, Multhi (Regaliz), Kasuri Haldi, Aloe Vera, Brahmi, Manjistha, Lodo Marino, Arcilla Bentonita, Amino\u00e1cidos (de Origen Vegetal), Niacinamida (Vitamina B3), \u00c1cido Salic\u00edlico (1%)<\/li>\n<\/ul>\n<h3><strong>Beneficios :-<\/strong><\/h3>\n<ol>\n<li>Control del acn\u00e9 y las espinillas: La combinaci\u00f3n de neem, kasturi haldi y otras hierbas act\u00faa eficazmente para combatir el acn\u00e9 y las espinillas, garantizando una piel m\u00e1s suave.<\/li>\n<li>Reducci\u00f3n de manchas oscuras y bronceado: Con ingredientes como regaliz y niacinamida, esta mascarilla facial ayuda a reducir las manchas oscuras, el bronceado y la pigmentaci\u00f3n, dejando la piel con un tono uniforme.<\/li>\n<li>Nutrici\u00f3n y reparaci\u00f3n de la piel: Rica en antioxidantes e ingredientes calmantes como aloe vera y brahmi, esta mascarilla facial proporciona una nutrici\u00f3n profunda y ayuda a reparar la piel da\u00f1ada.<\/li>\n<li>Desintoxicaci\u00f3n y control de la grasa: El lodo marino, la arcilla bentonita y otros ingredientes naturales ayudan a desintoxicar la piel, controlar el exceso de grasa y reducir el brillo, lo que la hace ideal para pieles grasas y mixtas.<\/li>\n<li>Rejuvenecimiento de la piel: Esta mascarilla facial tambi\u00e9n promueve una piel m\u00e1s sana y joven al repararla y nutrirla a nivel celular profundo.<\/li>\n<\/ol>\n<h3><strong>Modo de empleo :-<\/strong><\/h3>\n<ol>\n<li>Extracci\u00f3n del polvo: Extraiga 1 o 2 cucharaditas del polvo herbal del sobre.<\/li>\n<li>Preparaci\u00f3n de la pasta: A\u00f1ada unas gotas de agua o agua de rosas al polvo y mezcle hasta obtener una pasta suave.<\/li>\n<li>Aplicaci\u00f3n: Aplique la pasta suavemente sobre el rostro, asegur\u00e1ndose de que se cubra uniformemente.<\/li>\n<li>Dejar actuar: Deje actuar la mascarilla de 10 a 15 minutos y deje que se seque.<\/li>\n<li>Enjuague: Despu\u00e9s de 10 a 15 minutos, enjuague el rostro con agua, asegur\u00e1ndose de que la pasta se haya eliminado por completo.<\/li>\n<\/ol>\n<h3><strong>Almacenamiento :-<\/strong><\/h3>\n<ul>\n<li>Guarde la mascarilla en un lugar fresco y seco, alejado de la luz solar directa. Aseg\u00farese de que el sobre est\u00e9 bien cerrado y no utilice cucharas mojadas para manipular el polvo, ya que la humedad puede afectar la eficacia del producto.<\/li>\n<\/ul>\n<h3><strong>Precauci\u00f3n :-<\/strong><\/h3>\n<ul>\n<li>Este producto es solo para uso externo.<\/li>\n<li>Se recomienda realizar una prueba en una zona espec\u00edfica antes de usarlo, especialmente si tiene piel sensible o es propenso a alergias.<\/li>\n<li>Suspenda su uso inmediatamente si experimenta irritaci\u00f3n o molestias.<\/li>\n<li>Mant\u00e9ngase alejado de los ojos y las mucosas.<\/li>\n<\/ul>\n","protected":false},"excerpt":{"rendered":"<h3><strong>Neel Ayurvedics Mascarilla facial de polvos herbales :-<\/strong><\/h3>\n<p>Neel Ayurvedics presenta una mascarilla facial de polvos herbales naturales y vegetales que ofrece una mezcla de ingredientes ayurv\u00e9dicos tradicionales, espec\u00edficamente dise\u00f1ada para abordar problemas comunes de la piel, a la vez que proporciona nutrici\u00f3n y rejuvenecimiento. Esta mascarilla facial combina el poder de la naturaleza con la ciencia moderna del cuidado de la piel, lo que la convierte en la opci\u00f3n ideal para quienes buscan mejorar su rutina de cuidado facial con una soluci\u00f3n sin qu\u00edmicos.<\/p>\n","protected":false},"featured_media":17264,"comment_status":"open","ping_status":"closed","template":"","meta":[],"product_brand":[285],"product_cat":[249,200,252],"product_tag":[],"class_list":{"0":"post-17289","1":"product","2":"type-product","3":"status-publish","4":"has-post-thumbnail","6":"product_brand-neel-ayurvedics","7":"product_cat-neel-ayurvedics-polvos-herbales","8":"product_cat-marca","9":"product_cat-neel-ayurvedics","11":"first","12":"instock","13":"shipping-taxable","14":"purchasable","15":"product-type-simple"},"_links":{"self":[{"href":"https:\/\/neelayurvedics.es\/index.php?rest_route=\/wp\/v2\/product\/17289","targetHints":{"allow":["GET"]}}],"collection":[{"href":"https:\/\/neelayurvedics.es\/index.php?rest_route=\/wp\/v2\/product"}],"about":[{"href":"https:\/\/neelayurvedics.es\/index.php?rest_route=\/wp\/v2\/types\/product"}],"replies":[{"embeddable":true,"href":"https:\/\/neelayurvedics.es\/index.php?rest_route=%2Fwp%2Fv2%2Fcomments&post=17289"}],"wp:featuredmedia":[{"embeddable":true,"href":"https:\/\/neelayurvedics.es\/index.php?rest_route=\/wp\/v2\/media\/17264"}],"wp:attachment":[{"href":"https:\/\/neelayurvedics.es\/index.php?rest_route=%2Fwp%2Fv2%2Fmedia&parent=17289"}],"wp:term":[{"taxonomy":"product_brand","embeddable":true,"href":"https:\/\/neelayurvedics.es\/index.php?rest_route=%2Fwp%2Fv2%2Fproduct_brand&post=17289"},{"taxonomy":"product_cat","embeddable":true,"href":"https:\/\/neelayurvedics.es\/index.php?rest_route=%2Fwp%2Fv2%2Fproduct_cat&post=17289"},{"taxonomy":"product_tag","embeddable":true,"href":"https:\/\/neelayurvedics.es\/index.php?rest_route=%2Fwp%2Fv2%2Fproduct_tag&post=17289"}],"curies":[{"name":"wp","href":"https:\/\/api.w.org\/{rel}","templated":true}]}}