{"id":5888,"date":"2024-12-17T06:24:37","date_gmt":"2024-12-17T06:24:37","guid":{"rendered":"https:\/\/neelayurvedics.es\/?post_type=product&#038;p=5888"},"modified":"2025-03-29T08:19:43","modified_gmt":"2025-03-29T08:19:43","slug":"vaidyaratnam-ayaskrithi-450-ml","status":"publish","type":"product","link":"https:\/\/neelayurvedics.es\/?product=vaidyaratnam-ayaskrithi-450-ml","title":{"rendered":"Vaidyaratnam Ayaskrithi \u2013 450 ML"},"content":{"rendered":"<p><strong>Composici\u00f3n de Vaidyaratnam Ayaskrithi:<\/strong><\/p>\n<ul>\n<li><strong>Asanadigana<\/strong>: Una mezcla de hierbas espec\u00edficas que ayudan a promover la salud en general.<\/li>\n<li><strong>Gudam<\/strong>: Conocida por sus propiedades medicinales, especialmente en la digesti\u00f3n y desintoxicaci\u00f3n.<\/li>\n<li><strong>Madhu<\/strong>: Miel, utilizada en Ayurveda por sus propiedades curativas, antiinflamatorias y antimicrobianas.<\/li>\n<li><strong>Vatsakadi Gana<\/strong>: Un grupo de hierbas que son particularmente beneficiosas para la salud digestiva y condiciones relacionadas con la inflamaci\u00f3n y el metabolismo.<\/li>\n<li><strong>Lohapatra<\/strong>: Componentes ricos en hierro que se utilizan para mejorar la salud sangu\u00ednea y tratar la anemia.<\/li>\n<\/ul>\n<p><strong>Beneficios de Vaidyaratnam Ayaskrithi:<\/strong><\/p>\n<ul>\n<li><strong>Diabetes<\/strong>: Ayuda a controlar los niveles de az\u00facar en la sangre y mejora la sensibilidad a la insulina.<\/li>\n<li><strong>Hemorrroides<\/strong>: Proporciona alivio de los s\u00edntomas como dolor, hinchaz\u00f3n y sangrado asociados con las hemorroides.<\/li>\n<li><strong>Vitiligo<\/strong>: Puede ser \u00fatil para tratar esta condici\u00f3n de la piel, mejorando la pigmentaci\u00f3n.<\/li>\n<li><strong>Obesidad<\/strong>: Ayuda en la gesti\u00f3n del peso y la reducci\u00f3n de grasa, contribuyendo a un peso corporal m\u00e1s saludable.<\/li>\n<li><strong>Helmintiasis<\/strong>: Eficaz en el tratamiento de infecciones parasitarias al eliminar los gusanos intestinales.<\/li>\n<li><strong>Anemia<\/strong>: Apoya la producci\u00f3n de gl\u00f3bulos rojos y mejora los niveles de hemoglobina debido a su contenido de hierro.<\/li>\n<\/ul>\n<p><strong>Dosis de Vaidyaratnam Ayaskrithi:<\/strong><\/p>\n<ul>\n<li><strong>15 a 30 ml<\/strong> dos veces al d\u00eda, idealmente despu\u00e9s de las comidas, o seg\u00fan lo prescrito por un m\u00e9dico.<\/li>\n<\/ul>\n<p>Es recomendable consultar a un profesional de la salud antes de utilizar cualquier formulaci\u00f3n ayurv\u00e9dica, especialmente si se tienen condiciones preexistentes o se est\u00e1 tomando otro medicamento.<\/p>\n","protected":false},"excerpt":{"rendered":"<p>Composici\u00f3n de Vaidyaratnam Ayaskrithi: Asanadigana: Una mezcla de hierbas espec\u00edficas que ayudan a promover la salud en general. Gudam: Conocida por sus propiedades medicinales, especialmente en la digesti\u00f3n y desintoxicaci\u00f3n. Madhu: Miel, utilizada en Ayurveda por sus propiedades curativas, antiinflamatorias y antimicrobianas. Vatsakadi Gana: Un grupo de hierbas que son particularmente beneficiosas para la salud [&hellip;]<\/p>\n","protected":false},"featured_media":5889,"comment_status":"open","ping_status":"closed","template":"","meta":[],"product_brand":[],"product_cat":[200,195,247],"product_tag":[],"class_list":{"0":"post-5888","1":"product","2":"type-product","3":"status-publish","4":"has-post-thumbnail","6":"product_cat-marca","7":"product_cat-productos-ayurvedicos","8":"product_cat-vaidyaratnam","10":"first","11":"instock","12":"shipping-taxable","13":"purchasable","14":"product-type-simple"},"_links":{"self":[{"href":"https:\/\/neelayurvedics.es\/index.php?rest_route=\/wp\/v2\/product\/5888","targetHints":{"allow":["GET"]}}],"collection":[{"href":"https:\/\/neelayurvedics.es\/index.php?rest_route=\/wp\/v2\/product"}],"about":[{"href":"https:\/\/neelayurvedics.es\/index.php?rest_route=\/wp\/v2\/types\/product"}],"replies":[{"embeddable":true,"href":"https:\/\/neelayurvedics.es\/index.php?rest_route=%2Fwp%2Fv2%2Fcomments&post=5888"}],"wp:featuredmedia":[{"embeddable":true,"href":"https:\/\/neelayurvedics.es\/index.php?rest_route=\/wp\/v2\/media\/5889"}],"wp:attachment":[{"href":"https:\/\/neelayurvedics.es\/index.php?rest_route=%2Fwp%2Fv2%2Fmedia&parent=5888"}],"wp:term":[{"taxonomy":"product_brand","embeddable":true,"href":"https:\/\/neelayurvedics.es\/index.php?rest_route=%2Fwp%2Fv2%2Fproduct_brand&post=5888"},{"taxonomy":"product_cat","embeddable":true,"href":"https:\/\/neelayurvedics.es\/index.php?rest_route=%2Fwp%2Fv2%2Fproduct_cat&post=5888"},{"taxonomy":"product_tag","embeddable":true,"href":"https:\/\/neelayurvedics.es\/index.php?rest_route=%2Fwp%2Fv2%2Fproduct_tag&post=5888"}],"curies":[{"name":"wp","href":"https:\/\/api.w.org\/{rel}","templated":true}]}}