{"id":5898,"date":"2024-12-17T07:16:36","date_gmt":"2024-12-17T07:16:36","guid":{"rendered":"https:\/\/neelayurvedics.es\/?post_type=product&#038;p=5898"},"modified":"2025-03-29T09:52:27","modified_gmt":"2025-03-29T09:52:27","slug":"vaidyaratnam-amalakarishtam-450-ml","status":"publish","type":"product","link":"https:\/\/neelayurvedics.es\/?product=vaidyaratnam-amalakarishtam-450-ml","title":{"rendered":"Vaidyaratnam Amalakarishtam &#8211; 450 ML"},"content":{"rendered":"<h3>Composici\u00f3n de Vaidyaratnam Amalakarishtam:<\/h3>\n<ul>\n<li>Amalaki<\/li>\n<li>Gudoochi<\/li>\n<li>Katuki<\/li>\n<li>Soledad<\/li>\n<li>Aragwatha<\/li>\n<li>Abhaya<\/li>\n<li>Draksha<\/li>\n<li>Trivrit<\/li>\n<li>Suvarnapatra<\/li>\n<li>guada<\/li>\n<li>Uvas<\/li>\n<li>Giloy<\/li>\n<li>Jengibre<\/li>\n<li>Az\u00facar de palmera<\/li>\n<li>Turpeth<\/li>\n<li>Haritaki<\/li>\n<li>Senna se va<\/li>\n<li>Aragvadha<\/li>\n<\/ul>\n<h3>Beneficios de Vaidyaratnam Amalakarishtam:<\/h3>\n<ul>\n<li>Eficaz en el tratamiento del estre\u00f1imiento, especialmente en ni\u00f1os.<\/li>\n<li>Se utiliza para obtener cierto alivio de los problemas de salud relacionados con el est\u00f3mago.<\/li>\n<li>Tambi\u00e9n se considera un laxante moderado.<\/li>\n<li>Enfermedades de la piel.<\/li>\n<\/ul>\n<h3>Dosis de Vaidyaratnam Amalakarishtam:<\/h3>\n<ul>\n<li>Para ni\u00f1os, 15 a 20 ml dos veces al d\u00eda despu\u00e9s de las comidas.<\/li>\n<li>Hasta 60 ml para adultos.<\/li>\n<li>Seg\u00fan prescripci\u00f3n m\u00e9dica.<\/li>\n<\/ul>\n","protected":false},"excerpt":{"rendered":"<p>Vaidyaratnam Amalakarishtam ofrece alivio del estre\u00f1imiento y otras molestias gastrointestinales, promoviendo la facilidad digestiva y una funci\u00f3n intestinal armoniosa.<\/p>\n<p>Esta f\u00f3rmula puede ayudar a abordar diversos problemas relacionados con la piel, ofreciendo un alivio potencial de problemas dermatol\u00f3gicos y promoviendo la salud de la piel.<\/p>\n<p>Vaidyaratnam Amalakarishtam contribuye a la preservaci\u00f3n de la salud y el bienestar general, fomentando el bienestar hol\u00edstico y fomentando la vitalidad y el equilibrio.<\/p>\n","protected":false},"featured_media":5899,"comment_status":"open","ping_status":"closed","template":"","meta":[],"product_brand":[],"product_cat":[200,195,247],"product_tag":[],"class_list":{"0":"post-5898","1":"product","2":"type-product","3":"status-publish","4":"has-post-thumbnail","6":"product_cat-marca","7":"product_cat-productos-ayurvedicos","8":"product_cat-vaidyaratnam","10":"first","11":"instock","12":"shipping-taxable","13":"purchasable","14":"product-type-simple"},"_links":{"self":[{"href":"https:\/\/neelayurvedics.es\/index.php?rest_route=\/wp\/v2\/product\/5898","targetHints":{"allow":["GET"]}}],"collection":[{"href":"https:\/\/neelayurvedics.es\/index.php?rest_route=\/wp\/v2\/product"}],"about":[{"href":"https:\/\/neelayurvedics.es\/index.php?rest_route=\/wp\/v2\/types\/product"}],"replies":[{"embeddable":true,"href":"https:\/\/neelayurvedics.es\/index.php?rest_route=%2Fwp%2Fv2%2Fcomments&post=5898"}],"wp:featuredmedia":[{"embeddable":true,"href":"https:\/\/neelayurvedics.es\/index.php?rest_route=\/wp\/v2\/media\/5899"}],"wp:attachment":[{"href":"https:\/\/neelayurvedics.es\/index.php?rest_route=%2Fwp%2Fv2%2Fmedia&parent=5898"}],"wp:term":[{"taxonomy":"product_brand","embeddable":true,"href":"https:\/\/neelayurvedics.es\/index.php?rest_route=%2Fwp%2Fv2%2Fproduct_brand&post=5898"},{"taxonomy":"product_cat","embeddable":true,"href":"https:\/\/neelayurvedics.es\/index.php?rest_route=%2Fwp%2Fv2%2Fproduct_cat&post=5898"},{"taxonomy":"product_tag","embeddable":true,"href":"https:\/\/neelayurvedics.es\/index.php?rest_route=%2Fwp%2Fv2%2Fproduct_tag&post=5898"}],"curies":[{"name":"wp","href":"https:\/\/api.w.org\/{rel}","templated":true}]}}